{"id":116834,"date":"2023-06-28T13:19:21","date_gmt":"2023-06-28T13:19:21","guid":{"rendered":"https:\/\/cultiusponc.com\/politica-sulla-riservatezza\/"},"modified":"2023-06-28T13:23:33","modified_gmt":"2023-06-28T13:23:33","slug":"politica-sulla-riservatezza","status":"publish","type":"page","link":"https:\/\/cultiusponc.com\/it\/politica-sulla-riservatezza\/","title":{"rendered":"Politica sulla riservatezza"},"content":{"rendered":"<div class=\"wpb-content-wrapper\">[vc_row row_height_percent=&#8221;0&#8243; override_padding=&#8221;yes&#8221; h_padding=&#8221;2&#8243; top_padding=&#8221;7&#8243; bottom_padding=&#8221;2&#8243; overlay_alpha=&#8221;50&#8243; gutter_size=&#8221;3&#8243; column_width_percent=&#8221;100&#8243; shift_y=&#8221;0&#8243; z_index=&#8221;0&#8243; uncode_shortcode_id=&#8221;625302&#8243;][vc_column][vc_empty_space empty_h=&#8221;2&#8243;][vc_custom_heading auto_text=&#8221;yes&#8221; text_size=&#8221;h3&#8243; uncode_shortcode_id=&#8221;536202&#8243;]This is a custom heading element.<\/p>\r\n<p>[\/vc_custom_heading][vc_column_text]<\/p>\r\n&#13;\r\n<p class=\"Standard\">La utilitzaci\u00f3 d&#8217;aquesta web i dels seus formularis requereix l&#8217;acceptaci\u00f3 del tractament de les dades de l&#8217;usuari d&#8217;acord amb aquesta pol\u00edtica de privacitat, incloent la recopilaci\u00f3 de dades d&#8217;acc\u00e9s i l&#8217;enviament d&#8217;informaci\u00f3 comercial per via electr\u00f2nica.<\/p>&#13;\r\n<h3 class=\"wp-block-heading\">Responsable del tractament de les dades i informaci\u00f3 de contacte<\/h3>&#13;\r\n<p class=\"Standard\">El responsable \u00e9s: CULTIUS PON\u00c7, S.L.<\/p>&#13;\r\n<p class=\"Standard\">Adre\u00e7a: (C-35) KM. 64,1 CTRA. HOSTALRIC &#8211; SANT CELONI 08470 SANT CELONI<\/p>&#13;\r\n<p class=\"Standard\">Dades de contacte del responsable: 972 160 475 \u00a0\u00a0\u00a0<span id=\"cloak3247b34aa966c94a83985ed456c56bba\"><a href=\"mailto:ponc@cultiusponc.com\">ponc@cultiusponc.com<\/a><\/span><\/p>&#13;\r\n<h3>Finalitat del tractament de les dades<\/h3>&#13;\r\n<p class=\"Standard\">Les dades es tracten amb l&#8217;objectiu de proporcionar acc\u00e9s als continguts en l\u00ednia de la web aix\u00ed com atendre les sol\u00b7licituds dels usuaris del web, portar un registre de visites (adreces IP, dades del navegador, pa\u00eds, p\u00e0gina accedida, etc.) a efectes estad\u00edstics, aplicar mesures encaminades a la seguretat de la web, i en el seu cas l&#8217;enviament d&#8217;informaci\u00f3 comercial sobre els nostres productes i serveis per via electr\u00f2nica.<\/p>&#13;\r\n<p class=\"Standard\">En cas d&#8217;emplenar algun dels formularis ser\u00e0 necessari facilitar determinades dades personals, les quals es tractaran per a la finalitat per a la qual es sol\u00b7liciten.<\/p>&#13;\r\n<h3>Legitimaci\u00f3<\/h3>&#13;\r\n<p class=\"Standard\">Les dades es tracten sobre la base del consentiment de l&#8217;usuari, compliment d&#8217;obligacions legals i, al seu cas ,execuci\u00f3 d&#8217;un contracte o pre-contracte.<\/p>&#13;\r\n<h3>Destinataris i transfer\u00e8ncies<\/h3>&#13;\r\n<p class=\"Standard\">Destinataris: CULTIUS PON\u00c7, S.L., i empreses del grup relacionades: AT MAZA, S.L.<\/p>&#13;\r\n<p class=\"Standard\">No es preveu la transfer\u00e8ncia internacional (fora de l&#8217;Espai Econ\u00f2mic Europeu), excepte amb fins d&#8217;emmagatzematge, i en tot cas sobre la base de l&#8217;exist\u00e8ncia d&#8217;una decisi\u00f3 d&#8217;adequaci\u00f3 o d&#8217;acord amb la exist\u00e8ncia de garanties adequades.<\/p>&#13;\r\n<h3>Termini de conservaci\u00f3 de les dades<\/h3>&#13;\r\n<p class=\"Standard\">Almenys durant els terminis establerts per la legislaci\u00f3 aplicable i en tot cas mentre es mantingui la vig\u00e8ncia del consentiment<\/p>&#13;\r\n<h3>Drets de les persones<\/h3>&#13;\r\n<p class=\"Standard\">Els afectats tenen dret a: accedir, rectificar i suprimir les seves dades; sol\u00b7licitar la portabilitat de les seves dades; oposar-se al tractament o sol\u00b7licitar la seva limitaci\u00f3; retirar el consentiment prestat, si \u00e9s el cas.<\/p>&#13;\r\n<p class=\"Standard\">Per aquest fi poden enviar la seva sol\u00b7licitud per escrit o correu electr\u00f2nic a l&#8217;adre\u00e7a del responsable, incloent la refer\u00e8ncia &#8220;Protecci\u00f3 de dades&#8221;.<\/p>&#13;\r\n<p class=\"Standard\">Per facilitar la identificaci\u00f3, recomanem que el titular de les dades adjunti a la sol\u00b7licitud la c\u00f2pia del DNI\/passaport.<\/p>&#13;\r\n<p class=\"Standard\">Els afectats tamb\u00e9 poden realitzar una reclamaci\u00f3 davant l&#8217;Autoritat de Control de protecci\u00f3 de dades.<\/p>&#13;\r\n<h3>Veracitat i actualitzaci\u00f3 de les dades<\/h3>&#13;\r\n<p class=\"Standard\">L&#8217;usuari ha d&#8217;emplenar els formularis amb dades reals, exactes, completes i actuals. L&#8217;usuari no introduir\u00e0 dades corresponents a una altra persona; entendr\u00e0 que les dades han estat facilitades pel els seus titulars. L&#8217;usuari ser\u00e0 l&#8217;\u00fanic responsable de qualsevol perjudici, directe o indirecte, que pogu\u00e9s ocasionar a qualsevol persona a causa de l&#8217;emplenament del formulari amb dades falses, inexactes, incompletes, no actualitzades o relatives a una altra persona.<\/p>&#13;\r\n<p class=\"Standard\">L&#8217;usuari haur\u00e0 de comunicar qualsevol modificaci\u00f3 en les dades proporcionades amb la finalitat de mantenir les seves dades degudament actualitzades.<\/p>&#13;\r\n<h3>Seguretat de la informaci\u00f3<\/h3>&#13;\r\n<p class=\"Standard\">ha pres totes les mesures legalment requerides per a la protecci\u00f3 de dades personals; aix\u00ed mateix, ha adoptat tots els dispositius t\u00e8cnics al seu abast per evitar la p\u00e8rdua, el mal \u00fas, l&#8217;alteraci\u00f3, l&#8217;acc\u00e9s o el robatori de les dades personals facilitades pels usuaris de la web. L&#8217;usuari tindr\u00e0 en compte, no obstant aix\u00f2, que les mesures de seguretat a Internet no s\u00f3n absolutament inviolables.<\/p>&#13;\r\n<h3>Menors d&#8217;edat<\/h3>&#13;\r\n<p class=\"Standard\">prohibeix l&#8217;\u00fas dels seus serveis web als usuaris menors de catorze anys, excepte consentiment expr\u00e9s dels seus pares o tutors.<\/p>&#13;\r\n<p class=\"Standard\">En cap cas el menor podr\u00e0 facilitar dades a que permetin obtenir informaci\u00f3 sobre els membres del grup familiar, o sobre les caracter\u00edstiques del mateix, tal i com dades relatives a l&#8217;activitat professional dels progenitors, informaci\u00f3 econ\u00f2mica, dades sociol\u00f2giques o qualsevol altre, sense el consentiment del titular de tals dades.<\/p>&#13;\r\n<h3>Anal\u00edtiques Web<\/h3>&#13;\r\n<p class=\"Standard\">Aquesta web utilitza diverses anal\u00edtiques per con\u00e8ixer la manera en qu\u00e8 \u00e9s buscada, accedida i utilitzada pel p\u00fablic. Aquestes anal\u00edtiques poden implicar la recopilaci\u00f3 de dades de car\u00e0cter personal com per exemple l&#8217;adre\u00e7a IP, la localitzaci\u00f3 de la connexi\u00f3, la informaci\u00f3 sobre el software o hardware de navegaci\u00f3. Aquesta informaci\u00f3 no s&#8217;associa als usuaris i s&#8217;utilitza amb la finalitat exclusiva d&#8217;obtenir dades estad\u00edstiques sobre l&#8217;\u00fas de la web de l&#8217;empresa.<\/p>&#13;\r\n<h3>Utilitzaci\u00f3 de funcions i complements de tercers<\/h3>&#13;\r\n<p class=\"Standard\">Aquesta web pot incorporar funcions i complements proporcionats per tercers per a diverses finalitats, com per exemple: anal\u00edtiques web de tercers; mapes de tercers; v\u00eddeos de tercers; compartici\u00f3 a xarxes socials; etc.<\/p>&#13;\r\n<p class=\"Standard\">Una funci\u00f3 o complement d&#8217;un tercer estableix una connexi\u00f3 directa entre el navegador de l&#8217;usuari i els dominis d&#8217;Internet controlats pel tercer, permetent la desc\u00e0rrega i execuci\u00f3 de la funci\u00f3.<\/p>&#13;\r\n<p class=\"Standard\">Aix\u00ed la majoria de complements de tercers recopilen qu\u00e8 p\u00e0gines visiten els usuaris per con\u00e8ixer els seus interessos i poder oferir posteriorment publicitat adaptada als mateixos.<\/p>&#13;\r\n<h3>Utilitzaci\u00f3 de la funci\u00f3 Google Analytics proporcionadaper Google, Inc.<\/h3>&#13;\r\n<p class=\"Standard\">Aquesta web integra funcions anal\u00edtiques de Google Inc (1600 AMPHITHEATRE PARKWAY, MOUNTAIN VIEW, CALIF\u00d2RNIA, USA) per con\u00e8ixer la manera en qu\u00e8 \u00e9s buscada, accedida i utilitzada pels usuaris. Per a aix\u00f2, en usar aquesta web el navegador de l&#8217;usuari estableix una connexi\u00f3 directa amb els servidors del domini d&#8217;Internet google.com i altres dominis de Google. Aix\u00f2 permet a Google registrar l&#8217;activitat de l&#8217;usuari aix\u00ed com informaci\u00f3 relativa a la seva adre\u00e7a IP. Google Analytics fa \u00fas de cookies persistents per elaborar estad\u00edstiques an\u00f2nimes sobre l&#8217;\u00fas d&#8217;aquesta web, conforme a la seg\u00fcent pol\u00edtica de privacitat: <a href=\"https:\/\/www.google.com\/analytics\/learn\/privacy.html?hl=ca.\">https:\/\/www.google.com\/analytics\/learn\/privacy.html?hl=ca.<\/a> En utilitzar aquesta web l&#8217;usuari d\u00f3na el consentiment per al tractament de les seves dades a Google per a les finalitats indicades.<\/p>&#13;\r\n<h3>Utilitzaci\u00f3 de funcions proporcionades per Google, Inc.<\/h3>&#13;\r\n<p class=\"Standard\">Aquesta web integra funcions de Google Inc (1600 AMPHITHEATRE PARKWAY, MOUNTAIN VIEW, CALIF\u00d2RNIA, USA) com per exemple v\u00eddeos de Youtube, mapes i botons &#8220;+1&#8221;. Per aquesta ra\u00f3 en utilitzar la web el navegador de l&#8217;usuari estableix una connexi\u00f3 directa amb els servidors del domini d&#8217;Internet google.com i altres dominis de Google. Aix\u00f2 permet a Google con\u00e8ixer que l&#8217;usuari ha visitat la web des de la seva adre\u00e7a IP. Google fa \u00fas de cookies persistents, emmagatzematge local i emmagatzematge local de Flaix en el dispositiu de l&#8217;usuari, per a diverses finalitats incloent la recopilaci\u00f3 de l&#8217;activitat de l&#8217;usuari en Internet per oferir-li publicitat adaptada als seus interessos, conforme a les seves pol\u00edtiques de privacitat: <a href=\"http:\/\/www.google.es\/intl\/es\/policies\/privacy\/\">http:\/\/www.google.es\/intl\/es\/policies\/privacy\/.<\/a> En utilitzar aquesta web l&#8217;usuari d\u00f3na el consentiment per al tractament de les seves dades a Google per a les finalitats indicades.<\/p>&#13;\r\n<p><\/p><p>[\/vc_column_text][\/vc_column][\/vc_row]<\/p>\r\n<\/div>","protected":false},"excerpt":{"rendered":"<p>[vc_row row_height_percent=&#8221;0&#8243; override_padding=&#8221;yes&#8221; h_padding=&#8221;2&#8243; top_padding=&#8221;7&#8243; bottom_padding=&#8221;2&#8243; overlay_alpha=&#8221;50&#8243; gutter_size=&#8221;3&#8243; column_width_percent=&#8221;100&#8243; shift_y=&#8221;0&#8243; z_index=&#8221;0&#8243; uncode_shortcode_id=&#8221;625302&#8243;][vc_column][vc_empty_space empty_h=&#8221;2&#8243;][vc_custom_heading auto_text=&#8221;yes&#8221; text_size=&#8221;h3&#8243; uncode_shortcode_id=&#8221;536202&#8243;]This is a custom heading [&hellip;]<\/p>\n","protected":false},"author":1,"featured_media":0,"parent":0,"menu_order":0,"comment_status":"closed","ping_status":"closed","template":"","meta":{"footnotes":""},"class_list":["post-116834","page","type-page","status-publish","hentry"],"yoast_head":"<!-- This site is optimized with the Yoast SEO plugin v27.3 - https:\/\/yoast.com\/product\/yoast-seo-wordpress\/ -->\n<title>Politica sulla riservatezza | Cultius Pon\u00e7<\/title>\n<meta name=\"robots\" content=\"index, follow, max-snippet:-1, max-image-preview:large, max-video-preview:-1\" \/>\n<link rel=\"canonical\" href=\"https:\/\/cultiusponc.com\/it\/politica-sulla-riservatezza\/\" \/>\n<meta property=\"og:locale\" content=\"it_IT\" \/>\n<meta property=\"og:type\" content=\"article\" \/>\n<meta property=\"og:title\" content=\"Politica sulla riservatezza | Cultius Pon\u00e7\" \/>\n<meta property=\"og:description\" content=\"[vc_row row_height_percent=&#8221;0&#8243; override_padding=&#8221;yes&#8221; h_padding=&#8221;2&#8243; top_padding=&#8221;7&#8243; bottom_padding=&#8221;2&#8243; overlay_alpha=&#8221;50&#8243; gutter_size=&#8221;3&#8243; column_width_percent=&#8221;100&#8243; shift_y=&#8221;0&#8243; z_index=&#8221;0&#8243; uncode_shortcode_id=&#8221;625302&#8243;][vc_column][vc_empty_space empty_h=&#8221;2&#8243;][vc_custom_heading auto_text=&#8221;yes&#8221; text_size=&#8221;h3&#8243; uncode_shortcode_id=&#8221;536202&#8243;]This is a custom heading [&hellip;]\" \/>\n<meta property=\"og:url\" content=\"https:\/\/cultiusponc.com\/it\/politica-sulla-riservatezza\/\" \/>\n<meta property=\"og:site_name\" content=\"Cultius Pon\u00e7\" \/>\n<meta property=\"article:modified_time\" content=\"2023-06-28T13:23:33+00:00\" \/>\n<meta name=\"twitter:card\" content=\"summary_large_image\" \/>\n<meta name=\"twitter:label1\" content=\"Tempo di lettura stimato\" \/>\n\t<meta name=\"twitter:data1\" content=\"7 minuti\" \/>\n<script type=\"application\/ld+json\" class=\"yoast-schema-graph\">{\"@context\":\"https:\\\/\\\/schema.org\",\"@graph\":[{\"@type\":\"WebPage\",\"@id\":\"https:\\\/\\\/cultiusponc.com\\\/it\\\/politica-sulla-riservatezza\\\/\",\"url\":\"https:\\\/\\\/cultiusponc.com\\\/it\\\/politica-sulla-riservatezza\\\/\",\"name\":\"Politica sulla riservatezza | Cultius Pon\u00e7\",\"isPartOf\":{\"@id\":\"https:\\\/\\\/cultiusponc.com\\\/it\\\/#website\"},\"datePublished\":\"2023-06-28T13:19:21+00:00\",\"dateModified\":\"2023-06-28T13:23:33+00:00\",\"breadcrumb\":{\"@id\":\"https:\\\/\\\/cultiusponc.com\\\/it\\\/politica-sulla-riservatezza\\\/#breadcrumb\"},\"inLanguage\":\"it-IT\",\"potentialAction\":[{\"@type\":\"ReadAction\",\"target\":[\"https:\\\/\\\/cultiusponc.com\\\/it\\\/politica-sulla-riservatezza\\\/\"]}]},{\"@type\":\"BreadcrumbList\",\"@id\":\"https:\\\/\\\/cultiusponc.com\\\/it\\\/politica-sulla-riservatezza\\\/#breadcrumb\",\"itemListElement\":[{\"@type\":\"ListItem\",\"position\":1,\"name\":\"Inici\",\"item\":\"https:\\\/\\\/cultiusponc.com\\\/it\\\/\"},{\"@type\":\"ListItem\",\"position\":2,\"name\":\"Politica sulla riservatezza\"}]},{\"@type\":\"WebSite\",\"@id\":\"https:\\\/\\\/cultiusponc.com\\\/it\\\/#website\",\"url\":\"https:\\\/\\\/cultiusponc.com\\\/it\\\/\",\"name\":\"Cultius Pon\u00e7\",\"description\":\"Garden i vivers | Exemplars, palmeres, oliveres i accessoris per a jardins\",\"publisher\":{\"@id\":\"https:\\\/\\\/cultiusponc.com\\\/it\\\/#organization\"},\"potentialAction\":[{\"@type\":\"SearchAction\",\"target\":{\"@type\":\"EntryPoint\",\"urlTemplate\":\"https:\\\/\\\/cultiusponc.com\\\/it\\\/?s={search_term_string}\"},\"query-input\":{\"@type\":\"PropertyValueSpecification\",\"valueRequired\":true,\"valueName\":\"search_term_string\"}}],\"inLanguage\":\"it-IT\"},{\"@type\":\"Organization\",\"@id\":\"https:\\\/\\\/cultiusponc.com\\\/it\\\/#organization\",\"name\":\"Cultius Pon\u00e7\",\"url\":\"https:\\\/\\\/cultiusponc.com\\\/it\\\/\",\"logo\":{\"@type\":\"ImageObject\",\"inLanguage\":\"it-IT\",\"@id\":\"https:\\\/\\\/cultiusponc.com\\\/it\\\/#\\\/schema\\\/logo\\\/image\\\/\",\"url\":\"https:\\\/\\\/cultiusponc.com\\\/wp-content\\\/uploads\\\/2022\\\/11\\\/Logo-cultius-ponc.svg\",\"contentUrl\":\"https:\\\/\\\/cultiusponc.com\\\/wp-content\\\/uploads\\\/2022\\\/11\\\/Logo-cultius-ponc.svg\",\"width\":1,\"height\":1,\"caption\":\"Cultius Pon\u00e7\"},\"image\":{\"@id\":\"https:\\\/\\\/cultiusponc.com\\\/it\\\/#\\\/schema\\\/logo\\\/image\\\/\"},\"sameAs\":[\"https:\\\/\\\/www.instagram.com\\\/cultius_ponc\\\/\",\"https:\\\/\\\/cultiusponc.com\"]}]}<\/script>\n<!-- \/ Yoast SEO plugin. -->","yoast_head_json":{"title":"Politica sulla riservatezza | Cultius Pon\u00e7","robots":{"index":"index","follow":"follow","max-snippet":"max-snippet:-1","max-image-preview":"max-image-preview:large","max-video-preview":"max-video-preview:-1"},"canonical":"https:\/\/cultiusponc.com\/it\/politica-sulla-riservatezza\/","og_locale":"it_IT","og_type":"article","og_title":"Politica sulla riservatezza | Cultius Pon\u00e7","og_description":"[vc_row row_height_percent=&#8221;0&#8243; override_padding=&#8221;yes&#8221; h_padding=&#8221;2&#8243; top_padding=&#8221;7&#8243; bottom_padding=&#8221;2&#8243; overlay_alpha=&#8221;50&#8243; gutter_size=&#8221;3&#8243; column_width_percent=&#8221;100&#8243; shift_y=&#8221;0&#8243; z_index=&#8221;0&#8243; uncode_shortcode_id=&#8221;625302&#8243;][vc_column][vc_empty_space empty_h=&#8221;2&#8243;][vc_custom_heading auto_text=&#8221;yes&#8221; text_size=&#8221;h3&#8243; uncode_shortcode_id=&#8221;536202&#8243;]This is a custom heading [&hellip;]","og_url":"https:\/\/cultiusponc.com\/it\/politica-sulla-riservatezza\/","og_site_name":"Cultius Pon\u00e7","article_modified_time":"2023-06-28T13:23:33+00:00","twitter_card":"summary_large_image","twitter_misc":{"Tempo di lettura stimato":"7 minuti"},"schema":{"@context":"https:\/\/schema.org","@graph":[{"@type":"WebPage","@id":"https:\/\/cultiusponc.com\/it\/politica-sulla-riservatezza\/","url":"https:\/\/cultiusponc.com\/it\/politica-sulla-riservatezza\/","name":"Politica sulla riservatezza | Cultius Pon\u00e7","isPartOf":{"@id":"https:\/\/cultiusponc.com\/it\/#website"},"datePublished":"2023-06-28T13:19:21+00:00","dateModified":"2023-06-28T13:23:33+00:00","breadcrumb":{"@id":"https:\/\/cultiusponc.com\/it\/politica-sulla-riservatezza\/#breadcrumb"},"inLanguage":"it-IT","potentialAction":[{"@type":"ReadAction","target":["https:\/\/cultiusponc.com\/it\/politica-sulla-riservatezza\/"]}]},{"@type":"BreadcrumbList","@id":"https:\/\/cultiusponc.com\/it\/politica-sulla-riservatezza\/#breadcrumb","itemListElement":[{"@type":"ListItem","position":1,"name":"Inici","item":"https:\/\/cultiusponc.com\/it\/"},{"@type":"ListItem","position":2,"name":"Politica sulla riservatezza"}]},{"@type":"WebSite","@id":"https:\/\/cultiusponc.com\/it\/#website","url":"https:\/\/cultiusponc.com\/it\/","name":"Cultius Pon\u00e7","description":"Garden i vivers | Exemplars, palmeres, oliveres i accessoris per a jardins","publisher":{"@id":"https:\/\/cultiusponc.com\/it\/#organization"},"potentialAction":[{"@type":"SearchAction","target":{"@type":"EntryPoint","urlTemplate":"https:\/\/cultiusponc.com\/it\/?s={search_term_string}"},"query-input":{"@type":"PropertyValueSpecification","valueRequired":true,"valueName":"search_term_string"}}],"inLanguage":"it-IT"},{"@type":"Organization","@id":"https:\/\/cultiusponc.com\/it\/#organization","name":"Cultius Pon\u00e7","url":"https:\/\/cultiusponc.com\/it\/","logo":{"@type":"ImageObject","inLanguage":"it-IT","@id":"https:\/\/cultiusponc.com\/it\/#\/schema\/logo\/image\/","url":"https:\/\/cultiusponc.com\/wp-content\/uploads\/2022\/11\/Logo-cultius-ponc.svg","contentUrl":"https:\/\/cultiusponc.com\/wp-content\/uploads\/2022\/11\/Logo-cultius-ponc.svg","width":1,"height":1,"caption":"Cultius Pon\u00e7"},"image":{"@id":"https:\/\/cultiusponc.com\/it\/#\/schema\/logo\/image\/"},"sameAs":["https:\/\/www.instagram.com\/cultius_ponc\/","https:\/\/cultiusponc.com"]}]}},"_links":{"self":[{"href":"https:\/\/cultiusponc.com\/it\/wp-json\/wp\/v2\/pages\/116834","targetHints":{"allow":["GET"]}}],"collection":[{"href":"https:\/\/cultiusponc.com\/it\/wp-json\/wp\/v2\/pages"}],"about":[{"href":"https:\/\/cultiusponc.com\/it\/wp-json\/wp\/v2\/types\/page"}],"author":[{"embeddable":true,"href":"https:\/\/cultiusponc.com\/it\/wp-json\/wp\/v2\/users\/1"}],"replies":[{"embeddable":true,"href":"https:\/\/cultiusponc.com\/it\/wp-json\/wp\/v2\/comments?post=116834"}],"version-history":[{"count":0,"href":"https:\/\/cultiusponc.com\/it\/wp-json\/wp\/v2\/pages\/116834\/revisions"}],"wp:attachment":[{"href":"https:\/\/cultiusponc.com\/it\/wp-json\/wp\/v2\/media?parent=116834"}],"curies":[{"name":"wp","href":"https:\/\/api.w.org\/{rel}","templated":true}]}}