{"id":119194,"date":"2023-07-24T15:45:42","date_gmt":"2023-07-24T15:45:46","guid":{"rendered":"https:\/\/cultiusponc.com\/?post_type=product&#038;p=119194"},"modified":"2023-07-24T16:25:20","modified_gmt":"2023-07-24T16:25:20","slug":"olea-europaea-plateau-110l","status":"publish","type":"product","link":"https:\/\/cultiusponc.com\/fr\/producto\/olea-europaea-plateau-110l\/","title":{"rendered":"Olea europaea en plateau 110L"},"content":{"rendered":"<p style=\"text-align: justify;\"><span style=\"text-decoration: underline;\"><span style=\"font-size: 14pt; line-height: 115%; font-family: 'Times New Roman','serif';\">L\u2019OLEA EUROPEA<\/span><\/span><span style=\"font-size: 12pt; line-height: 115%; font-family: 'Times New Roman','serif';\">que nous connaissons sous le nom d\u2019olivier appartient \u00e0 la famille des Oleaceae et son origine est m\u00e9diterran\u00e9enne. Son nom provient de\u00a0\u2018\u2019oleum\u2019\u2019qui signifie huile.C\u2019est un arbre embl\u00e9matique de la culture m\u00e9diterran\u00e9enne-sa production est tr\u00e8s \u00e9tendue en Espagne et tr\u00e8s appr\u00e9ci\u00e9e pour ses fruits \u2018\u2019les olives\u2019\u2019 et la qualit\u00e9 de l\u2019huile qu\u2019on n\u2019en obtient .<\/span><\/p>\n<p style=\"text-align: justify;\"><strong><span style=\"font-size: 12pt; line-height: 115%; font-family: 'Times New Roman','serif';\">Les vieux exemplaires &#8211; souvent centenaires-sont utilis\u00e9s comme plantes ornementales. <\/span><\/strong><span style=\"font-size: 12pt; line-height: 115%; font-family: 'Times New Roman','serif'; color: black;\"> Ce sont des arbres qui peuvent vivre plus de 1500 ans et on peut les transplanter facilement .Le num\u00e9ro de vari\u00e9t\u00e9s en Espagne est \u00e9lev\u00e9, environs 300, bien que nous pouvons distinguer\u00a0: <em>picudo, empeltre, hojiblanca,cornicabra, lechin, manzanilla, verdial, picual.<\/em><\/span><\/p>\n<p style=\"text-align: justify;\"><span style=\"font-size: 12pt; line-height: 115%; font-family: 'Times New Roman','serif'; color: black;\">L\u2019olivier vit mieux dans des conditions de soleil et de chaleur, bien qu\u2019il s\u2019adapte bien \u00e0 de mauvaises conditions climatiques .Il ne supporte pas l\u2019exc\u00e8s d\u2019humidit\u00e9-il doit \u00eatre plant\u00e9 dans un substrat frais et bien drain\u00e9 ou il pourra se d\u00e9velopper sans probl\u00e8mes. Il s\u2019adapte bien \u00e0 des terrains pauvres ,il r\u00e9siste le vent ,la contamination ,les sols calcaires ,la s\u00e9cheresse ainsi que le manque de soins.<\/span><\/p>\n","protected":false},"excerpt":{"rendered":"<p>Olea Europaea<\/p>\n","protected":false},"featured_media":114468,"comment_status":"closed","ping_status":"closed","template":"","meta":[],"product_brand":[],"product_cat":[186,192,339],"product_tag":[],"olea_europaea":[310],"palmacia":[],"planta_forestal":[],"arbres":[],"arbustos_i_coniferes":[],"fruiters":[],"complements_jardi":[],"class_list":{"0":"post-119194","1":"product","2":"type-product","3":"status-publish","4":"has-post-thumbnail","6":"product_cat-oliviers-europe","7":"product_cat-olivier-europe-plato-co","8":"product_cat-catalogue-de-produits-2021","9":"olea_europaea-olea-europaea-plat-fr","11":"first","12":"instock","13":"shipping-taxable","14":"product-type-simple"},"yoast_head":"<!-- This site is optimized with the Yoast SEO plugin v27.0 - https:\/\/yoast.com\/product\/yoast-seo-wordpress\/ -->\n<title>Olea europaea en plateau 110L | Cultius Pon\u00e7<\/title>\n<meta name=\"robots\" content=\"index, follow, max-snippet:-1, max-image-preview:large, max-video-preview:-1\" \/>\n<link rel=\"canonical\" href=\"https:\/\/cultiusponc.com\/fr\/producto\/olea-europaea-plateau-110l\/\" \/>\n<meta property=\"og:locale\" content=\"fr_FR\" \/>\n<meta property=\"og:type\" content=\"article\" \/>\n<meta property=\"og:title\" content=\"Olea europaea en plateau 110L | Cultius Pon\u00e7\" \/>\n<meta property=\"og:description\" content=\"Olea Europaea\" \/>\n<meta property=\"og:url\" content=\"https:\/\/cultiusponc.com\/fr\/producto\/olea-europaea-plateau-110l\/\" \/>\n<meta property=\"og:site_name\" content=\"Cultius Pon\u00e7\" \/>\n<meta property=\"article:modified_time\" content=\"2023-07-24T16:25:20+00:00\" \/>\n<meta property=\"og:image\" content=\"https:\/\/cultiusponc.com\/wp-content\/uploads\/2022\/11\/cultius-ponc-olea-europaea-plato-exmplar.jpg\" \/>\n\t<meta property=\"og:image:width\" content=\"1600\" \/>\n\t<meta property=\"og:image:height\" content=\"1067\" \/>\n\t<meta property=\"og:image:type\" content=\"image\/jpeg\" \/>\n<meta name=\"twitter:card\" content=\"summary_large_image\" \/>\n<meta name=\"twitter:label1\" content=\"Dur\u00e9e de lecture estim\u00e9e\" \/>\n\t<meta name=\"twitter:data1\" content=\"1 minute\" \/>\n<script type=\"application\/ld+json\" class=\"yoast-schema-graph\">{\"@context\":\"https:\/\/schema.org\",\"@graph\":[{\"@type\":\"WebPage\",\"@id\":\"https:\/\/cultiusponc.com\/fr\/producto\/olea-europaea-plateau-110l\/\",\"url\":\"https:\/\/cultiusponc.com\/fr\/producto\/olea-europaea-plateau-110l\/\",\"name\":\"Olea europaea en plateau 110L | Cultius Pon\u00e7\",\"isPartOf\":{\"@id\":\"https:\/\/cultiusponc.com\/fr\/#website\"},\"primaryImageOfPage\":{\"@id\":\"https:\/\/cultiusponc.com\/fr\/producto\/olea-europaea-plateau-110l\/#primaryimage\"},\"image\":{\"@id\":\"https:\/\/cultiusponc.com\/fr\/producto\/olea-europaea-plateau-110l\/#primaryimage\"},\"thumbnailUrl\":\"https:\/\/cultiusponc.com\/wp-content\/uploads\/2022\/11\/cultius-ponc-olea-europaea-plato-exmplar.jpg\",\"datePublished\":\"2023-07-24T15:45:46+00:00\",\"dateModified\":\"2023-07-24T16:25:20+00:00\",\"breadcrumb\":{\"@id\":\"https:\/\/cultiusponc.com\/fr\/producto\/olea-europaea-plateau-110l\/#breadcrumb\"},\"inLanguage\":\"fr-FR\",\"potentialAction\":[{\"@type\":\"ReadAction\",\"target\":[\"https:\/\/cultiusponc.com\/fr\/producto\/olea-europaea-plateau-110l\/\"]}]},{\"@type\":\"ImageObject\",\"inLanguage\":\"fr-FR\",\"@id\":\"https:\/\/cultiusponc.com\/fr\/producto\/olea-europaea-plateau-110l\/#primaryimage\",\"url\":\"https:\/\/cultiusponc.com\/wp-content\/uploads\/2022\/11\/cultius-ponc-olea-europaea-plato-exmplar.jpg\",\"contentUrl\":\"https:\/\/cultiusponc.com\/wp-content\/uploads\/2022\/11\/cultius-ponc-olea-europaea-plato-exmplar.jpg\",\"width\":1600,\"height\":1067},{\"@type\":\"BreadcrumbList\",\"@id\":\"https:\/\/cultiusponc.com\/fr\/producto\/olea-europaea-plateau-110l\/#breadcrumb\",\"itemListElement\":[{\"@type\":\"ListItem\",\"position\":1,\"name\":\"Inici\",\"item\":\"https:\/\/cultiusponc.com\/fr\/\"},{\"@type\":\"ListItem\",\"position\":2,\"name\":\"Produits\",\"item\":\"https:\/\/cultiusponc.com\/fr\/shop\/\"},{\"@type\":\"ListItem\",\"position\":3,\"name\":\"Olea europaea en plateau 110L\"}]},{\"@type\":\"WebSite\",\"@id\":\"https:\/\/cultiusponc.com\/fr\/#website\",\"url\":\"https:\/\/cultiusponc.com\/fr\/\",\"name\":\"Cultius Pon\u00e7\",\"description\":\"Garden i vivers | Exemplars, palmeres, oliveres i accessoris per a jardins\",\"publisher\":{\"@id\":\"https:\/\/cultiusponc.com\/fr\/#organization\"},\"potentialAction\":[{\"@type\":\"SearchAction\",\"target\":{\"@type\":\"EntryPoint\",\"urlTemplate\":\"https:\/\/cultiusponc.com\/fr\/?s={search_term_string}\"},\"query-input\":{\"@type\":\"PropertyValueSpecification\",\"valueRequired\":true,\"valueName\":\"search_term_string\"}}],\"inLanguage\":\"fr-FR\"},{\"@type\":\"Organization\",\"@id\":\"https:\/\/cultiusponc.com\/fr\/#organization\",\"name\":\"Cultius Pon\u00e7\",\"url\":\"https:\/\/cultiusponc.com\/fr\/\",\"logo\":{\"@type\":\"ImageObject\",\"inLanguage\":\"fr-FR\",\"@id\":\"https:\/\/cultiusponc.com\/fr\/#\/schema\/logo\/image\/\",\"url\":\"https:\/\/cultiusponc.com\/wp-content\/uploads\/2022\/11\/Logo-cultius-ponc.svg\",\"contentUrl\":\"https:\/\/cultiusponc.com\/wp-content\/uploads\/2022\/11\/Logo-cultius-ponc.svg\",\"width\":1,\"height\":1,\"caption\":\"Cultius Pon\u00e7\"},\"image\":{\"@id\":\"https:\/\/cultiusponc.com\/fr\/#\/schema\/logo\/image\/\"},\"sameAs\":[\"https:\/\/www.instagram.com\/cultius_ponc\/\",\"https:\/\/cultiusponc.com\"]}]}<\/script>\n<!-- \/ Yoast SEO plugin. -->","yoast_head_json":{"title":"Olea europaea en plateau 110L | Cultius Pon\u00e7","robots":{"index":"index","follow":"follow","max-snippet":"max-snippet:-1","max-image-preview":"max-image-preview:large","max-video-preview":"max-video-preview:-1"},"canonical":"https:\/\/cultiusponc.com\/fr\/producto\/olea-europaea-plateau-110l\/","og_locale":"fr_FR","og_type":"article","og_title":"Olea europaea en plateau 110L | Cultius Pon\u00e7","og_description":"Olea Europaea","og_url":"https:\/\/cultiusponc.com\/fr\/producto\/olea-europaea-plateau-110l\/","og_site_name":"Cultius Pon\u00e7","article_modified_time":"2023-07-24T16:25:20+00:00","og_image":[{"width":1600,"height":1067,"url":"https:\/\/cultiusponc.com\/wp-content\/uploads\/2022\/11\/cultius-ponc-olea-europaea-plato-exmplar.jpg","type":"image\/jpeg"}],"twitter_card":"summary_large_image","twitter_misc":{"Dur\u00e9e de lecture estim\u00e9e":"1 minute"},"schema":{"@context":"https:\/\/schema.org","@graph":[{"@type":"WebPage","@id":"https:\/\/cultiusponc.com\/fr\/producto\/olea-europaea-plateau-110l\/","url":"https:\/\/cultiusponc.com\/fr\/producto\/olea-europaea-plateau-110l\/","name":"Olea europaea en plateau 110L | Cultius Pon\u00e7","isPartOf":{"@id":"https:\/\/cultiusponc.com\/fr\/#website"},"primaryImageOfPage":{"@id":"https:\/\/cultiusponc.com\/fr\/producto\/olea-europaea-plateau-110l\/#primaryimage"},"image":{"@id":"https:\/\/cultiusponc.com\/fr\/producto\/olea-europaea-plateau-110l\/#primaryimage"},"thumbnailUrl":"https:\/\/cultiusponc.com\/wp-content\/uploads\/2022\/11\/cultius-ponc-olea-europaea-plato-exmplar.jpg","datePublished":"2023-07-24T15:45:46+00:00","dateModified":"2023-07-24T16:25:20+00:00","breadcrumb":{"@id":"https:\/\/cultiusponc.com\/fr\/producto\/olea-europaea-plateau-110l\/#breadcrumb"},"inLanguage":"fr-FR","potentialAction":[{"@type":"ReadAction","target":["https:\/\/cultiusponc.com\/fr\/producto\/olea-europaea-plateau-110l\/"]}]},{"@type":"ImageObject","inLanguage":"fr-FR","@id":"https:\/\/cultiusponc.com\/fr\/producto\/olea-europaea-plateau-110l\/#primaryimage","url":"https:\/\/cultiusponc.com\/wp-content\/uploads\/2022\/11\/cultius-ponc-olea-europaea-plato-exmplar.jpg","contentUrl":"https:\/\/cultiusponc.com\/wp-content\/uploads\/2022\/11\/cultius-ponc-olea-europaea-plato-exmplar.jpg","width":1600,"height":1067},{"@type":"BreadcrumbList","@id":"https:\/\/cultiusponc.com\/fr\/producto\/olea-europaea-plateau-110l\/#breadcrumb","itemListElement":[{"@type":"ListItem","position":1,"name":"Inici","item":"https:\/\/cultiusponc.com\/fr\/"},{"@type":"ListItem","position":2,"name":"Produits","item":"https:\/\/cultiusponc.com\/fr\/shop\/"},{"@type":"ListItem","position":3,"name":"Olea europaea en plateau 110L"}]},{"@type":"WebSite","@id":"https:\/\/cultiusponc.com\/fr\/#website","url":"https:\/\/cultiusponc.com\/fr\/","name":"Cultius Pon\u00e7","description":"Garden i vivers | Exemplars, palmeres, oliveres i accessoris per a jardins","publisher":{"@id":"https:\/\/cultiusponc.com\/fr\/#organization"},"potentialAction":[{"@type":"SearchAction","target":{"@type":"EntryPoint","urlTemplate":"https:\/\/cultiusponc.com\/fr\/?s={search_term_string}"},"query-input":{"@type":"PropertyValueSpecification","valueRequired":true,"valueName":"search_term_string"}}],"inLanguage":"fr-FR"},{"@type":"Organization","@id":"https:\/\/cultiusponc.com\/fr\/#organization","name":"Cultius Pon\u00e7","url":"https:\/\/cultiusponc.com\/fr\/","logo":{"@type":"ImageObject","inLanguage":"fr-FR","@id":"https:\/\/cultiusponc.com\/fr\/#\/schema\/logo\/image\/","url":"https:\/\/cultiusponc.com\/wp-content\/uploads\/2022\/11\/Logo-cultius-ponc.svg","contentUrl":"https:\/\/cultiusponc.com\/wp-content\/uploads\/2022\/11\/Logo-cultius-ponc.svg","width":1,"height":1,"caption":"Cultius Pon\u00e7"},"image":{"@id":"https:\/\/cultiusponc.com\/fr\/#\/schema\/logo\/image\/"},"sameAs":["https:\/\/www.instagram.com\/cultius_ponc\/","https:\/\/cultiusponc.com"]}]}},"_links":{"self":[{"href":"https:\/\/cultiusponc.com\/fr\/wp-json\/wp\/v2\/product\/119194","targetHints":{"allow":["GET"]}}],"collection":[{"href":"https:\/\/cultiusponc.com\/fr\/wp-json\/wp\/v2\/product"}],"about":[{"href":"https:\/\/cultiusponc.com\/fr\/wp-json\/wp\/v2\/types\/product"}],"replies":[{"embeddable":true,"href":"https:\/\/cultiusponc.com\/fr\/wp-json\/wp\/v2\/comments?post=119194"}],"wp:featuredmedia":[{"embeddable":true,"href":"https:\/\/cultiusponc.com\/fr\/wp-json\/wp\/v2\/media\/114468"}],"wp:attachment":[{"href":"https:\/\/cultiusponc.com\/fr\/wp-json\/wp\/v2\/media?parent=119194"}],"wp:term":[{"taxonomy":"product_brand","embeddable":true,"href":"https:\/\/cultiusponc.com\/fr\/wp-json\/wp\/v2\/product_brand?post=119194"},{"taxonomy":"product_cat","embeddable":true,"href":"https:\/\/cultiusponc.com\/fr\/wp-json\/wp\/v2\/product_cat?post=119194"},{"taxonomy":"product_tag","embeddable":true,"href":"https:\/\/cultiusponc.com\/fr\/wp-json\/wp\/v2\/product_tag?post=119194"},{"taxonomy":"olea_europaea","embeddable":true,"href":"https:\/\/cultiusponc.com\/fr\/wp-json\/wp\/v2\/olea_europaea?post=119194"},{"taxonomy":"palmacia","embeddable":true,"href":"https:\/\/cultiusponc.com\/fr\/wp-json\/wp\/v2\/palmacia?post=119194"},{"taxonomy":"planta_forestal","embeddable":true,"href":"https:\/\/cultiusponc.com\/fr\/wp-json\/wp\/v2\/planta_forestal?post=119194"},{"taxonomy":"arbres","embeddable":true,"href":"https:\/\/cultiusponc.com\/fr\/wp-json\/wp\/v2\/arbres?post=119194"},{"taxonomy":"arbustos_i_coniferes","embeddable":true,"href":"https:\/\/cultiusponc.com\/fr\/wp-json\/wp\/v2\/arbustos_i_coniferes?post=119194"},{"taxonomy":"fruiters","embeddable":true,"href":"https:\/\/cultiusponc.com\/fr\/wp-json\/wp\/v2\/fruiters?post=119194"},{"taxonomy":"complements_jardi","embeddable":true,"href":"https:\/\/cultiusponc.com\/fr\/wp-json\/wp\/v2\/complements_jardi?post=119194"}],"curies":[{"name":"wp","href":"https:\/\/api.w.org\/{rel}","templated":true}]}}