{"id":115851,"date":"2023-06-20T09:27:58","date_gmt":"2023-06-20T09:27:58","guid":{"rendered":"https:\/\/cultiusponc.com\/logistique\/"},"modified":"2023-07-24T09:01:04","modified_gmt":"2023-07-24T09:01:04","slug":"logistique","status":"publish","type":"page","link":"https:\/\/cultiusponc.com\/fr\/logistique\/","title":{"rendered":"Logistique"},"content":{"rendered":"<div class=\"wpb-content-wrapper\"><p>[vc_row row_height_percent=\u00a0\u00bb0&Prime; override_padding=\u00a0\u00bbyes\u00a0\u00bb h_padding=\u00a0\u00bb2&Prime; top_padding=\u00a0\u00bb3&Prime; bottom_padding=\u00a0\u00bb2&Prime; overlay_alpha=\u00a0\u00bb50&Prime; gutter_size=\u00a0\u00bb3&Prime; column_width_percent=\u00a0\u00bb100&Prime; shift_y=\u00a0\u00bb0&Prime; z_index=\u00a0\u00bb0&Prime; uncode_shortcode_id=\u00a0\u00bb199075&Prime;][vc_column column_width_use_pixel=\u00a0\u00bbyes\u00a0\u00bb align_horizontal=\u00a0\u00bbalign_center\u00a0\u00bb gutter_size=\u00a0\u00bb3&Prime; overlay_alpha=\u00a0\u00bb50&Prime; shift_x=\u00a0\u00bb0&Prime; shift_y=\u00a0\u00bb0&Prime; shift_y_down=\u00a0\u00bb0&Prime; z_index=\u00a0\u00bb0&Prime; medium_width=\u00a0\u00bb0&Prime; mobile_width=\u00a0\u00bb0&Prime; width=\u00a0\u00bb1\/1&Prime; column_width_pixel=\u00a0\u00bb900&Prime; uncode_shortcode_id=\u00a0\u00bb188993&Prime;][vc_icon icon_image=\u00a0\u00bb115349&Prime; media_size=\u00a0\u00bb200&Prime; uncode_shortcode_id=\u00a0\u00bb259136&Prime;][\/vc_icon][vc_custom_heading heading_semantic=\u00a0\u00bbh3&Prime; text_size=\u00a0\u00bbfontsize-155944&Prime; uncode_shortcode_id=\u00a0\u00bb163041&Prime;]Nous transportons nos produits partout dans le monde[\/vc_custom_heading][vc_custom_heading text_color=\u00a0\u00bbcolor-wvjs\u00a0\u00bb heading_semantic=\u00a0\u00bbp\u00a0\u00bb text_size=\u00a0\u00bbh3&Prime; text_height=\u00a0\u00bbfontheight-524109&Prime; uncode_shortcode_id=\u00a0\u00bb579208&Prime; text_color_type=\u00a0\u00bbuncode-palette\u00a0\u00bb]Chez Cultius Pon\u00e7, nous avons notre propre flotte compos\u00e9e de plus de :[\/vc_custom_heading][vc_row_inner row_inner_height_percent=\u00a0\u00bb0&Prime; overlay_alpha=\u00a0\u00bb50&Prime; gutter_size=\u00a0\u00bb4&Prime; shift_y=\u00a0\u00bb0&Prime; z_index=\u00a0\u00bb0&Prime;][vc_column_inner column_width_percent=\u00a0\u00bb100&Prime; align_horizontal=\u00a0\u00bbalign_right\u00a0\u00bb gutter_size=\u00a0\u00bb2&Prime; overlay_alpha=\u00a0\u00bb50&Prime; shift_x=\u00a0\u00bb0&Prime; shift_y=\u00a0\u00bb0&Prime; shift_y_down=\u00a0\u00bb0&Prime; z_index=\u00a0\u00bb0&Prime; medium_width=\u00a0\u00bb4&Prime; align_mobile=\u00a0\u00bbalign_center_mobile\u00a0\u00bb mobile_width=\u00a0\u00bb0&Prime; radius=\u00a0\u00bbsm\u00a0\u00bb width=\u00a0\u00bb1\/2&Prime;][uncode_counter value=\u00a0\u00bb40&Prime; counter_color=\u00a0\u00bbaccent\u00a0\u00bb size=\u00a0\u00bbfontsize-445851&Prime; weight=\u00a0\u00bb600&Prime; height=\u00a0\u00bbfontheight-179065&Prime; uncode_shortcode_id=\u00a0\u00bb126031&Prime; counter_color_type=\u00a0\u00bbuncode-palette\u00a0\u00bb][vc_custom_heading heading_semantic=\u00a0\u00bbh3&Prime; text_size=\u00a0\u00bbh4&Prime; uncode_shortcode_id=\u00a0\u00bb469109&Prime;]V\u00e9hicules[\/vc_custom_heading][\/vc_column_inner][vc_column_inner column_width_percent=\u00a0\u00bb100&Prime; gutter_size=\u00a0\u00bb2&Prime; overlay_alpha=\u00a0\u00bb50&Prime; shift_x=\u00a0\u00bb0&Prime; shift_y=\u00a0\u00bb0&Prime; shift_y_down=\u00a0\u00bb0&Prime; z_index=\u00a0\u00bb0&Prime; medium_width=\u00a0\u00bb4&Prime; align_mobile=\u00a0\u00bbalign_center_mobile\u00a0\u00bb mobile_width=\u00a0\u00bb0&Prime; radius=\u00a0\u00bbsm\u00a0\u00bb width=\u00a0\u00bb1\/2&Prime;][uncode_counter value=\u00a0\u00bb30&Prime; counter_color=\u00a0\u00bbaccent\u00a0\u00bb size=\u00a0\u00bbfontsize-445851&Prime; weight=\u00a0\u00bb600&Prime; height=\u00a0\u00bbfontheight-179065&Prime; uncode_shortcode_id=\u00a0\u00bb142498&Prime; counter_color_type=\u00a0\u00bbuncode-palette\u00a0\u00bb][vc_custom_heading heading_semantic=\u00a0\u00bbh3&Prime; text_size=\u00a0\u00bbh4&Prime; uncode_shortcode_id=\u00a0\u00bb362658&Prime;]Semi-remorques[\/vc_custom_heading][\/vc_column_inner][\/vc_row_inner][vc_custom_heading text_color=\u00a0\u00bbcolor-wvjs\u00a0\u00bb heading_semantic=\u00a0\u00bbp\u00a0\u00bb text_size=\u00a0\u00bbh3&Prime; text_height=\u00a0\u00bbfontheight-524109&Prime; uncode_shortcode_id=\u00a0\u00bb382025&Prime; text_color_type=\u00a0\u00bbuncode-palette\u00a0\u00bb]Camions grues, autogrues, camions avec plate-forme \u00e9l\u00e9vatrice, gondoles, planchers, gondoles surbaiss\u00e9es, planchers mobiles, plates-formes, nous avons tous les moyens de servir nos produits toujours dans les meilleures conditions.[\/vc_custom_heading][\/vc_column][\/vc_row][vc_row row_height_percent=\u00a0\u00bb0&Prime; overlay_alpha=\u00a0\u00bb50&Prime; gutter_size=\u00a0\u00bb3&Prime; column_width_percent=\u00a0\u00bb100&Prime; shift_y=\u00a0\u00bb0&Prime; z_index=\u00a0\u00bb0&Prime; uncode_shortcode_id=\u00a0\u00bb445979&Prime;][vc_column column_width_percent=\u00a0\u00bb100&Prime; align_horizontal=\u00a0\u00bbalign_center\u00a0\u00bb gutter_size=\u00a0\u00bb3&Prime; overlay_alpha=\u00a0\u00bb50&Prime; shift_x=\u00a0\u00bb0&Prime; shift_y=\u00a0\u00bb0&Prime; shift_y_down=\u00a0\u00bb0&Prime; z_index=\u00a0\u00bb0&Prime; medium_width=\u00a0\u00bb0&Prime; mobile_width=\u00a0\u00bb0&Prime; width=\u00a0\u00bb1\/1&Prime; uncode_shortcode_id=\u00a0\u00bb110085&Prime;][vc_single_image media=\u00a0\u00bb119106&Prime; media_width_percent=\u00a0\u00bb100&Prime; media_ratio=\u00a0\u00bbtwentyone-nine\u00a0\u00bb alignment=\u00a0\u00bbcenter\u00a0\u00bb shape=\u00a0\u00bbimg-round\u00a0\u00bb radius=\u00a0\u00bbstd\u00a0\u00bb uncode_shortcode_id=\u00a0\u00bb199280&Prime;][vc_gallery el_id=\u00a0\u00bbgallery-183354&Prime; medias=\u00a0\u00bb118337,118330,118344&Prime; gutter_size=\u00a0\u00bb3&Prime; media_items=\u00a0\u00bbmedia|lightbox|original,icon|lg\u00a0\u00bb screen_lg=\u00a0\u00bb1000&Prime; screen_md=\u00a0\u00bb600&Prime; screen_sm=\u00a0\u00bb480&Prime; images_size=\u00a0\u00bbfour-three\u00a0\u00bb single_shape=\u00a0\u00bbround\u00a0\u00bb radius=\u00a0\u00bbstd\u00a0\u00bb single_overlay_color=\u00a0\u00bbcolor-366506&Prime; single_overlay_opacity=\u00a0\u00bb80&Prime; single_h_align=\u00a0\u00bbcenter\u00a0\u00bb single_padding=\u00a0\u00bb2&Prime; single_icon=\u00a0\u00bbfa fa-eye\u00a0\u00bb uncode_shortcode_id=\u00a0\u00bb704138&Prime;][vc_single_image media=\u00a0\u00bb115330&Prime; media_width_percent=\u00a0\u00bb100&Prime; media_ratio=\u00a0\u00bbtwentyone-nine\u00a0\u00bb alignment=\u00a0\u00bbcenter\u00a0\u00bb shape=\u00a0\u00bbimg-round\u00a0\u00bb radius=\u00a0\u00bbstd\u00a0\u00bb uncode_shortcode_id=\u00a0\u00bb952284&Prime;][vc_gallery el_id=\u00a0\u00bbgallery-183354&Prime; medias=\u00a0\u00bb115334,115338,115342&Prime; gutter_size=\u00a0\u00bb3&Prime; media_items=\u00a0\u00bbmedia|lightbox|original,icon|lg\u00a0\u00bb screen_lg=\u00a0\u00bb1000&Prime; screen_md=\u00a0\u00bb600&Prime; screen_sm=\u00a0\u00bb480&Prime; images_size=\u00a0\u00bbfour-three\u00a0\u00bb single_shape=\u00a0\u00bbround\u00a0\u00bb radius=\u00a0\u00bbstd\u00a0\u00bb single_overlay_color=\u00a0\u00bbcolor-366506&Prime; single_overlay_opacity=\u00a0\u00bb80&Prime; single_h_align=\u00a0\u00bbcenter\u00a0\u00bb single_padding=\u00a0\u00bb2&Prime; single_icon=\u00a0\u00bbfa fa-eye\u00a0\u00bb uncode_shortcode_id=\u00a0\u00bb140933&Prime;][\/vc_column][\/vc_row][vc_row row_height_percent=\u00a0\u00bb0&Prime; override_padding=\u00a0\u00bbyes\u00a0\u00bb h_padding=\u00a0\u00bb3&Prime; top_padding=\u00a0\u00bb3&Prime; bottom_padding=\u00a0\u00bb3&Prime; back_color=\u00a0\u00bbcolor-xsdn\u00a0\u00bb overlay_alpha=\u00a0\u00bb50&Prime; gutter_size=\u00a0\u00bb3&Prime; column_width_percent=\u00a0\u00bb100&Prime; shift_y=\u00a0\u00bb0&Prime; z_index=\u00a0\u00bb0&Prime; top_divider=\u00a0\u00bbgradient\u00a0\u00bb bottom_divider=\u00a0\u00bbgradient\u00a0\u00bb inverted_device_order=\u00a0\u00bbyes\u00a0\u00bb uncode_shortcode_id=\u00a0\u00bb128735&Prime; back_color_type=\u00a0\u00bbuncode-palette\u00a0\u00bb][vc_column column_width_percent=\u00a0\u00bb100&Prime; gutter_size=\u00a0\u00bb3&Prime; overlay_alpha=\u00a0\u00bb50&Prime; shift_x=\u00a0\u00bb0&Prime; shift_y=\u00a0\u00bb0&Prime; shift_y_down=\u00a0\u00bb0&Prime; z_index=\u00a0\u00bb0&Prime; medium_width=\u00a0\u00bb0&Prime; mobile_width=\u00a0\u00bb0&Prime; css_animation=\u00a0\u00bbalpha-anim\u00a0\u00bb animation_speed=\u00a0\u00bb1000&Prime; width=\u00a0\u00bb5\/12&Prime; uncode_shortcode_id=\u00a0\u00bb327424&Prime;][vc_row_inner row_inner_height_percent=\u00a0\u00bb0&Prime; overlay_alpha=\u00a0\u00bb50&Prime; gutter_size=\u00a0\u00bb4&Prime; shift_y=\u00a0\u00bb0&Prime; z_index=\u00a0\u00bb0&Prime; limit_content=\u00a0\u00bb\u00a0\u00bb][vc_column_inner column_width_percent=\u00a0\u00bb100&Prime; gutter_size=\u00a0\u00bb3&Prime; font_family=\u00a0\u00bbfont-613363&Prime; overlay_alpha=\u00a0\u00bb50&Prime; shift_x=\u00a0\u00bb0&Prime; shift_y=\u00a0\u00bb0&Prime; shift_y_down=\u00a0\u00bb0&Prime; z_index=\u00a0\u00bb0&Prime; medium_width=\u00a0\u00bb4&Prime; mobile_width=\u00a0\u00bb0&Prime; width=\u00a0\u00bb1\/1&Prime; uncode_shortcode_id=\u00a0\u00bb184495&Prime;][vc_custom_heading text_size=\u00a0\u00bbh3&Prime; uncode_shortcode_id=\u00a0\u00bb747521&Prime;]Tenemos flujos regulares en toda Europa, principalmente en:[\/vc_custom_heading][uncode_list larger=\u00a0\u00bbyes\u00a0\u00bb icon=\u00a0\u00bbfa fa-minus2&Prime; uncode_shortcode_id=\u00a0\u00bb197899&Prime;]<\/p>\n<ul>\n<li>Italie<\/li>\n<li>France<\/li>\n<li>Belgique<\/li>\n<li>Portugal<\/li>\n<li>Allemagne<\/li>\n<li>Luxemburg<\/li>\n<li>Suisse\u2026<\/li>\n<\/ul>\n<p>[\/uncode_list][\/vc_column_inner][\/vc_row_inner][\/vc_column][vc_column column_width_percent=\u00a0\u00bb100&Prime; position_vertical=\u00a0\u00bbmiddle\u00a0\u00bb gutter_size=\u00a0\u00bb3&Prime; font_family=\u00a0\u00bbfont-613363&Prime; overlay_alpha=\u00a0\u00bb50&Prime; shift_x=\u00a0\u00bb0&Prime; shift_y=\u00a0\u00bb0&Prime; shift_y_down=\u00a0\u00bb0&Prime; z_index=\u00a0\u00bb0&Prime; medium_width=\u00a0\u00bb0&Prime; mobile_width=\u00a0\u00bb0&Prime; css_animation=\u00a0\u00bbalpha-anim\u00a0\u00bb animation_speed=\u00a0\u00bb1000&Prime; width=\u00a0\u00bb7\/12&Prime; uncode_shortcode_id=\u00a0\u00bb484410&Prime;][vc_custom_heading text_color=\u00a0\u00bbcolor-wvjs\u00a0\u00bb text_size=\u00a0\u00bbh3&Prime; text_height=\u00a0\u00bbfontheight-357766&Prime; uncode_shortcode_id=\u00a0\u00bb920329&Prime; text_color_type=\u00a0\u00bbuncode-palette\u00a0\u00bb]\u00c9quip\u00e9 de syst\u00e8mes de surveillance avec lesquels nous effectuons un contr\u00f4le constant de la position, de la consommation, du temps de conduite, des \u00e9missions de chacun de nos camions. De cette mani\u00e8re, nous r\u00e9alisons un entretien pr\u00e9dictif et pr\u00e9ventif pour \u00e9viter tout type d&rsquo;incident, en garantissant un entretien correcte et la tra\u00e7abilit\u00e9 de nos marchandises.[\/vc_custom_heading][\/vc_column][\/vc_row][vc_row row_height_percent=\u00a0\u00bb65&Prime; override_padding=\u00a0\u00bbyes\u00a0\u00bb h_padding=\u00a0\u00bb2&Prime; top_padding=\u00a0\u00bb0&Prime; bottom_padding=\u00a0\u00bb3&Prime; overlay_alpha=\u00a0\u00bb50&Prime; gutter_size=\u00a0\u00bb3&Prime; column_width_percent=\u00a0\u00bb100&Prime; shift_y=\u00a0\u00bb0&Prime; z_index=\u00a0\u00bb0&Prime; uncode_shortcode_id=\u00a0\u00bb176438&Prime;][vc_column column_width_percent=\u00a0\u00bb100&Prime; position_vertical=\u00a0\u00bbmiddle\u00a0\u00bb gutter_size=\u00a0\u00bb5&Prime; overlay_alpha=\u00a0\u00bb50&Prime; shift_x=\u00a0\u00bb0&Prime; shift_y=\u00a0\u00bb0&Prime; shift_y_down=\u00a0\u00bb0&Prime; z_index=\u00a0\u00bb0&Prime; medium_width=\u00a0\u00bb0&Prime; mobile_width=\u00a0\u00bb0&Prime; width=\u00a0\u00bb1\/1&Prime;][vc_single_image media=\u00a0\u00bb115326&Prime; media_width_percent=\u00a0\u00bb100&Prime; alignment=\u00a0\u00bbcenter\u00a0\u00bb shape=\u00a0\u00bbimg-round\u00a0\u00bb radius=\u00a0\u00bbstd\u00a0\u00bb uncode_shortcode_id=\u00a0\u00bb149231&Prime;][vc_row_inner row_inner_height_percent=\u00a0\u00bb0&Prime; overlay_alpha=\u00a0\u00bb50&Prime; gutter_size=\u00a0\u00bb4&Prime; shift_y=\u00a0\u00bb0&Prime; z_index=\u00a0\u00bb0&Prime;][vc_column_inner column_width_percent=\u00a0\u00bb100&Prime; gutter_size=\u00a0\u00bb3&Prime; overlay_alpha=\u00a0\u00bb50&Prime; shift_x=\u00a0\u00bb0&Prime; shift_y=\u00a0\u00bb0&Prime; shift_y_down=\u00a0\u00bb0&Prime; z_index=\u00a0\u00bb0&Prime; medium_width=\u00a0\u00bb0&Prime; mobile_width=\u00a0\u00bb0&Prime; width=\u00a0\u00bb1\/3&Prime;][vc_icon position=\u00a0\u00bbleft\u00a0\u00bb icon_image=\u00a0\u00bb115394&Prime; icon_color=\u00a0\u00bbaccent\u00a0\u00bb media_size=\u00a0\u00bb60&Prime; text_size=\u00a0\u00bbh4&Prime; text_height=\u00a0\u00bbfontheight-524109&Prime; title=\u00a0\u00bbAutorisations sp\u00e9ciales\u00a0\u00bb uncode_shortcode_id=\u00a0\u00bb153462&Prime; icon_color_type=\u00a0\u00bbuncode-palette\u00a0\u00bb]Nous avons des autorisations sp\u00e9ciales en Espagne, en France, au Portugal et en Italie pour pouvoir effectuer <strong>les transports sp\u00e9ciaux de nos plantes exemplaires de dimentions extra.<\/strong>[\/vc_icon][\/vc_column_inner][vc_column_inner column_width_percent=\u00a0\u00bb100&Prime; gutter_size=\u00a0\u00bb3&Prime; overlay_alpha=\u00a0\u00bb50&Prime; shift_x=\u00a0\u00bb0&Prime; shift_y=\u00a0\u00bb0&Prime; shift_y_down=\u00a0\u00bb0&Prime; z_index=\u00a0\u00bb0&Prime; medium_width=\u00a0\u00bb0&Prime; mobile_width=\u00a0\u00bb0&Prime; width=\u00a0\u00bb1\/3&Prime;][vc_icon position=\u00a0\u00bbleft\u00a0\u00bb icon_image=\u00a0\u00bb115402&Prime; media_size=\u00a0\u00bb60&Prime; text_size=\u00a0\u00bbh4&Prime; text_height=\u00a0\u00bbfontheight-524109&Prime; title=\u00a0\u00bbSuivi par satellite\u00a0\u00bb uncode_shortcode_id=\u00a0\u00bb574273&Prime;]Nos v\u00e9hicules sont \u00e9quip\u00e9s d&rsquo;un <strong>syst\u00e8me de rep\u00e9rage par satellite<\/strong> pour avoir leur localisation et <strong>pouvoir informer nos clients<\/strong> de leur position \u00e0 tout moment.[\/vc_icon][\/vc_column_inner][vc_column_inner column_width_percent=\u00a0\u00bb100&Prime; gutter_size=\u00a0\u00bb3&Prime; overlay_alpha=\u00a0\u00bb50&Prime; shift_x=\u00a0\u00bb0&Prime; shift_y=\u00a0\u00bb0&Prime; shift_y_down=\u00a0\u00bb0&Prime; z_index=\u00a0\u00bb0&Prime; medium_width=\u00a0\u00bb0&Prime; mobile_width=\u00a0\u00bb0&Prime; width=\u00a0\u00bb1\/3&Prime;][vc_icon position=\u00a0\u00bbleft\u00a0\u00bb icon_image=\u00a0\u00bb115407&Prime; media_size=\u00a0\u00bb60&Prime; text_size=\u00a0\u00bbh4&Prime; text_height=\u00a0\u00bbfontheight-524109&Prime; title=\u00a0\u00bbProtection de l&rsquo;environnement\u00a0\u00bb uncode_shortcode_id=\u00a0\u00bb110054&Prime;]Nous travaillons avec un engagement envers la soci\u00e9t\u00e9 et l&rsquo;environnement et <strong>la plupart de nos v\u00e9hicules sont EURO 6 et ont des pneus \u00e9cologiques<\/strong> pour essayer d&rsquo;avoir le minimum d&rsquo;impact sur l&rsquo;environnement.[\/vc_icon][\/vc_column_inner][\/vc_row_inner][vc_single_image media=\u00a0\u00bb115322&Prime; media_width_percent=\u00a0\u00bb100&Prime; alignment=\u00a0\u00bbcenter\u00a0\u00bb shape=\u00a0\u00bbimg-round\u00a0\u00bb radius=\u00a0\u00bbstd\u00a0\u00bb uncode_shortcode_id=\u00a0\u00bb180337&Prime;][\/vc_column][\/vc_row]<\/p>\n<\/div>","protected":false},"excerpt":{"rendered":"<p>[vc_row row_height_percent=\u00a0\u00bb0&Prime; override_padding=\u00a0\u00bbyes\u00a0\u00bb h_padding=\u00a0\u00bb2&Prime; top_padding=\u00a0\u00bb3&Prime; bottom_padding=\u00a0\u00bb2&Prime; overlay_alpha=\u00a0\u00bb50&Prime; gutter_size=\u00a0\u00bb3&Prime; column_width_percent=\u00a0\u00bb100&Prime; shift_y=\u00a0\u00bb0&Prime; z_index=\u00a0\u00bb0&Prime; uncode_shortcode_id=\u00a0\u00bb199075&Prime;][vc_column column_width_use_pixel=\u00a0\u00bbyes\u00a0\u00bb align_horizontal=\u00a0\u00bbalign_center\u00a0\u00bb gutter_size=\u00a0\u00bb3&Prime; overlay_alpha=\u00a0\u00bb50&Prime; shift_x=\u00a0\u00bb0&Prime; shift_y=\u00a0\u00bb0&Prime; shift_y_down=\u00a0\u00bb0&Prime; z_index=\u00a0\u00bb0&Prime; [&hellip;]<\/p>\n","protected":false},"author":1,"featured_media":118349,"parent":0,"menu_order":0,"comment_status":"closed","ping_status":"closed","template":"","meta":{"footnotes":""},"class_list":["post-115851","page","type-page","status-publish","has-post-thumbnail","hentry"],"yoast_head":"<!-- This site is optimized with the Yoast SEO plugin v27.0 - https:\/\/yoast.com\/product\/yoast-seo-wordpress\/ -->\n<title>Logistique | Cultius Pon\u00e7<\/title>\n<meta name=\"robots\" content=\"index, follow, max-snippet:-1, max-image-preview:large, max-video-preview:-1\" \/>\n<link rel=\"canonical\" href=\"https:\/\/cultiusponc.com\/fr\/logistique\/\" \/>\n<meta property=\"og:locale\" content=\"fr_FR\" \/>\n<meta property=\"og:type\" content=\"article\" \/>\n<meta property=\"og:title\" content=\"Logistique | Cultius Pon\u00e7\" \/>\n<meta property=\"og:description\" content=\"[vc_row row_height_percent=\u00a0\u00bb0&Prime; override_padding=\u00a0\u00bbyes\u00a0\u00bb h_padding=\u00a0\u00bb2&Prime; top_padding=\u00a0\u00bb3&Prime; bottom_padding=\u00a0\u00bb2&Prime; overlay_alpha=\u00a0\u00bb50&Prime; gutter_size=\u00a0\u00bb3&Prime; column_width_percent=\u00a0\u00bb100&Prime; shift_y=\u00a0\u00bb0&Prime; z_index=\u00a0\u00bb0&Prime; uncode_shortcode_id=\u00a0\u00bb199075&Prime;][vc_column column_width_use_pixel=\u00a0\u00bbyes\u00a0\u00bb align_horizontal=\u00a0\u00bbalign_center\u00a0\u00bb gutter_size=\u00a0\u00bb3&Prime; overlay_alpha=\u00a0\u00bb50&Prime; shift_x=\u00a0\u00bb0&Prime; shift_y=\u00a0\u00bb0&Prime; shift_y_down=\u00a0\u00bb0&Prime; z_index=\u00a0\u00bb0&Prime; [&hellip;]\" \/>\n<meta property=\"og:url\" content=\"https:\/\/cultiusponc.com\/fr\/logistique\/\" \/>\n<meta property=\"og:site_name\" content=\"Cultius Pon\u00e7\" \/>\n<meta property=\"article:modified_time\" content=\"2023-07-24T09:01:04+00:00\" \/>\n<meta property=\"og:image\" content=\"https:\/\/cultiusponc.com\/wp-content\/uploads\/2023\/07\/cultius-ponc-logistica-ft.webp\" \/>\n\t<meta property=\"og:image:width\" content=\"1920\" \/>\n\t<meta property=\"og:image:height\" content=\"1280\" \/>\n\t<meta property=\"og:image:type\" content=\"image\/webp\" \/>\n<meta name=\"twitter:card\" content=\"summary_large_image\" \/>\n<meta name=\"twitter:label1\" content=\"Dur\u00e9e de lecture estim\u00e9e\" \/>\n\t<meta name=\"twitter:data1\" content=\"3 minutes\" \/>\n<script type=\"application\/ld+json\" class=\"yoast-schema-graph\">{\"@context\":\"https:\/\/schema.org\",\"@graph\":[{\"@type\":\"WebPage\",\"@id\":\"https:\/\/cultiusponc.com\/fr\/logistique\/\",\"url\":\"https:\/\/cultiusponc.com\/fr\/logistique\/\",\"name\":\"Logistique | Cultius Pon\u00e7\",\"isPartOf\":{\"@id\":\"https:\/\/cultiusponc.com\/fr\/#website\"},\"primaryImageOfPage\":{\"@id\":\"https:\/\/cultiusponc.com\/fr\/logistique\/#primaryimage\"},\"image\":{\"@id\":\"https:\/\/cultiusponc.com\/fr\/logistique\/#primaryimage\"},\"thumbnailUrl\":\"https:\/\/cultiusponc.com\/wp-content\/uploads\/2023\/07\/cultius-ponc-logistica-ft.webp\",\"datePublished\":\"2023-06-20T09:27:58+00:00\",\"dateModified\":\"2023-07-24T09:01:04+00:00\",\"breadcrumb\":{\"@id\":\"https:\/\/cultiusponc.com\/fr\/logistique\/#breadcrumb\"},\"inLanguage\":\"fr-FR\",\"potentialAction\":[{\"@type\":\"ReadAction\",\"target\":[\"https:\/\/cultiusponc.com\/fr\/logistique\/\"]}]},{\"@type\":\"ImageObject\",\"inLanguage\":\"fr-FR\",\"@id\":\"https:\/\/cultiusponc.com\/fr\/logistique\/#primaryimage\",\"url\":\"https:\/\/cultiusponc.com\/wp-content\/uploads\/2023\/07\/cultius-ponc-logistica-ft.webp\",\"contentUrl\":\"https:\/\/cultiusponc.com\/wp-content\/uploads\/2023\/07\/cultius-ponc-logistica-ft.webp\",\"width\":1920,\"height\":1280},{\"@type\":\"BreadcrumbList\",\"@id\":\"https:\/\/cultiusponc.com\/fr\/logistique\/#breadcrumb\",\"itemListElement\":[{\"@type\":\"ListItem\",\"position\":1,\"name\":\"Inici\",\"item\":\"https:\/\/cultiusponc.com\/fr\/\"},{\"@type\":\"ListItem\",\"position\":2,\"name\":\"Logistique\"}]},{\"@type\":\"WebSite\",\"@id\":\"https:\/\/cultiusponc.com\/fr\/#website\",\"url\":\"https:\/\/cultiusponc.com\/fr\/\",\"name\":\"Cultius Pon\u00e7\",\"description\":\"Garden i vivers | Exemplars, palmeres, oliveres i accessoris per a jardins\",\"publisher\":{\"@id\":\"https:\/\/cultiusponc.com\/fr\/#organization\"},\"potentialAction\":[{\"@type\":\"SearchAction\",\"target\":{\"@type\":\"EntryPoint\",\"urlTemplate\":\"https:\/\/cultiusponc.com\/fr\/?s={search_term_string}\"},\"query-input\":{\"@type\":\"PropertyValueSpecification\",\"valueRequired\":true,\"valueName\":\"search_term_string\"}}],\"inLanguage\":\"fr-FR\"},{\"@type\":\"Organization\",\"@id\":\"https:\/\/cultiusponc.com\/fr\/#organization\",\"name\":\"Cultius Pon\u00e7\",\"url\":\"https:\/\/cultiusponc.com\/fr\/\",\"logo\":{\"@type\":\"ImageObject\",\"inLanguage\":\"fr-FR\",\"@id\":\"https:\/\/cultiusponc.com\/fr\/#\/schema\/logo\/image\/\",\"url\":\"https:\/\/cultiusponc.com\/wp-content\/uploads\/2022\/11\/Logo-cultius-ponc.svg\",\"contentUrl\":\"https:\/\/cultiusponc.com\/wp-content\/uploads\/2022\/11\/Logo-cultius-ponc.svg\",\"width\":1,\"height\":1,\"caption\":\"Cultius Pon\u00e7\"},\"image\":{\"@id\":\"https:\/\/cultiusponc.com\/fr\/#\/schema\/logo\/image\/\"},\"sameAs\":[\"https:\/\/www.instagram.com\/cultius_ponc\/\",\"https:\/\/cultiusponc.com\"]}]}<\/script>\n<!-- \/ Yoast SEO plugin. -->","yoast_head_json":{"title":"Logistique | Cultius Pon\u00e7","robots":{"index":"index","follow":"follow","max-snippet":"max-snippet:-1","max-image-preview":"max-image-preview:large","max-video-preview":"max-video-preview:-1"},"canonical":"https:\/\/cultiusponc.com\/fr\/logistique\/","og_locale":"fr_FR","og_type":"article","og_title":"Logistique | Cultius Pon\u00e7","og_description":"[vc_row row_height_percent=\u00a0\u00bb0&Prime; override_padding=\u00a0\u00bbyes\u00a0\u00bb h_padding=\u00a0\u00bb2&Prime; top_padding=\u00a0\u00bb3&Prime; bottom_padding=\u00a0\u00bb2&Prime; overlay_alpha=\u00a0\u00bb50&Prime; gutter_size=\u00a0\u00bb3&Prime; column_width_percent=\u00a0\u00bb100&Prime; shift_y=\u00a0\u00bb0&Prime; z_index=\u00a0\u00bb0&Prime; uncode_shortcode_id=\u00a0\u00bb199075&Prime;][vc_column column_width_use_pixel=\u00a0\u00bbyes\u00a0\u00bb align_horizontal=\u00a0\u00bbalign_center\u00a0\u00bb gutter_size=\u00a0\u00bb3&Prime; overlay_alpha=\u00a0\u00bb50&Prime; shift_x=\u00a0\u00bb0&Prime; shift_y=\u00a0\u00bb0&Prime; shift_y_down=\u00a0\u00bb0&Prime; z_index=\u00a0\u00bb0&Prime; [&hellip;]","og_url":"https:\/\/cultiusponc.com\/fr\/logistique\/","og_site_name":"Cultius Pon\u00e7","article_modified_time":"2023-07-24T09:01:04+00:00","og_image":[{"width":1920,"height":1280,"url":"https:\/\/cultiusponc.com\/wp-content\/uploads\/2023\/07\/cultius-ponc-logistica-ft.webp","type":"image\/webp"}],"twitter_card":"summary_large_image","twitter_misc":{"Dur\u00e9e de lecture estim\u00e9e":"3 minutes"},"schema":{"@context":"https:\/\/schema.org","@graph":[{"@type":"WebPage","@id":"https:\/\/cultiusponc.com\/fr\/logistique\/","url":"https:\/\/cultiusponc.com\/fr\/logistique\/","name":"Logistique | Cultius Pon\u00e7","isPartOf":{"@id":"https:\/\/cultiusponc.com\/fr\/#website"},"primaryImageOfPage":{"@id":"https:\/\/cultiusponc.com\/fr\/logistique\/#primaryimage"},"image":{"@id":"https:\/\/cultiusponc.com\/fr\/logistique\/#primaryimage"},"thumbnailUrl":"https:\/\/cultiusponc.com\/wp-content\/uploads\/2023\/07\/cultius-ponc-logistica-ft.webp","datePublished":"2023-06-20T09:27:58+00:00","dateModified":"2023-07-24T09:01:04+00:00","breadcrumb":{"@id":"https:\/\/cultiusponc.com\/fr\/logistique\/#breadcrumb"},"inLanguage":"fr-FR","potentialAction":[{"@type":"ReadAction","target":["https:\/\/cultiusponc.com\/fr\/logistique\/"]}]},{"@type":"ImageObject","inLanguage":"fr-FR","@id":"https:\/\/cultiusponc.com\/fr\/logistique\/#primaryimage","url":"https:\/\/cultiusponc.com\/wp-content\/uploads\/2023\/07\/cultius-ponc-logistica-ft.webp","contentUrl":"https:\/\/cultiusponc.com\/wp-content\/uploads\/2023\/07\/cultius-ponc-logistica-ft.webp","width":1920,"height":1280},{"@type":"BreadcrumbList","@id":"https:\/\/cultiusponc.com\/fr\/logistique\/#breadcrumb","itemListElement":[{"@type":"ListItem","position":1,"name":"Inici","item":"https:\/\/cultiusponc.com\/fr\/"},{"@type":"ListItem","position":2,"name":"Logistique"}]},{"@type":"WebSite","@id":"https:\/\/cultiusponc.com\/fr\/#website","url":"https:\/\/cultiusponc.com\/fr\/","name":"Cultius Pon\u00e7","description":"Garden i vivers | Exemplars, palmeres, oliveres i accessoris per a jardins","publisher":{"@id":"https:\/\/cultiusponc.com\/fr\/#organization"},"potentialAction":[{"@type":"SearchAction","target":{"@type":"EntryPoint","urlTemplate":"https:\/\/cultiusponc.com\/fr\/?s={search_term_string}"},"query-input":{"@type":"PropertyValueSpecification","valueRequired":true,"valueName":"search_term_string"}}],"inLanguage":"fr-FR"},{"@type":"Organization","@id":"https:\/\/cultiusponc.com\/fr\/#organization","name":"Cultius Pon\u00e7","url":"https:\/\/cultiusponc.com\/fr\/","logo":{"@type":"ImageObject","inLanguage":"fr-FR","@id":"https:\/\/cultiusponc.com\/fr\/#\/schema\/logo\/image\/","url":"https:\/\/cultiusponc.com\/wp-content\/uploads\/2022\/11\/Logo-cultius-ponc.svg","contentUrl":"https:\/\/cultiusponc.com\/wp-content\/uploads\/2022\/11\/Logo-cultius-ponc.svg","width":1,"height":1,"caption":"Cultius Pon\u00e7"},"image":{"@id":"https:\/\/cultiusponc.com\/fr\/#\/schema\/logo\/image\/"},"sameAs":["https:\/\/www.instagram.com\/cultius_ponc\/","https:\/\/cultiusponc.com"]}]}},"_links":{"self":[{"href":"https:\/\/cultiusponc.com\/fr\/wp-json\/wp\/v2\/pages\/115851","targetHints":{"allow":["GET"]}}],"collection":[{"href":"https:\/\/cultiusponc.com\/fr\/wp-json\/wp\/v2\/pages"}],"about":[{"href":"https:\/\/cultiusponc.com\/fr\/wp-json\/wp\/v2\/types\/page"}],"author":[{"embeddable":true,"href":"https:\/\/cultiusponc.com\/fr\/wp-json\/wp\/v2\/users\/1"}],"replies":[{"embeddable":true,"href":"https:\/\/cultiusponc.com\/fr\/wp-json\/wp\/v2\/comments?post=115851"}],"version-history":[{"count":0,"href":"https:\/\/cultiusponc.com\/fr\/wp-json\/wp\/v2\/pages\/115851\/revisions"}],"wp:featuredmedia":[{"embeddable":true,"href":"https:\/\/cultiusponc.com\/fr\/wp-json\/wp\/v2\/media\/118349"}],"wp:attachment":[{"href":"https:\/\/cultiusponc.com\/fr\/wp-json\/wp\/v2\/media?parent=115851"}],"curies":[{"name":"wp","href":"https:\/\/api.w.org\/{rel}","templated":true}]}}