{"id":118185,"date":"2022-10-22T09:55:42","date_gmt":"2023-07-08T09:57:42","guid":{"rendered":"https:\/\/cultiusponc.com\/producto\/cyca-revoluta-500l\/"},"modified":"2023-07-18T16:35:38","modified_gmt":"2023-07-18T16:35:38","slug":"cyca-revoluta","status":"publish","type":"product","link":"https:\/\/cultiusponc.com\/de\/producto\/cyca-revoluta\/","title":{"rendered":"Cyca Revoluta 500L"},"content":{"rendered":"","protected":false},"excerpt":{"rendered":"<p>Cyca Revoluta. Sag\u00fa del Jap\u00f3n o Palma de Sag\u00fa.<\/p>\n","protected":false},"featured_media":117836,"comment_status":"closed","ping_status":"closed","template":"","meta":[],"product_brand":[],"product_cat":[414,418],"product_tag":[],"olea_europaea":[],"palmacia":[419],"planta_forestal":[],"arbres":[],"arbustos_i_coniferes":[],"fruiters":[],"complements_jardi":[],"class_list":{"0":"post-118185","1":"product","2":"type-product","3":"status-publish","4":"has-post-thumbnail","6":"product_cat-produktkatalog-2021","7":"product_cat-palmen","8":"palmacia-palmen","10":"first","11":"instock","12":"shipping-taxable","13":"product-type-simple"},"yoast_head":"<!-- This site is optimized with the Yoast SEO plugin v27.0 - https:\/\/yoast.com\/product\/yoast-seo-wordpress\/ -->\n<title>Cyca Revoluta 500L | Cultius Pon\u00e7<\/title>\n<meta name=\"robots\" content=\"index, follow, max-snippet:-1, max-image-preview:large, max-video-preview:-1\" \/>\n<link rel=\"canonical\" href=\"https:\/\/cultiusponc.com\/de\/producto\/cyca-revoluta\/\" \/>\n<meta property=\"og:locale\" content=\"de_DE\" \/>\n<meta property=\"og:type\" content=\"article\" \/>\n<meta property=\"og:title\" content=\"Cyca Revoluta 500L | Cultius Pon\u00e7\" \/>\n<meta property=\"og:description\" content=\"Cyca Revoluta. Sag\u00fa del Jap\u00f3n o Palma de Sag\u00fa.\" \/>\n<meta property=\"og:url\" content=\"https:\/\/cultiusponc.com\/de\/producto\/cyca-revoluta\/\" \/>\n<meta property=\"og:site_name\" content=\"Cultius Pon\u00e7\" \/>\n<meta property=\"article:modified_time\" content=\"2023-07-18T16:35:38+00:00\" \/>\n<meta property=\"og:image\" content=\"https:\/\/cultiusponc.com\/wp-content\/uploads\/2022\/10\/cultius-ponc-cyca-revoluta-500-l.jpg\" \/>\n\t<meta property=\"og:image:width\" content=\"1600\" \/>\n\t<meta property=\"og:image:height\" content=\"878\" \/>\n\t<meta property=\"og:image:type\" content=\"image\/jpeg\" \/>\n<meta name=\"twitter:card\" content=\"summary_large_image\" \/>\n<script type=\"application\/ld+json\" class=\"yoast-schema-graph\">{\"@context\":\"https:\/\/schema.org\",\"@graph\":[{\"@type\":\"WebPage\",\"@id\":\"https:\/\/cultiusponc.com\/de\/producto\/cyca-revoluta\/\",\"url\":\"https:\/\/cultiusponc.com\/de\/producto\/cyca-revoluta\/\",\"name\":\"Cyca Revoluta 500L | Cultius Pon\u00e7\",\"isPartOf\":{\"@id\":\"https:\/\/cultiusponc.com\/de\/#website\"},\"primaryImageOfPage\":{\"@id\":\"https:\/\/cultiusponc.com\/de\/producto\/cyca-revoluta\/#primaryimage\"},\"image\":{\"@id\":\"https:\/\/cultiusponc.com\/de\/producto\/cyca-revoluta\/#primaryimage\"},\"thumbnailUrl\":\"https:\/\/cultiusponc.com\/wp-content\/uploads\/2022\/10\/cultius-ponc-cyca-revoluta-500-l.jpg\",\"datePublished\":\"2023-07-08T09:57:42+00:00\",\"dateModified\":\"2023-07-18T16:35:38+00:00\",\"breadcrumb\":{\"@id\":\"https:\/\/cultiusponc.com\/de\/producto\/cyca-revoluta\/#breadcrumb\"},\"inLanguage\":\"de\",\"potentialAction\":[{\"@type\":\"ReadAction\",\"target\":[\"https:\/\/cultiusponc.com\/de\/producto\/cyca-revoluta\/\"]}]},{\"@type\":\"ImageObject\",\"inLanguage\":\"de\",\"@id\":\"https:\/\/cultiusponc.com\/de\/producto\/cyca-revoluta\/#primaryimage\",\"url\":\"https:\/\/cultiusponc.com\/wp-content\/uploads\/2022\/10\/cultius-ponc-cyca-revoluta-500-l.jpg\",\"contentUrl\":\"https:\/\/cultiusponc.com\/wp-content\/uploads\/2022\/10\/cultius-ponc-cyca-revoluta-500-l.jpg\",\"width\":1600,\"height\":878},{\"@type\":\"BreadcrumbList\",\"@id\":\"https:\/\/cultiusponc.com\/de\/producto\/cyca-revoluta\/#breadcrumb\",\"itemListElement\":[{\"@type\":\"ListItem\",\"position\":1,\"name\":\"Inici\",\"item\":\"https:\/\/cultiusponc.com\/de\/cultius-ponc\/\"},{\"@type\":\"ListItem\",\"position\":2,\"name\":\"Produkte\",\"item\":\"https:\/\/cultiusponc.com\/de\/shop\/\"},{\"@type\":\"ListItem\",\"position\":3,\"name\":\"Cyca Revoluta 500L\"}]},{\"@type\":\"WebSite\",\"@id\":\"https:\/\/cultiusponc.com\/de\/#website\",\"url\":\"https:\/\/cultiusponc.com\/de\/\",\"name\":\"Cultius Pon\u00e7\",\"description\":\"Garden i vivers | Exemplars, palmeres, oliveres i accessoris per a jardins\",\"publisher\":{\"@id\":\"https:\/\/cultiusponc.com\/de\/#organization\"},\"potentialAction\":[{\"@type\":\"SearchAction\",\"target\":{\"@type\":\"EntryPoint\",\"urlTemplate\":\"https:\/\/cultiusponc.com\/de\/?s={search_term_string}\"},\"query-input\":{\"@type\":\"PropertyValueSpecification\",\"valueRequired\":true,\"valueName\":\"search_term_string\"}}],\"inLanguage\":\"de\"},{\"@type\":\"Organization\",\"@id\":\"https:\/\/cultiusponc.com\/de\/#organization\",\"name\":\"Cultius Pon\u00e7\",\"url\":\"https:\/\/cultiusponc.com\/de\/\",\"logo\":{\"@type\":\"ImageObject\",\"inLanguage\":\"de\",\"@id\":\"https:\/\/cultiusponc.com\/de\/#\/schema\/logo\/image\/\",\"url\":\"https:\/\/cultiusponc.com\/wp-content\/uploads\/2022\/11\/Logo-cultius-ponc.svg\",\"contentUrl\":\"https:\/\/cultiusponc.com\/wp-content\/uploads\/2022\/11\/Logo-cultius-ponc.svg\",\"width\":1,\"height\":1,\"caption\":\"Cultius Pon\u00e7\"},\"image\":{\"@id\":\"https:\/\/cultiusponc.com\/de\/#\/schema\/logo\/image\/\"},\"sameAs\":[\"https:\/\/www.instagram.com\/cultius_ponc\/\",\"https:\/\/cultiusponc.com\"]}]}<\/script>\n<!-- \/ Yoast SEO plugin. -->","yoast_head_json":{"title":"Cyca Revoluta 500L | Cultius Pon\u00e7","robots":{"index":"index","follow":"follow","max-snippet":"max-snippet:-1","max-image-preview":"max-image-preview:large","max-video-preview":"max-video-preview:-1"},"canonical":"https:\/\/cultiusponc.com\/de\/producto\/cyca-revoluta\/","og_locale":"de_DE","og_type":"article","og_title":"Cyca Revoluta 500L | Cultius Pon\u00e7","og_description":"Cyca Revoluta. Sag\u00fa del Jap\u00f3n o Palma de Sag\u00fa.","og_url":"https:\/\/cultiusponc.com\/de\/producto\/cyca-revoluta\/","og_site_name":"Cultius Pon\u00e7","article_modified_time":"2023-07-18T16:35:38+00:00","og_image":[{"width":1600,"height":878,"url":"https:\/\/cultiusponc.com\/wp-content\/uploads\/2022\/10\/cultius-ponc-cyca-revoluta-500-l.jpg","type":"image\/jpeg"}],"twitter_card":"summary_large_image","schema":{"@context":"https:\/\/schema.org","@graph":[{"@type":"WebPage","@id":"https:\/\/cultiusponc.com\/de\/producto\/cyca-revoluta\/","url":"https:\/\/cultiusponc.com\/de\/producto\/cyca-revoluta\/","name":"Cyca Revoluta 500L | Cultius Pon\u00e7","isPartOf":{"@id":"https:\/\/cultiusponc.com\/de\/#website"},"primaryImageOfPage":{"@id":"https:\/\/cultiusponc.com\/de\/producto\/cyca-revoluta\/#primaryimage"},"image":{"@id":"https:\/\/cultiusponc.com\/de\/producto\/cyca-revoluta\/#primaryimage"},"thumbnailUrl":"https:\/\/cultiusponc.com\/wp-content\/uploads\/2022\/10\/cultius-ponc-cyca-revoluta-500-l.jpg","datePublished":"2023-07-08T09:57:42+00:00","dateModified":"2023-07-18T16:35:38+00:00","breadcrumb":{"@id":"https:\/\/cultiusponc.com\/de\/producto\/cyca-revoluta\/#breadcrumb"},"inLanguage":"de","potentialAction":[{"@type":"ReadAction","target":["https:\/\/cultiusponc.com\/de\/producto\/cyca-revoluta\/"]}]},{"@type":"ImageObject","inLanguage":"de","@id":"https:\/\/cultiusponc.com\/de\/producto\/cyca-revoluta\/#primaryimage","url":"https:\/\/cultiusponc.com\/wp-content\/uploads\/2022\/10\/cultius-ponc-cyca-revoluta-500-l.jpg","contentUrl":"https:\/\/cultiusponc.com\/wp-content\/uploads\/2022\/10\/cultius-ponc-cyca-revoluta-500-l.jpg","width":1600,"height":878},{"@type":"BreadcrumbList","@id":"https:\/\/cultiusponc.com\/de\/producto\/cyca-revoluta\/#breadcrumb","itemListElement":[{"@type":"ListItem","position":1,"name":"Inici","item":"https:\/\/cultiusponc.com\/de\/cultius-ponc\/"},{"@type":"ListItem","position":2,"name":"Produkte","item":"https:\/\/cultiusponc.com\/de\/shop\/"},{"@type":"ListItem","position":3,"name":"Cyca Revoluta 500L"}]},{"@type":"WebSite","@id":"https:\/\/cultiusponc.com\/de\/#website","url":"https:\/\/cultiusponc.com\/de\/","name":"Cultius Pon\u00e7","description":"Garden i vivers | Exemplars, palmeres, oliveres i accessoris per a jardins","publisher":{"@id":"https:\/\/cultiusponc.com\/de\/#organization"},"potentialAction":[{"@type":"SearchAction","target":{"@type":"EntryPoint","urlTemplate":"https:\/\/cultiusponc.com\/de\/?s={search_term_string}"},"query-input":{"@type":"PropertyValueSpecification","valueRequired":true,"valueName":"search_term_string"}}],"inLanguage":"de"},{"@type":"Organization","@id":"https:\/\/cultiusponc.com\/de\/#organization","name":"Cultius Pon\u00e7","url":"https:\/\/cultiusponc.com\/de\/","logo":{"@type":"ImageObject","inLanguage":"de","@id":"https:\/\/cultiusponc.com\/de\/#\/schema\/logo\/image\/","url":"https:\/\/cultiusponc.com\/wp-content\/uploads\/2022\/11\/Logo-cultius-ponc.svg","contentUrl":"https:\/\/cultiusponc.com\/wp-content\/uploads\/2022\/11\/Logo-cultius-ponc.svg","width":1,"height":1,"caption":"Cultius Pon\u00e7"},"image":{"@id":"https:\/\/cultiusponc.com\/de\/#\/schema\/logo\/image\/"},"sameAs":["https:\/\/www.instagram.com\/cultius_ponc\/","https:\/\/cultiusponc.com"]}]}},"_links":{"self":[{"href":"https:\/\/cultiusponc.com\/de\/wp-json\/wp\/v2\/product\/118185","targetHints":{"allow":["GET"]}}],"collection":[{"href":"https:\/\/cultiusponc.com\/de\/wp-json\/wp\/v2\/product"}],"about":[{"href":"https:\/\/cultiusponc.com\/de\/wp-json\/wp\/v2\/types\/product"}],"replies":[{"embeddable":true,"href":"https:\/\/cultiusponc.com\/de\/wp-json\/wp\/v2\/comments?post=118185"}],"wp:featuredmedia":[{"embeddable":true,"href":"https:\/\/cultiusponc.com\/de\/wp-json\/wp\/v2\/media\/117836"}],"wp:attachment":[{"href":"https:\/\/cultiusponc.com\/de\/wp-json\/wp\/v2\/media?parent=118185"}],"wp:term":[{"taxonomy":"product_brand","embeddable":true,"href":"https:\/\/cultiusponc.com\/de\/wp-json\/wp\/v2\/product_brand?post=118185"},{"taxonomy":"product_cat","embeddable":true,"href":"https:\/\/cultiusponc.com\/de\/wp-json\/wp\/v2\/product_cat?post=118185"},{"taxonomy":"product_tag","embeddable":true,"href":"https:\/\/cultiusponc.com\/de\/wp-json\/wp\/v2\/product_tag?post=118185"},{"taxonomy":"olea_europaea","embeddable":true,"href":"https:\/\/cultiusponc.com\/de\/wp-json\/wp\/v2\/olea_europaea?post=118185"},{"taxonomy":"palmacia","embeddable":true,"href":"https:\/\/cultiusponc.com\/de\/wp-json\/wp\/v2\/palmacia?post=118185"},{"taxonomy":"planta_forestal","embeddable":true,"href":"https:\/\/cultiusponc.com\/de\/wp-json\/wp\/v2\/planta_forestal?post=118185"},{"taxonomy":"arbres","embeddable":true,"href":"https:\/\/cultiusponc.com\/de\/wp-json\/wp\/v2\/arbres?post=118185"},{"taxonomy":"arbustos_i_coniferes","embeddable":true,"href":"https:\/\/cultiusponc.com\/de\/wp-json\/wp\/v2\/arbustos_i_coniferes?post=118185"},{"taxonomy":"fruiters","embeddable":true,"href":"https:\/\/cultiusponc.com\/de\/wp-json\/wp\/v2\/fruiters?post=118185"},{"taxonomy":"complements_jardi","embeddable":true,"href":"https:\/\/cultiusponc.com\/de\/wp-json\/wp\/v2\/complements_jardi?post=118185"}],"curies":[{"name":"wp","href":"https:\/\/api.w.org\/{rel}","templated":true}]}}