{"id":118128,"date":"2022-11-24T17:35:13","date_gmt":"2023-07-08T08:18:25","guid":{"rendered":"https:\/\/cultiusponc.com\/producto\/yucca-rostrata-multicaps-super-beispielhaft\/"},"modified":"2023-07-18T16:33:27","modified_gmt":"2023-07-18T16:33:27","slug":"yucca-rostrata","status":"publish","type":"product","link":"https:\/\/cultiusponc.com\/de\/producto\/yucca-rostrata\/","title":{"rendered":"Yucca Rostrata multicaps super beispielhaft"},"content":{"rendered":"<p style=\"text-align: justify;\"><strong><span style=\"text-decoration: underline;\"><span style=\"line-height: 115%; font-family: 'Times New Roman','serif'; font-size: 16pt;\">Yucca Rostrata<\/span><\/span><\/strong><span style=\"line-height: 115%; font-family: 'Times New Roman','serif'; font-size: 16pt;\">,<\/span><span style=\"line-height: 115%; font-family: 'Times New Roman','serif'; font-size: 12pt;\"> conocida com\u00fanmente como Yucca, pertenece a la familia de las Agavaceae y es nativa del sur de Estados Unidos y norte de M\u00e9jico. Es una planta que alcanza los 4,5 m de altura. Ideal para ubicar en jardines de bajo mantenimiento. Planta dura que soporta grandes heladas, sequias, as\u00ed como suelos alcalinos. Se entiende que dominar\u00e1 la jardiner\u00eda en los pr\u00f3ximos a\u00f1os. Crecimiento moderado, ideal para crear grupos en diferentes alturas y en rocallas. Requiere agua sobre todo en \u00e9poca estival .<\/span><\/p>\n<p style=\"text-align: justify;\"><span style=\"line-height: 115%; font-family: 'Times New Roman','serif'; font-size: 12pt;\">Formato : Yucca Rostata CO 20\/200 cm \u2013 Yucca Rostata 2 cabezas -100\/150, Yucca Rostata 3\/+cabezas \u2013 Yucca Rostata Ejemplares + 3 cabezas Extra \u2013 Yucca Rostata super Ejemplar.<\/span><\/p>\n","protected":false},"excerpt":{"rendered":"<p>Yucca Rostrata.<\/p>\n","protected":false},"featured_media":117843,"comment_status":"closed","ping_status":"closed","template":"","meta":[],"product_brand":[],"product_cat":[414,418],"product_tag":[],"olea_europaea":[],"palmacia":[419],"planta_forestal":[],"arbres":[],"arbustos_i_coniferes":[],"fruiters":[],"complements_jardi":[],"class_list":{"0":"post-118128","1":"product","2":"type-product","3":"status-publish","4":"has-post-thumbnail","6":"product_cat-produktkatalog-2021","7":"product_cat-palmen","8":"palmacia-palmen","10":"first","11":"instock","12":"shipping-taxable","13":"product-type-simple"},"yoast_head":"<!-- This site is optimized with the Yoast SEO plugin v27.3 - https:\/\/yoast.com\/product\/yoast-seo-wordpress\/ -->\n<title>Yucca Rostrata multicaps super beispielhaft | Cultius Pon\u00e7<\/title>\n<meta name=\"robots\" content=\"index, follow, max-snippet:-1, max-image-preview:large, max-video-preview:-1\" \/>\n<link rel=\"canonical\" href=\"https:\/\/cultiusponc.com\/de\/producto\/yucca-rostrata\/\" \/>\n<meta property=\"og:locale\" content=\"de_DE\" \/>\n<meta property=\"og:type\" content=\"article\" \/>\n<meta property=\"og:title\" content=\"Yucca Rostrata multicaps super beispielhaft | Cultius Pon\u00e7\" \/>\n<meta property=\"og:description\" content=\"Yucca Rostrata.\" \/>\n<meta property=\"og:url\" content=\"https:\/\/cultiusponc.com\/de\/producto\/yucca-rostrata\/\" \/>\n<meta property=\"og:site_name\" content=\"Cultius Pon\u00e7\" \/>\n<meta property=\"article:modified_time\" content=\"2023-07-18T16:33:27+00:00\" \/>\n<meta property=\"og:image\" content=\"https:\/\/cultiusponc.com\/wp-content\/uploads\/2022\/11\/cultius-ponc-yucca-rostrata-multicabezas-super-ejemplar.jpg\" \/>\n\t<meta property=\"og:image:width\" content=\"1600\" \/>\n\t<meta property=\"og:image:height\" content=\"1500\" \/>\n\t<meta property=\"og:image:type\" content=\"image\/jpeg\" \/>\n<meta name=\"twitter:card\" content=\"summary_large_image\" \/>\n<meta name=\"twitter:label1\" content=\"Gesch\u00e4tzte Lesezeit\" \/>\n\t<meta name=\"twitter:data1\" content=\"1\u00a0Minute\" \/>\n<script type=\"application\/ld+json\" class=\"yoast-schema-graph\">{\"@context\":\"https:\\\/\\\/schema.org\",\"@graph\":[{\"@type\":\"WebPage\",\"@id\":\"https:\\\/\\\/cultiusponc.com\\\/de\\\/producto\\\/yucca-rostrata\\\/\",\"url\":\"https:\\\/\\\/cultiusponc.com\\\/de\\\/producto\\\/yucca-rostrata\\\/\",\"name\":\"Yucca Rostrata multicaps super beispielhaft | Cultius Pon\u00e7\",\"isPartOf\":{\"@id\":\"https:\\\/\\\/cultiusponc.com\\\/de\\\/#website\"},\"primaryImageOfPage\":{\"@id\":\"https:\\\/\\\/cultiusponc.com\\\/de\\\/producto\\\/yucca-rostrata\\\/#primaryimage\"},\"image\":{\"@id\":\"https:\\\/\\\/cultiusponc.com\\\/de\\\/producto\\\/yucca-rostrata\\\/#primaryimage\"},\"thumbnailUrl\":\"https:\\\/\\\/cultiusponc.com\\\/wp-content\\\/uploads\\\/2022\\\/11\\\/cultius-ponc-yucca-rostrata-multicabezas-super-ejemplar.jpg\",\"datePublished\":\"2023-07-08T08:18:25+00:00\",\"dateModified\":\"2023-07-18T16:33:27+00:00\",\"breadcrumb\":{\"@id\":\"https:\\\/\\\/cultiusponc.com\\\/de\\\/producto\\\/yucca-rostrata\\\/#breadcrumb\"},\"inLanguage\":\"de\",\"potentialAction\":[{\"@type\":\"ReadAction\",\"target\":[\"https:\\\/\\\/cultiusponc.com\\\/de\\\/producto\\\/yucca-rostrata\\\/\"]}]},{\"@type\":\"ImageObject\",\"inLanguage\":\"de\",\"@id\":\"https:\\\/\\\/cultiusponc.com\\\/de\\\/producto\\\/yucca-rostrata\\\/#primaryimage\",\"url\":\"https:\\\/\\\/cultiusponc.com\\\/wp-content\\\/uploads\\\/2022\\\/11\\\/cultius-ponc-yucca-rostrata-multicabezas-super-ejemplar.jpg\",\"contentUrl\":\"https:\\\/\\\/cultiusponc.com\\\/wp-content\\\/uploads\\\/2022\\\/11\\\/cultius-ponc-yucca-rostrata-multicabezas-super-ejemplar.jpg\",\"width\":1600,\"height\":1500},{\"@type\":\"BreadcrumbList\",\"@id\":\"https:\\\/\\\/cultiusponc.com\\\/de\\\/producto\\\/yucca-rostrata\\\/#breadcrumb\",\"itemListElement\":[{\"@type\":\"ListItem\",\"position\":1,\"name\":\"Inici\",\"item\":\"https:\\\/\\\/cultiusponc.com\\\/de\\\/cultius-ponc\\\/\"},{\"@type\":\"ListItem\",\"position\":2,\"name\":\"Produkte\",\"item\":\"https:\\\/\\\/cultiusponc.com\\\/de\\\/shop\\\/\"},{\"@type\":\"ListItem\",\"position\":3,\"name\":\"Yucca Rostrata multicaps super beispielhaft\"}]},{\"@type\":\"WebSite\",\"@id\":\"https:\\\/\\\/cultiusponc.com\\\/de\\\/#website\",\"url\":\"https:\\\/\\\/cultiusponc.com\\\/de\\\/\",\"name\":\"Cultius Pon\u00e7\",\"description\":\"Garden i vivers | Exemplars, palmeres, oliveres i accessoris per a jardins\",\"publisher\":{\"@id\":\"https:\\\/\\\/cultiusponc.com\\\/de\\\/#organization\"},\"potentialAction\":[{\"@type\":\"SearchAction\",\"target\":{\"@type\":\"EntryPoint\",\"urlTemplate\":\"https:\\\/\\\/cultiusponc.com\\\/de\\\/?s={search_term_string}\"},\"query-input\":{\"@type\":\"PropertyValueSpecification\",\"valueRequired\":true,\"valueName\":\"search_term_string\"}}],\"inLanguage\":\"de\"},{\"@type\":\"Organization\",\"@id\":\"https:\\\/\\\/cultiusponc.com\\\/de\\\/#organization\",\"name\":\"Cultius Pon\u00e7\",\"url\":\"https:\\\/\\\/cultiusponc.com\\\/de\\\/\",\"logo\":{\"@type\":\"ImageObject\",\"inLanguage\":\"de\",\"@id\":\"https:\\\/\\\/cultiusponc.com\\\/de\\\/#\\\/schema\\\/logo\\\/image\\\/\",\"url\":\"https:\\\/\\\/cultiusponc.com\\\/wp-content\\\/uploads\\\/2022\\\/11\\\/Logo-cultius-ponc.svg\",\"contentUrl\":\"https:\\\/\\\/cultiusponc.com\\\/wp-content\\\/uploads\\\/2022\\\/11\\\/Logo-cultius-ponc.svg\",\"width\":1,\"height\":1,\"caption\":\"Cultius Pon\u00e7\"},\"image\":{\"@id\":\"https:\\\/\\\/cultiusponc.com\\\/de\\\/#\\\/schema\\\/logo\\\/image\\\/\"},\"sameAs\":[\"https:\\\/\\\/www.instagram.com\\\/cultius_ponc\\\/\",\"https:\\\/\\\/cultiusponc.com\"]}]}<\/script>\n<!-- \/ Yoast SEO plugin. -->","yoast_head_json":{"title":"Yucca Rostrata multicaps super beispielhaft | Cultius Pon\u00e7","robots":{"index":"index","follow":"follow","max-snippet":"max-snippet:-1","max-image-preview":"max-image-preview:large","max-video-preview":"max-video-preview:-1"},"canonical":"https:\/\/cultiusponc.com\/de\/producto\/yucca-rostrata\/","og_locale":"de_DE","og_type":"article","og_title":"Yucca Rostrata multicaps super beispielhaft | Cultius Pon\u00e7","og_description":"Yucca Rostrata.","og_url":"https:\/\/cultiusponc.com\/de\/producto\/yucca-rostrata\/","og_site_name":"Cultius Pon\u00e7","article_modified_time":"2023-07-18T16:33:27+00:00","og_image":[{"width":1600,"height":1500,"url":"https:\/\/cultiusponc.com\/wp-content\/uploads\/2022\/11\/cultius-ponc-yucca-rostrata-multicabezas-super-ejemplar.jpg","type":"image\/jpeg"}],"twitter_card":"summary_large_image","twitter_misc":{"Gesch\u00e4tzte Lesezeit":"1\u00a0Minute"},"schema":{"@context":"https:\/\/schema.org","@graph":[{"@type":"WebPage","@id":"https:\/\/cultiusponc.com\/de\/producto\/yucca-rostrata\/","url":"https:\/\/cultiusponc.com\/de\/producto\/yucca-rostrata\/","name":"Yucca Rostrata multicaps super beispielhaft | Cultius Pon\u00e7","isPartOf":{"@id":"https:\/\/cultiusponc.com\/de\/#website"},"primaryImageOfPage":{"@id":"https:\/\/cultiusponc.com\/de\/producto\/yucca-rostrata\/#primaryimage"},"image":{"@id":"https:\/\/cultiusponc.com\/de\/producto\/yucca-rostrata\/#primaryimage"},"thumbnailUrl":"https:\/\/cultiusponc.com\/wp-content\/uploads\/2022\/11\/cultius-ponc-yucca-rostrata-multicabezas-super-ejemplar.jpg","datePublished":"2023-07-08T08:18:25+00:00","dateModified":"2023-07-18T16:33:27+00:00","breadcrumb":{"@id":"https:\/\/cultiusponc.com\/de\/producto\/yucca-rostrata\/#breadcrumb"},"inLanguage":"de","potentialAction":[{"@type":"ReadAction","target":["https:\/\/cultiusponc.com\/de\/producto\/yucca-rostrata\/"]}]},{"@type":"ImageObject","inLanguage":"de","@id":"https:\/\/cultiusponc.com\/de\/producto\/yucca-rostrata\/#primaryimage","url":"https:\/\/cultiusponc.com\/wp-content\/uploads\/2022\/11\/cultius-ponc-yucca-rostrata-multicabezas-super-ejemplar.jpg","contentUrl":"https:\/\/cultiusponc.com\/wp-content\/uploads\/2022\/11\/cultius-ponc-yucca-rostrata-multicabezas-super-ejemplar.jpg","width":1600,"height":1500},{"@type":"BreadcrumbList","@id":"https:\/\/cultiusponc.com\/de\/producto\/yucca-rostrata\/#breadcrumb","itemListElement":[{"@type":"ListItem","position":1,"name":"Inici","item":"https:\/\/cultiusponc.com\/de\/cultius-ponc\/"},{"@type":"ListItem","position":2,"name":"Produkte","item":"https:\/\/cultiusponc.com\/de\/shop\/"},{"@type":"ListItem","position":3,"name":"Yucca Rostrata multicaps super beispielhaft"}]},{"@type":"WebSite","@id":"https:\/\/cultiusponc.com\/de\/#website","url":"https:\/\/cultiusponc.com\/de\/","name":"Cultius Pon\u00e7","description":"Garden i vivers | Exemplars, palmeres, oliveres i accessoris per a jardins","publisher":{"@id":"https:\/\/cultiusponc.com\/de\/#organization"},"potentialAction":[{"@type":"SearchAction","target":{"@type":"EntryPoint","urlTemplate":"https:\/\/cultiusponc.com\/de\/?s={search_term_string}"},"query-input":{"@type":"PropertyValueSpecification","valueRequired":true,"valueName":"search_term_string"}}],"inLanguage":"de"},{"@type":"Organization","@id":"https:\/\/cultiusponc.com\/de\/#organization","name":"Cultius Pon\u00e7","url":"https:\/\/cultiusponc.com\/de\/","logo":{"@type":"ImageObject","inLanguage":"de","@id":"https:\/\/cultiusponc.com\/de\/#\/schema\/logo\/image\/","url":"https:\/\/cultiusponc.com\/wp-content\/uploads\/2022\/11\/Logo-cultius-ponc.svg","contentUrl":"https:\/\/cultiusponc.com\/wp-content\/uploads\/2022\/11\/Logo-cultius-ponc.svg","width":1,"height":1,"caption":"Cultius Pon\u00e7"},"image":{"@id":"https:\/\/cultiusponc.com\/de\/#\/schema\/logo\/image\/"},"sameAs":["https:\/\/www.instagram.com\/cultius_ponc\/","https:\/\/cultiusponc.com"]}]}},"_links":{"self":[{"href":"https:\/\/cultiusponc.com\/de\/wp-json\/wp\/v2\/product\/118128","targetHints":{"allow":["GET"]}}],"collection":[{"href":"https:\/\/cultiusponc.com\/de\/wp-json\/wp\/v2\/product"}],"about":[{"href":"https:\/\/cultiusponc.com\/de\/wp-json\/wp\/v2\/types\/product"}],"replies":[{"embeddable":true,"href":"https:\/\/cultiusponc.com\/de\/wp-json\/wp\/v2\/comments?post=118128"}],"wp:featuredmedia":[{"embeddable":true,"href":"https:\/\/cultiusponc.com\/de\/wp-json\/wp\/v2\/media\/117843"}],"wp:attachment":[{"href":"https:\/\/cultiusponc.com\/de\/wp-json\/wp\/v2\/media?parent=118128"}],"wp:term":[{"taxonomy":"product_brand","embeddable":true,"href":"https:\/\/cultiusponc.com\/de\/wp-json\/wp\/v2\/product_brand?post=118128"},{"taxonomy":"product_cat","embeddable":true,"href":"https:\/\/cultiusponc.com\/de\/wp-json\/wp\/v2\/product_cat?post=118128"},{"taxonomy":"product_tag","embeddable":true,"href":"https:\/\/cultiusponc.com\/de\/wp-json\/wp\/v2\/product_tag?post=118128"},{"taxonomy":"olea_europaea","embeddable":true,"href":"https:\/\/cultiusponc.com\/de\/wp-json\/wp\/v2\/olea_europaea?post=118128"},{"taxonomy":"palmacia","embeddable":true,"href":"https:\/\/cultiusponc.com\/de\/wp-json\/wp\/v2\/palmacia?post=118128"},{"taxonomy":"planta_forestal","embeddable":true,"href":"https:\/\/cultiusponc.com\/de\/wp-json\/wp\/v2\/planta_forestal?post=118128"},{"taxonomy":"arbres","embeddable":true,"href":"https:\/\/cultiusponc.com\/de\/wp-json\/wp\/v2\/arbres?post=118128"},{"taxonomy":"arbustos_i_coniferes","embeddable":true,"href":"https:\/\/cultiusponc.com\/de\/wp-json\/wp\/v2\/arbustos_i_coniferes?post=118128"},{"taxonomy":"fruiters","embeddable":true,"href":"https:\/\/cultiusponc.com\/de\/wp-json\/wp\/v2\/fruiters?post=118128"},{"taxonomy":"complements_jardi","embeddable":true,"href":"https:\/\/cultiusponc.com\/de\/wp-json\/wp\/v2\/complements_jardi?post=118128"}],"curies":[{"name":"wp","href":"https:\/\/api.w.org\/{rel}","templated":true}]}}