{"id":118092,"date":"2022-12-03T09:02:02","date_gmt":"2023-07-08T07:40:26","guid":{"rendered":"https:\/\/cultiusponc.com\/producto\/granatapfel\/"},"modified":"2023-07-18T16:29:14","modified_gmt":"2023-07-18T16:29:14","slug":"punica-granatum-exemplar-600l","status":"publish","type":"product","link":"https:\/\/cultiusponc.com\/de\/producto\/punica-granatum-exemplar-600l\/","title":{"rendered":"Granatapfel"},"content":{"rendered":"<p style=\"text-align: justify;\"><strong><span style=\"text-decoration: underline;\"><span style=\"font-size: 16pt;\">Phyllostachis Aurea,<\/span> <\/span><\/strong><span style=\"font-family: times new roman,times; font-size: 12pt;\">  auch bekannt als Goldbambus, japanischer Bambus, geh\u00f6rt zur Familie der Poaceae und stammt aus China oder Japan. Guter Bambus f\u00fcr die Topfbepflanzung in voller Sonne oder im Halbschatten. Sie ben\u00f6tigt frische, humusreiche B\u00f6den.<\/span><\/p>\n<p style=\"text-align: justify;\"><span style=\"color: #292929; line-height: 115%; font-family: times new roman,times; font-size: 12pt;\">Format: CO 10L in der Gr\u00f6\u00dfe 125\/150 und CO 20L in der Gr\u00f6\u00dfe 200\/250.<\/span><\/p>\n","protected":false},"excerpt":{"rendered":"<ul>\n<li><em>Punica granatum<\/em><\/li>\n<li>CO (L): 35, 55, 70, 90, 90, 110, 180, 600<\/li>\n<li>Durchmesser (cm): 10\/12, 12\/16, 18\/25, 25\/30, 40\/50, Exemplar<\/li>\n<\/ul>\n","protected":false},"featured_media":117883,"comment_status":"closed","ping_status":"closed","template":"","meta":[],"product_brand":[],"product_cat":[414,473],"product_tag":[],"olea_europaea":[],"palmacia":[],"planta_forestal":[],"arbres":[],"arbustos_i_coniferes":[],"fruiters":[433],"complements_jardi":[],"class_list":{"0":"post-118092","1":"product","2":"type-product","3":"status-publish","4":"has-post-thumbnail","6":"product_cat-produktkatalog-2021","7":"product_cat-obstbaume","8":"fruiters-obstbaume","10":"first","11":"instock","12":"shipping-taxable","13":"product-type-simple"},"yoast_head":"<!-- This site is optimized with the Yoast SEO plugin v27.0 - https:\/\/yoast.com\/product\/yoast-seo-wordpress\/ -->\n<title>Granatapfel | Cultius Pon\u00e7<\/title>\n<meta name=\"robots\" content=\"index, follow, max-snippet:-1, max-image-preview:large, max-video-preview:-1\" \/>\n<link rel=\"canonical\" href=\"https:\/\/cultiusponc.com\/de\/producto\/punica-granatum-exemplar-600l\/\" \/>\n<meta property=\"og:locale\" content=\"de_DE\" \/>\n<meta property=\"og:type\" content=\"article\" \/>\n<meta property=\"og:title\" content=\"Granatapfel | Cultius Pon\u00e7\" \/>\n<meta property=\"og:description\" content=\"Punica granatum  CO (L): 35, 55, 70, 90, 90, 110, 180, 600  Durchmesser (cm): 10\/12, 12\/16, 18\/25, 25\/30, 40\/50, Exemplar\" \/>\n<meta property=\"og:url\" content=\"https:\/\/cultiusponc.com\/de\/producto\/punica-granatum-exemplar-600l\/\" \/>\n<meta property=\"og:site_name\" content=\"Cultius Pon\u00e7\" \/>\n<meta property=\"article:modified_time\" content=\"2023-07-18T16:29:14+00:00\" \/>\n<meta property=\"og:image\" content=\"https:\/\/cultiusponc.com\/wp-content\/uploads\/2022\/12\/cultius-ponc-frutales-punica-granatum-ejemplar-600-l.jpg\" \/>\n\t<meta property=\"og:image:width\" content=\"1178\" \/>\n\t<meta property=\"og:image:height\" content=\"1401\" \/>\n\t<meta property=\"og:image:type\" content=\"image\/jpeg\" \/>\n<meta name=\"twitter:card\" content=\"summary_large_image\" \/>\n<script type=\"application\/ld+json\" class=\"yoast-schema-graph\">{\"@context\":\"https:\/\/schema.org\",\"@graph\":[{\"@type\":\"WebPage\",\"@id\":\"https:\/\/cultiusponc.com\/de\/producto\/punica-granatum-exemplar-600l\/\",\"url\":\"https:\/\/cultiusponc.com\/de\/producto\/punica-granatum-exemplar-600l\/\",\"name\":\"Granatapfel | Cultius Pon\u00e7\",\"isPartOf\":{\"@id\":\"https:\/\/cultiusponc.com\/de\/#website\"},\"primaryImageOfPage\":{\"@id\":\"https:\/\/cultiusponc.com\/de\/producto\/punica-granatum-exemplar-600l\/#primaryimage\"},\"image\":{\"@id\":\"https:\/\/cultiusponc.com\/de\/producto\/punica-granatum-exemplar-600l\/#primaryimage\"},\"thumbnailUrl\":\"https:\/\/cultiusponc.com\/wp-content\/uploads\/2022\/12\/cultius-ponc-frutales-punica-granatum-ejemplar-600-l.jpg\",\"datePublished\":\"2023-07-08T07:40:26+00:00\",\"dateModified\":\"2023-07-18T16:29:14+00:00\",\"breadcrumb\":{\"@id\":\"https:\/\/cultiusponc.com\/de\/producto\/punica-granatum-exemplar-600l\/#breadcrumb\"},\"inLanguage\":\"de\",\"potentialAction\":[{\"@type\":\"ReadAction\",\"target\":[\"https:\/\/cultiusponc.com\/de\/producto\/punica-granatum-exemplar-600l\/\"]}]},{\"@type\":\"ImageObject\",\"inLanguage\":\"de\",\"@id\":\"https:\/\/cultiusponc.com\/de\/producto\/punica-granatum-exemplar-600l\/#primaryimage\",\"url\":\"https:\/\/cultiusponc.com\/wp-content\/uploads\/2022\/12\/cultius-ponc-frutales-punica-granatum-ejemplar-600-l.jpg\",\"contentUrl\":\"https:\/\/cultiusponc.com\/wp-content\/uploads\/2022\/12\/cultius-ponc-frutales-punica-granatum-ejemplar-600-l.jpg\",\"width\":1178,\"height\":1401},{\"@type\":\"BreadcrumbList\",\"@id\":\"https:\/\/cultiusponc.com\/de\/producto\/punica-granatum-exemplar-600l\/#breadcrumb\",\"itemListElement\":[{\"@type\":\"ListItem\",\"position\":1,\"name\":\"Inici\",\"item\":\"https:\/\/cultiusponc.com\/de\/cultius-ponc\/\"},{\"@type\":\"ListItem\",\"position\":2,\"name\":\"Produkte\",\"item\":\"https:\/\/cultiusponc.com\/de\/shop\/\"},{\"@type\":\"ListItem\",\"position\":3,\"name\":\"Granatapfel\"}]},{\"@type\":\"WebSite\",\"@id\":\"https:\/\/cultiusponc.com\/de\/#website\",\"url\":\"https:\/\/cultiusponc.com\/de\/\",\"name\":\"Cultius Pon\u00e7\",\"description\":\"Garden i vivers | Exemplars, palmeres, oliveres i accessoris per a jardins\",\"publisher\":{\"@id\":\"https:\/\/cultiusponc.com\/de\/#organization\"},\"potentialAction\":[{\"@type\":\"SearchAction\",\"target\":{\"@type\":\"EntryPoint\",\"urlTemplate\":\"https:\/\/cultiusponc.com\/de\/?s={search_term_string}\"},\"query-input\":{\"@type\":\"PropertyValueSpecification\",\"valueRequired\":true,\"valueName\":\"search_term_string\"}}],\"inLanguage\":\"de\"},{\"@type\":\"Organization\",\"@id\":\"https:\/\/cultiusponc.com\/de\/#organization\",\"name\":\"Cultius Pon\u00e7\",\"url\":\"https:\/\/cultiusponc.com\/de\/\",\"logo\":{\"@type\":\"ImageObject\",\"inLanguage\":\"de\",\"@id\":\"https:\/\/cultiusponc.com\/de\/#\/schema\/logo\/image\/\",\"url\":\"https:\/\/cultiusponc.com\/wp-content\/uploads\/2022\/11\/Logo-cultius-ponc.svg\",\"contentUrl\":\"https:\/\/cultiusponc.com\/wp-content\/uploads\/2022\/11\/Logo-cultius-ponc.svg\",\"width\":1,\"height\":1,\"caption\":\"Cultius Pon\u00e7\"},\"image\":{\"@id\":\"https:\/\/cultiusponc.com\/de\/#\/schema\/logo\/image\/\"},\"sameAs\":[\"https:\/\/www.instagram.com\/cultius_ponc\/\",\"https:\/\/cultiusponc.com\"]}]}<\/script>\n<!-- \/ Yoast SEO plugin. -->","yoast_head_json":{"title":"Granatapfel | Cultius Pon\u00e7","robots":{"index":"index","follow":"follow","max-snippet":"max-snippet:-1","max-image-preview":"max-image-preview:large","max-video-preview":"max-video-preview:-1"},"canonical":"https:\/\/cultiusponc.com\/de\/producto\/punica-granatum-exemplar-600l\/","og_locale":"de_DE","og_type":"article","og_title":"Granatapfel | Cultius Pon\u00e7","og_description":"Punica granatum  CO (L): 35, 55, 70, 90, 90, 110, 180, 600  Durchmesser (cm): 10\/12, 12\/16, 18\/25, 25\/30, 40\/50, Exemplar","og_url":"https:\/\/cultiusponc.com\/de\/producto\/punica-granatum-exemplar-600l\/","og_site_name":"Cultius Pon\u00e7","article_modified_time":"2023-07-18T16:29:14+00:00","og_image":[{"width":1178,"height":1401,"url":"https:\/\/cultiusponc.com\/wp-content\/uploads\/2022\/12\/cultius-ponc-frutales-punica-granatum-ejemplar-600-l.jpg","type":"image\/jpeg"}],"twitter_card":"summary_large_image","schema":{"@context":"https:\/\/schema.org","@graph":[{"@type":"WebPage","@id":"https:\/\/cultiusponc.com\/de\/producto\/punica-granatum-exemplar-600l\/","url":"https:\/\/cultiusponc.com\/de\/producto\/punica-granatum-exemplar-600l\/","name":"Granatapfel | Cultius Pon\u00e7","isPartOf":{"@id":"https:\/\/cultiusponc.com\/de\/#website"},"primaryImageOfPage":{"@id":"https:\/\/cultiusponc.com\/de\/producto\/punica-granatum-exemplar-600l\/#primaryimage"},"image":{"@id":"https:\/\/cultiusponc.com\/de\/producto\/punica-granatum-exemplar-600l\/#primaryimage"},"thumbnailUrl":"https:\/\/cultiusponc.com\/wp-content\/uploads\/2022\/12\/cultius-ponc-frutales-punica-granatum-ejemplar-600-l.jpg","datePublished":"2023-07-08T07:40:26+00:00","dateModified":"2023-07-18T16:29:14+00:00","breadcrumb":{"@id":"https:\/\/cultiusponc.com\/de\/producto\/punica-granatum-exemplar-600l\/#breadcrumb"},"inLanguage":"de","potentialAction":[{"@type":"ReadAction","target":["https:\/\/cultiusponc.com\/de\/producto\/punica-granatum-exemplar-600l\/"]}]},{"@type":"ImageObject","inLanguage":"de","@id":"https:\/\/cultiusponc.com\/de\/producto\/punica-granatum-exemplar-600l\/#primaryimage","url":"https:\/\/cultiusponc.com\/wp-content\/uploads\/2022\/12\/cultius-ponc-frutales-punica-granatum-ejemplar-600-l.jpg","contentUrl":"https:\/\/cultiusponc.com\/wp-content\/uploads\/2022\/12\/cultius-ponc-frutales-punica-granatum-ejemplar-600-l.jpg","width":1178,"height":1401},{"@type":"BreadcrumbList","@id":"https:\/\/cultiusponc.com\/de\/producto\/punica-granatum-exemplar-600l\/#breadcrumb","itemListElement":[{"@type":"ListItem","position":1,"name":"Inici","item":"https:\/\/cultiusponc.com\/de\/cultius-ponc\/"},{"@type":"ListItem","position":2,"name":"Produkte","item":"https:\/\/cultiusponc.com\/de\/shop\/"},{"@type":"ListItem","position":3,"name":"Granatapfel"}]},{"@type":"WebSite","@id":"https:\/\/cultiusponc.com\/de\/#website","url":"https:\/\/cultiusponc.com\/de\/","name":"Cultius Pon\u00e7","description":"Garden i vivers | Exemplars, palmeres, oliveres i accessoris per a jardins","publisher":{"@id":"https:\/\/cultiusponc.com\/de\/#organization"},"potentialAction":[{"@type":"SearchAction","target":{"@type":"EntryPoint","urlTemplate":"https:\/\/cultiusponc.com\/de\/?s={search_term_string}"},"query-input":{"@type":"PropertyValueSpecification","valueRequired":true,"valueName":"search_term_string"}}],"inLanguage":"de"},{"@type":"Organization","@id":"https:\/\/cultiusponc.com\/de\/#organization","name":"Cultius Pon\u00e7","url":"https:\/\/cultiusponc.com\/de\/","logo":{"@type":"ImageObject","inLanguage":"de","@id":"https:\/\/cultiusponc.com\/de\/#\/schema\/logo\/image\/","url":"https:\/\/cultiusponc.com\/wp-content\/uploads\/2022\/11\/Logo-cultius-ponc.svg","contentUrl":"https:\/\/cultiusponc.com\/wp-content\/uploads\/2022\/11\/Logo-cultius-ponc.svg","width":1,"height":1,"caption":"Cultius Pon\u00e7"},"image":{"@id":"https:\/\/cultiusponc.com\/de\/#\/schema\/logo\/image\/"},"sameAs":["https:\/\/www.instagram.com\/cultius_ponc\/","https:\/\/cultiusponc.com"]}]}},"_links":{"self":[{"href":"https:\/\/cultiusponc.com\/de\/wp-json\/wp\/v2\/product\/118092","targetHints":{"allow":["GET"]}}],"collection":[{"href":"https:\/\/cultiusponc.com\/de\/wp-json\/wp\/v2\/product"}],"about":[{"href":"https:\/\/cultiusponc.com\/de\/wp-json\/wp\/v2\/types\/product"}],"replies":[{"embeddable":true,"href":"https:\/\/cultiusponc.com\/de\/wp-json\/wp\/v2\/comments?post=118092"}],"wp:featuredmedia":[{"embeddable":true,"href":"https:\/\/cultiusponc.com\/de\/wp-json\/wp\/v2\/media\/117883"}],"wp:attachment":[{"href":"https:\/\/cultiusponc.com\/de\/wp-json\/wp\/v2\/media?parent=118092"}],"wp:term":[{"taxonomy":"product_brand","embeddable":true,"href":"https:\/\/cultiusponc.com\/de\/wp-json\/wp\/v2\/product_brand?post=118092"},{"taxonomy":"product_cat","embeddable":true,"href":"https:\/\/cultiusponc.com\/de\/wp-json\/wp\/v2\/product_cat?post=118092"},{"taxonomy":"product_tag","embeddable":true,"href":"https:\/\/cultiusponc.com\/de\/wp-json\/wp\/v2\/product_tag?post=118092"},{"taxonomy":"olea_europaea","embeddable":true,"href":"https:\/\/cultiusponc.com\/de\/wp-json\/wp\/v2\/olea_europaea?post=118092"},{"taxonomy":"palmacia","embeddable":true,"href":"https:\/\/cultiusponc.com\/de\/wp-json\/wp\/v2\/palmacia?post=118092"},{"taxonomy":"planta_forestal","embeddable":true,"href":"https:\/\/cultiusponc.com\/de\/wp-json\/wp\/v2\/planta_forestal?post=118092"},{"taxonomy":"arbres","embeddable":true,"href":"https:\/\/cultiusponc.com\/de\/wp-json\/wp\/v2\/arbres?post=118092"},{"taxonomy":"arbustos_i_coniferes","embeddable":true,"href":"https:\/\/cultiusponc.com\/de\/wp-json\/wp\/v2\/arbustos_i_coniferes?post=118092"},{"taxonomy":"fruiters","embeddable":true,"href":"https:\/\/cultiusponc.com\/de\/wp-json\/wp\/v2\/fruiters?post=118092"},{"taxonomy":"complements_jardi","embeddable":true,"href":"https:\/\/cultiusponc.com\/de\/wp-json\/wp\/v2\/complements_jardi?post=118092"}],"curies":[{"name":"wp","href":"https:\/\/api.w.org\/{rel}","templated":true}]}}