{"id":118009,"date":"2023-07-08T06:58:46","date_gmt":"2023-07-08T06:58:46","guid":{"rendered":"https:\/\/cultiusponc.com\/logistik\/"},"modified":"2023-07-24T09:01:44","modified_gmt":"2023-07-24T09:01:44","slug":"logistik","status":"publish","type":"page","link":"https:\/\/cultiusponc.com\/de\/logistik\/","title":{"rendered":"Logistik"},"content":{"rendered":"<div class=\"wpb-content-wrapper\"><p>[vc_row row_height_percent=&#8220;0&#8243; override_padding=&#8220;yes&#8220; h_padding=&#8220;2&#8243; top_padding=&#8220;3&#8243; bottom_padding=&#8220;2&#8243; overlay_alpha=&#8220;50&#8243; gutter_size=&#8220;3&#8243; column_width_percent=&#8220;100&#8243; shift_y=&#8220;0&#8243; z_index=&#8220;0&#8243; uncode_shortcode_id=&#8220;199075&#8243;][vc_column column_width_use_pixel=&#8220;yes&#8220; align_horizontal=&#8220;align_center&#8220; gutter_size=&#8220;3&#8243; overlay_alpha=&#8220;50&#8243; shift_x=&#8220;0&#8243; shift_y=&#8220;0&#8243; shift_y_down=&#8220;0&#8243; z_index=&#8220;0&#8243; medium_width=&#8220;0&#8243; mobile_width=&#8220;0&#8243; width=&#8220;1\/1&#8243; column_width_pixel=&#8220;900&#8243; uncode_shortcode_id=&#8220;188993&#8243;][vc_icon icon_image=&#8220;115349&#8243; media_size=&#8220;200&#8243; uncode_shortcode_id=&#8220;259136&#8243;][\/vc_icon][vc_custom_heading heading_semantic=&#8220;h3&#8243; text_size=&#8220;fontsize-155944&#8243; uncode_shortcode_id=&#8220;163041&#8243;]Wir transportieren unsere Produkte in alle Welt[\/vc_custom_heading][vc_custom_heading text_color=&#8220;color-wvjs&#8220; heading_semantic=&#8220;p&#8220; text_size=&#8220;h3&#8243; text_height=&#8220;fontheight-524109&#8243; uncode_shortcode_id=&#8220;579208&#8243; text_color_type=&#8220;uncode-palette&#8220;]Cultius Pon\u00e7 verf\u00fcgt \u00fcber eine eigene Flotte aus mehr als:[\/vc_custom_heading][vc_row_inner row_inner_height_percent=&#8220;0&#8243; overlay_alpha=&#8220;50&#8243; gutter_size=&#8220;4&#8243; shift_y=&#8220;0&#8243; z_index=&#8220;0&#8243;][vc_column_inner column_width_percent=&#8220;100&#8243; align_horizontal=&#8220;align_right&#8220; gutter_size=&#8220;2&#8243; overlay_alpha=&#8220;50&#8243; shift_x=&#8220;0&#8243; shift_y=&#8220;0&#8243; shift_y_down=&#8220;0&#8243; z_index=&#8220;0&#8243; medium_width=&#8220;4&#8243; align_mobile=&#8220;align_center_mobile&#8220; mobile_width=&#8220;0&#8243; radius=&#8220;sm&#8220; width=&#8220;1\/2&#8243;][uncode_counter value=&#8220;40&#8243; counter_color=&#8220;accent&#8220; size=&#8220;fontsize-445851&#8243; weight=&#8220;600&#8243; height=&#8220;fontheight-179065&#8243; uncode_shortcode_id=&#8220;126031&#8243; counter_color_type=&#8220;uncode-palette&#8220;][vc_custom_heading heading_semantic=&#8220;h3&#8243; text_size=&#8220;h4&#8243; uncode_shortcode_id=&#8220;469109&#8243;]Fahrzeugen[\/vc_custom_heading][\/vc_column_inner][vc_column_inner column_width_percent=&#8220;100&#8243; gutter_size=&#8220;2&#8243; overlay_alpha=&#8220;50&#8243; shift_x=&#8220;0&#8243; shift_y=&#8220;0&#8243; shift_y_down=&#8220;0&#8243; z_index=&#8220;0&#8243; medium_width=&#8220;4&#8243; align_mobile=&#8220;align_center_mobile&#8220; mobile_width=&#8220;0&#8243; radius=&#8220;sm&#8220; width=&#8220;1\/2&#8243;][uncode_counter value=&#8220;30&#8243; counter_color=&#8220;accent&#8220; size=&#8220;fontsize-445851&#8243; weight=&#8220;600&#8243; height=&#8220;fontheight-179065&#8243; uncode_shortcode_id=&#8220;142498&#8243; counter_color_type=&#8220;uncode-palette&#8220;][vc_custom_heading heading_semantic=&#8220;h3&#8243; text_size=&#8220;h4&#8243; uncode_shortcode_id=&#8220;362658&#8243;]Sattelz\u00fcgen[\/vc_custom_heading][\/vc_column_inner][\/vc_row_inner][vc_custom_heading text_color=&#8220;color-wvjs&#8220; heading_semantic=&#8220;p&#8220; text_size=&#8220;h3&#8243; text_height=&#8220;fontheight-524109&#8243; uncode_shortcode_id=&#8220;382025&#8243; text_color_type=&#8220;uncode-palette&#8220;]Von Kranwagen, Kranlastern, LKws mit Hebeb\u00fchne, Aufliegern und Tiefladern bis zu Plattform-Lkws verf\u00fcgen wir \u00fcber alle Transportmittel, um unsere Produkte immer unter den besten Bedingungen liefern zu k\u00f6nnen.[\/vc_custom_heading][\/vc_column][\/vc_row][vc_row row_height_percent=&#8220;0&#8243; overlay_alpha=&#8220;50&#8243; gutter_size=&#8220;3&#8243; column_width_percent=&#8220;100&#8243; shift_y=&#8220;0&#8243; z_index=&#8220;0&#8243; uncode_shortcode_id=&#8220;445979&#8243;][vc_column column_width_percent=&#8220;100&#8243; align_horizontal=&#8220;align_center&#8220; gutter_size=&#8220;3&#8243; overlay_alpha=&#8220;50&#8243; shift_x=&#8220;0&#8243; shift_y=&#8220;0&#8243; shift_y_down=&#8220;0&#8243; z_index=&#8220;0&#8243; medium_width=&#8220;0&#8243; mobile_width=&#8220;0&#8243; width=&#8220;1\/1&#8243; uncode_shortcode_id=&#8220;110085&#8243;][vc_single_image media=&#8220;119106&#8243; media_width_percent=&#8220;100&#8243; media_ratio=&#8220;twentyone-nine&#8220; alignment=&#8220;center&#8220; shape=&#8220;img-round&#8220; radius=&#8220;std&#8220; uncode_shortcode_id=&#8220;199280&#8243;][vc_gallery el_id=&#8220;gallery-183354&#8243; medias=&#8220;118337,118330,118344&#8243; gutter_size=&#8220;3&#8243; media_items=&#8220;media|lightbox|original,icon|lg&#8220; screen_lg=&#8220;1000&#8243; screen_md=&#8220;600&#8243; screen_sm=&#8220;480&#8243; images_size=&#8220;four-three&#8220; single_shape=&#8220;round&#8220; radius=&#8220;std&#8220; single_overlay_color=&#8220;color-366506&#8243; single_overlay_opacity=&#8220;80&#8243; single_h_align=&#8220;center&#8220; single_padding=&#8220;2&#8243; single_icon=&#8220;fa fa-eye&#8220; uncode_shortcode_id=&#8220;704138&#8243;][vc_single_image media=&#8220;115330&#8243; media_width_percent=&#8220;100&#8243; media_ratio=&#8220;twentyone-nine&#8220; alignment=&#8220;center&#8220; shape=&#8220;img-round&#8220; radius=&#8220;std&#8220; uncode_shortcode_id=&#8220;952284&#8243;][vc_gallery el_id=&#8220;gallery-183354&#8243; medias=&#8220;115334,115338,115342&#8243; gutter_size=&#8220;3&#8243; media_items=&#8220;media|lightbox|original,icon|lg&#8220; screen_lg=&#8220;1000&#8243; screen_md=&#8220;600&#8243; screen_sm=&#8220;480&#8243; images_size=&#8220;four-three&#8220; single_shape=&#8220;round&#8220; radius=&#8220;std&#8220; single_overlay_color=&#8220;color-366506&#8243; single_overlay_opacity=&#8220;80&#8243; single_h_align=&#8220;center&#8220; single_padding=&#8220;2&#8243; single_icon=&#8220;fa fa-eye&#8220; uncode_shortcode_id=&#8220;140933&#8243;][\/vc_column][\/vc_row][vc_row row_height_percent=&#8220;0&#8243; override_padding=&#8220;yes&#8220; h_padding=&#8220;3&#8243; top_padding=&#8220;3&#8243; bottom_padding=&#8220;3&#8243; back_color=&#8220;color-xsdn&#8220; overlay_alpha=&#8220;50&#8243; gutter_size=&#8220;3&#8243; column_width_percent=&#8220;100&#8243; shift_y=&#8220;0&#8243; z_index=&#8220;0&#8243; top_divider=&#8220;gradient&#8220; bottom_divider=&#8220;gradient&#8220; inverted_device_order=&#8220;yes&#8220; uncode_shortcode_id=&#8220;128735&#8243; back_color_type=&#8220;uncode-palette&#8220;][vc_column column_width_percent=&#8220;100&#8243; gutter_size=&#8220;3&#8243; overlay_alpha=&#8220;50&#8243; shift_x=&#8220;0&#8243; shift_y=&#8220;0&#8243; shift_y_down=&#8220;0&#8243; z_index=&#8220;0&#8243; medium_width=&#8220;0&#8243; mobile_width=&#8220;0&#8243; css_animation=&#8220;alpha-anim&#8220; animation_speed=&#8220;1000&#8243; width=&#8220;5\/12&#8243; uncode_shortcode_id=&#8220;327424&#8243;][vc_row_inner row_inner_height_percent=&#8220;0&#8243; overlay_alpha=&#8220;50&#8243; gutter_size=&#8220;4&#8243; shift_y=&#8220;0&#8243; z_index=&#8220;0&#8243; limit_content=&#8220;&#8220;][vc_column_inner column_width_percent=&#8220;100&#8243; gutter_size=&#8220;3&#8243; font_family=&#8220;font-613363&#8243; overlay_alpha=&#8220;50&#8243; shift_x=&#8220;0&#8243; shift_y=&#8220;0&#8243; shift_y_down=&#8220;0&#8243; z_index=&#8220;0&#8243; medium_width=&#8220;4&#8243; mobile_width=&#8220;0&#8243; width=&#8220;1\/1&#8243; uncode_shortcode_id=&#8220;184495&#8243;][vc_custom_heading text_size=&#8220;h3&#8243; uncode_shortcode_id=&#8220;747521&#8243;]Wir bedienen regelm\u00e4\u00dfige Routen in ganz Europa, haupts\u00e4chlich in:[\/vc_custom_heading][uncode_list larger=&#8220;yes&#8220; icon=&#8220;fa fa-minus2&#8243; uncode_shortcode_id=&#8220;197899&#8243;]<\/p>\n<ul>\n<li>Italien<\/li>\n<li>Frankreich<\/li>\n<li>Belgien<\/li>\n<li>Portugal<\/li>\n<li>Deutschland<\/li>\n<li>Luxemburg<\/li>\n<li>Schweiz\u2026<\/li>\n<\/ul>\n<p>[\/uncode_list][\/vc_column_inner][\/vc_row_inner][\/vc_column][vc_column column_width_percent=&#8220;100&#8243; position_vertical=&#8220;middle&#8220; gutter_size=&#8220;3&#8243; font_family=&#8220;font-613363&#8243; overlay_alpha=&#8220;50&#8243; shift_x=&#8220;0&#8243; shift_y=&#8220;0&#8243; shift_y_down=&#8220;0&#8243; z_index=&#8220;0&#8243; medium_width=&#8220;0&#8243; mobile_width=&#8220;0&#8243; css_animation=&#8220;alpha-anim&#8220; animation_speed=&#8220;1000&#8243; width=&#8220;7\/12&#8243; uncode_shortcode_id=&#8220;484410&#8243;][vc_custom_heading text_color=&#8220;color-wvjs&#8220; text_size=&#8220;h3&#8243; text_height=&#8220;fontheight-357766&#8243; uncode_shortcode_id=&#8220;920329&#8243; text_color_type=&#8220;uncode-palette&#8220;]Ausgestattet mit Tracking-Systemen, mit denen wir fortlaufende Kontrollen von Position, Verbrauch, Fahrzeiten und Emissionen unserer einzelnen Lkws durchf\u00fchren. So k\u00f6nnen wir vorausschauende und vorbeugende Wartungsma\u00dfnahmen durchf\u00fchren und jegliche Zwischenf\u00e4lle vermeiden, um eine korrekte Pflege und Nachverfolgbarkeit unserer Waren zu gew\u00e4hrleisten.[\/vc_custom_heading][\/vc_column][\/vc_row][vc_row row_height_percent=&#8220;65&#8243; override_padding=&#8220;yes&#8220; h_padding=&#8220;2&#8243; top_padding=&#8220;0&#8243; bottom_padding=&#8220;3&#8243; overlay_alpha=&#8220;50&#8243; gutter_size=&#8220;3&#8243; column_width_percent=&#8220;100&#8243; shift_y=&#8220;0&#8243; z_index=&#8220;0&#8243; uncode_shortcode_id=&#8220;176438&#8243;][vc_column column_width_percent=&#8220;100&#8243; position_vertical=&#8220;middle&#8220; gutter_size=&#8220;5&#8243; overlay_alpha=&#8220;50&#8243; shift_x=&#8220;0&#8243; shift_y=&#8220;0&#8243; shift_y_down=&#8220;0&#8243; z_index=&#8220;0&#8243; medium_width=&#8220;0&#8243; mobile_width=&#8220;0&#8243; width=&#8220;1\/1&#8243;][vc_single_image media=&#8220;115326&#8243; media_width_percent=&#8220;100&#8243; alignment=&#8220;center&#8220; shape=&#8220;img-round&#8220; radius=&#8220;std&#8220; uncode_shortcode_id=&#8220;149231&#8243;][vc_row_inner row_inner_height_percent=&#8220;0&#8243; overlay_alpha=&#8220;50&#8243; gutter_size=&#8220;4&#8243; shift_y=&#8220;0&#8243; z_index=&#8220;0&#8243;][vc_column_inner column_width_percent=&#8220;100&#8243; gutter_size=&#8220;3&#8243; overlay_alpha=&#8220;50&#8243; shift_x=&#8220;0&#8243; shift_y=&#8220;0&#8243; shift_y_down=&#8220;0&#8243; z_index=&#8220;0&#8243; medium_width=&#8220;0&#8243; mobile_width=&#8220;0&#8243; width=&#8220;1\/3&#8243;][vc_icon position=&#8220;left&#8220; icon_image=&#8220;115394&#8243; icon_color=&#8220;accent&#8220; media_size=&#8220;60&#8243; text_size=&#8220;h4&#8243; text_height=&#8220;fontheight-524109&#8243; title=&#8220;Sondergenehmigungen&#8220; uncode_shortcode_id=&#8220;153462&#8243; icon_color_type=&#8220;uncode-palette&#8220;]Wir verf\u00fcgen \u00fcber Sondergenehmigungen in Spanien, Frankreich, Portugal und Italien f\u00fcr <strong>Sondertransporte mit Exemplaren in \u00dcbergr\u00f6\u00dfe.<\/strong>[\/vc_icon][\/vc_column_inner][vc_column_inner column_width_percent=&#8220;100&#8243; gutter_size=&#8220;3&#8243; overlay_alpha=&#8220;50&#8243; shift_x=&#8220;0&#8243; shift_y=&#8220;0&#8243; shift_y_down=&#8220;0&#8243; z_index=&#8220;0&#8243; medium_width=&#8220;0&#8243; mobile_width=&#8220;0&#8243; width=&#8220;1\/3&#8243;][vc_icon position=&#8220;left&#8220; icon_image=&#8220;115402&#8243; media_size=&#8220;60&#8243; text_size=&#8220;h4&#8243; text_height=&#8220;fontheight-524109&#8243; title=&#8220;Nachverfolgung per Satellit&#8220; uncode_shortcode_id=&#8220;574273&#8243;]Unsere Fahrzeuge sind mit einem <strong>Nachverfolgungssystem per Satellit<\/strong> ausgestattet, damit wir sie jederzeit lokalisieren und <strong>unsere Kunden \u00fcber<\/strong> ihre Position informieren k\u00f6nnen.[\/vc_icon][\/vc_column_inner][vc_column_inner column_width_percent=&#8220;100&#8243; gutter_size=&#8220;3&#8243; overlay_alpha=&#8220;50&#8243; shift_x=&#8220;0&#8243; shift_y=&#8220;0&#8243; shift_y_down=&#8220;0&#8243; z_index=&#8220;0&#8243; medium_width=&#8220;0&#8243; mobile_width=&#8220;0&#8243; width=&#8220;1\/3&#8243;][vc_icon position=&#8220;left&#8220; icon_image=&#8220;115407&#8243; media_size=&#8220;60&#8243; text_size=&#8220;h4&#8243; text_height=&#8220;fontheight-524109&#8243; title=&#8220;Umweltschutz&#8220; uncode_shortcode_id=&#8220;110054&#8243;]Wir halten bei unserer Arbeit unsere Verpflichtungen gegen\u00fcber der Gesellschaft und der Umwelt ein, <strong>und die Mehrzahl unserer Fahrzeuge sind EURO 6 und mit \u00f6kologischen Reifen ausgestattet,<\/strong> um unsere Umweltauswirkung m\u00f6glichst gering zu halten.[\/vc_icon][\/vc_column_inner][\/vc_row_inner][vc_single_image media=&#8220;115322&#8243; media_width_percent=&#8220;100&#8243; alignment=&#8220;center&#8220; shape=&#8220;img-round&#8220; radius=&#8220;std&#8220; uncode_shortcode_id=&#8220;180337&#8243;][\/vc_column][\/vc_row]<\/p>\n<\/div>","protected":false},"excerpt":{"rendered":"<p>[vc_row row_height_percent=&#8220;0&#8243; override_padding=&#8220;yes&#8220; h_padding=&#8220;2&#8243; top_padding=&#8220;3&#8243; bottom_padding=&#8220;2&#8243; overlay_alpha=&#8220;50&#8243; gutter_size=&#8220;3&#8243; column_width_percent=&#8220;100&#8243; shift_y=&#8220;0&#8243; z_index=&#8220;0&#8243; uncode_shortcode_id=&#8220;199075&#8243;][vc_column column_width_use_pixel=&#8220;yes&#8220; align_horizontal=&#8220;align_center&#8220; gutter_size=&#8220;3&#8243; overlay_alpha=&#8220;50&#8243; shift_x=&#8220;0&#8243; shift_y=&#8220;0&#8243; shift_y_down=&#8220;0&#8243; z_index=&#8220;0&#8243; [&hellip;]<\/p>\n","protected":false},"author":1,"featured_media":118350,"parent":0,"menu_order":0,"comment_status":"closed","ping_status":"closed","template":"","meta":{"footnotes":""},"class_list":["post-118009","page","type-page","status-publish","has-post-thumbnail","hentry"],"yoast_head":"<!-- This site is optimized with the Yoast SEO plugin v27.3 - https:\/\/yoast.com\/product\/yoast-seo-wordpress\/ -->\n<title>Logistik | Cultius Pon\u00e7<\/title>\n<meta name=\"robots\" content=\"index, follow, max-snippet:-1, max-image-preview:large, max-video-preview:-1\" \/>\n<link rel=\"canonical\" href=\"https:\/\/cultiusponc.com\/de\/logistik\/\" \/>\n<meta property=\"og:locale\" content=\"de_DE\" \/>\n<meta property=\"og:type\" content=\"article\" \/>\n<meta property=\"og:title\" content=\"Logistik | Cultius Pon\u00e7\" \/>\n<meta property=\"og:description\" content=\"[vc_row row_height_percent=&#8220;0&#8243; override_padding=&#8220;yes&#8220; h_padding=&#8220;2&#8243; top_padding=&#8220;3&#8243; bottom_padding=&#8220;2&#8243; overlay_alpha=&#8220;50&#8243; gutter_size=&#8220;3&#8243; column_width_percent=&#8220;100&#8243; shift_y=&#8220;0&#8243; z_index=&#8220;0&#8243; uncode_shortcode_id=&#8220;199075&#8243;][vc_column column_width_use_pixel=&#8220;yes&#8220; align_horizontal=&#8220;align_center&#8220; gutter_size=&#8220;3&#8243; overlay_alpha=&#8220;50&#8243; shift_x=&#8220;0&#8243; shift_y=&#8220;0&#8243; shift_y_down=&#8220;0&#8243; z_index=&#8220;0&#8243; [&hellip;]\" \/>\n<meta property=\"og:url\" content=\"https:\/\/cultiusponc.com\/de\/logistik\/\" \/>\n<meta property=\"og:site_name\" content=\"Cultius Pon\u00e7\" \/>\n<meta property=\"article:modified_time\" content=\"2023-07-24T09:01:44+00:00\" \/>\n<meta property=\"og:image\" content=\"https:\/\/cultiusponc.com\/wp-content\/uploads\/2023\/07\/cultius-ponc-logistica-ft.webp\" \/>\n\t<meta property=\"og:image:width\" content=\"1920\" \/>\n\t<meta property=\"og:image:height\" content=\"1280\" \/>\n\t<meta property=\"og:image:type\" content=\"image\/webp\" \/>\n<meta name=\"twitter:card\" content=\"summary_large_image\" \/>\n<meta name=\"twitter:label1\" content=\"Gesch\u00e4tzte Lesezeit\" \/>\n\t<meta name=\"twitter:data1\" content=\"3\u00a0Minuten\" \/>\n<script type=\"application\/ld+json\" class=\"yoast-schema-graph\">{\"@context\":\"https:\\\/\\\/schema.org\",\"@graph\":[{\"@type\":\"WebPage\",\"@id\":\"https:\\\/\\\/cultiusponc.com\\\/de\\\/logistik\\\/\",\"url\":\"https:\\\/\\\/cultiusponc.com\\\/de\\\/logistik\\\/\",\"name\":\"Logistik | Cultius Pon\u00e7\",\"isPartOf\":{\"@id\":\"https:\\\/\\\/cultiusponc.com\\\/de\\\/#website\"},\"primaryImageOfPage\":{\"@id\":\"https:\\\/\\\/cultiusponc.com\\\/de\\\/logistik\\\/#primaryimage\"},\"image\":{\"@id\":\"https:\\\/\\\/cultiusponc.com\\\/de\\\/logistik\\\/#primaryimage\"},\"thumbnailUrl\":\"https:\\\/\\\/cultiusponc.com\\\/wp-content\\\/uploads\\\/2023\\\/07\\\/cultius-ponc-logistica-ft.webp\",\"datePublished\":\"2023-07-08T06:58:46+00:00\",\"dateModified\":\"2023-07-24T09:01:44+00:00\",\"breadcrumb\":{\"@id\":\"https:\\\/\\\/cultiusponc.com\\\/de\\\/logistik\\\/#breadcrumb\"},\"inLanguage\":\"de\",\"potentialAction\":[{\"@type\":\"ReadAction\",\"target\":[\"https:\\\/\\\/cultiusponc.com\\\/de\\\/logistik\\\/\"]}]},{\"@type\":\"ImageObject\",\"inLanguage\":\"de\",\"@id\":\"https:\\\/\\\/cultiusponc.com\\\/de\\\/logistik\\\/#primaryimage\",\"url\":\"https:\\\/\\\/cultiusponc.com\\\/wp-content\\\/uploads\\\/2023\\\/07\\\/cultius-ponc-logistica-ft.webp\",\"contentUrl\":\"https:\\\/\\\/cultiusponc.com\\\/wp-content\\\/uploads\\\/2023\\\/07\\\/cultius-ponc-logistica-ft.webp\",\"width\":1920,\"height\":1280},{\"@type\":\"BreadcrumbList\",\"@id\":\"https:\\\/\\\/cultiusponc.com\\\/de\\\/logistik\\\/#breadcrumb\",\"itemListElement\":[{\"@type\":\"ListItem\",\"position\":1,\"name\":\"Inici\",\"item\":\"https:\\\/\\\/cultiusponc.com\\\/de\\\/cultius-ponc\\\/\"},{\"@type\":\"ListItem\",\"position\":2,\"name\":\"Logistik\"}]},{\"@type\":\"WebSite\",\"@id\":\"https:\\\/\\\/cultiusponc.com\\\/de\\\/#website\",\"url\":\"https:\\\/\\\/cultiusponc.com\\\/de\\\/\",\"name\":\"Cultius Pon\u00e7\",\"description\":\"Garden i vivers | Exemplars, palmeres, oliveres i accessoris per a jardins\",\"publisher\":{\"@id\":\"https:\\\/\\\/cultiusponc.com\\\/de\\\/#organization\"},\"potentialAction\":[{\"@type\":\"SearchAction\",\"target\":{\"@type\":\"EntryPoint\",\"urlTemplate\":\"https:\\\/\\\/cultiusponc.com\\\/de\\\/?s={search_term_string}\"},\"query-input\":{\"@type\":\"PropertyValueSpecification\",\"valueRequired\":true,\"valueName\":\"search_term_string\"}}],\"inLanguage\":\"de\"},{\"@type\":\"Organization\",\"@id\":\"https:\\\/\\\/cultiusponc.com\\\/de\\\/#organization\",\"name\":\"Cultius Pon\u00e7\",\"url\":\"https:\\\/\\\/cultiusponc.com\\\/de\\\/\",\"logo\":{\"@type\":\"ImageObject\",\"inLanguage\":\"de\",\"@id\":\"https:\\\/\\\/cultiusponc.com\\\/de\\\/#\\\/schema\\\/logo\\\/image\\\/\",\"url\":\"https:\\\/\\\/cultiusponc.com\\\/wp-content\\\/uploads\\\/2022\\\/11\\\/Logo-cultius-ponc.svg\",\"contentUrl\":\"https:\\\/\\\/cultiusponc.com\\\/wp-content\\\/uploads\\\/2022\\\/11\\\/Logo-cultius-ponc.svg\",\"width\":1,\"height\":1,\"caption\":\"Cultius Pon\u00e7\"},\"image\":{\"@id\":\"https:\\\/\\\/cultiusponc.com\\\/de\\\/#\\\/schema\\\/logo\\\/image\\\/\"},\"sameAs\":[\"https:\\\/\\\/www.instagram.com\\\/cultius_ponc\\\/\",\"https:\\\/\\\/cultiusponc.com\"]}]}<\/script>\n<!-- \/ Yoast SEO plugin. -->","yoast_head_json":{"title":"Logistik | Cultius Pon\u00e7","robots":{"index":"index","follow":"follow","max-snippet":"max-snippet:-1","max-image-preview":"max-image-preview:large","max-video-preview":"max-video-preview:-1"},"canonical":"https:\/\/cultiusponc.com\/de\/logistik\/","og_locale":"de_DE","og_type":"article","og_title":"Logistik | Cultius Pon\u00e7","og_description":"[vc_row row_height_percent=&#8220;0&#8243; override_padding=&#8220;yes&#8220; h_padding=&#8220;2&#8243; top_padding=&#8220;3&#8243; bottom_padding=&#8220;2&#8243; overlay_alpha=&#8220;50&#8243; gutter_size=&#8220;3&#8243; column_width_percent=&#8220;100&#8243; shift_y=&#8220;0&#8243; z_index=&#8220;0&#8243; uncode_shortcode_id=&#8220;199075&#8243;][vc_column column_width_use_pixel=&#8220;yes&#8220; align_horizontal=&#8220;align_center&#8220; gutter_size=&#8220;3&#8243; overlay_alpha=&#8220;50&#8243; shift_x=&#8220;0&#8243; shift_y=&#8220;0&#8243; shift_y_down=&#8220;0&#8243; z_index=&#8220;0&#8243; [&hellip;]","og_url":"https:\/\/cultiusponc.com\/de\/logistik\/","og_site_name":"Cultius Pon\u00e7","article_modified_time":"2023-07-24T09:01:44+00:00","og_image":[{"width":1920,"height":1280,"url":"https:\/\/cultiusponc.com\/wp-content\/uploads\/2023\/07\/cultius-ponc-logistica-ft.webp","type":"image\/webp"}],"twitter_card":"summary_large_image","twitter_misc":{"Gesch\u00e4tzte Lesezeit":"3\u00a0Minuten"},"schema":{"@context":"https:\/\/schema.org","@graph":[{"@type":"WebPage","@id":"https:\/\/cultiusponc.com\/de\/logistik\/","url":"https:\/\/cultiusponc.com\/de\/logistik\/","name":"Logistik | Cultius Pon\u00e7","isPartOf":{"@id":"https:\/\/cultiusponc.com\/de\/#website"},"primaryImageOfPage":{"@id":"https:\/\/cultiusponc.com\/de\/logistik\/#primaryimage"},"image":{"@id":"https:\/\/cultiusponc.com\/de\/logistik\/#primaryimage"},"thumbnailUrl":"https:\/\/cultiusponc.com\/wp-content\/uploads\/2023\/07\/cultius-ponc-logistica-ft.webp","datePublished":"2023-07-08T06:58:46+00:00","dateModified":"2023-07-24T09:01:44+00:00","breadcrumb":{"@id":"https:\/\/cultiusponc.com\/de\/logistik\/#breadcrumb"},"inLanguage":"de","potentialAction":[{"@type":"ReadAction","target":["https:\/\/cultiusponc.com\/de\/logistik\/"]}]},{"@type":"ImageObject","inLanguage":"de","@id":"https:\/\/cultiusponc.com\/de\/logistik\/#primaryimage","url":"https:\/\/cultiusponc.com\/wp-content\/uploads\/2023\/07\/cultius-ponc-logistica-ft.webp","contentUrl":"https:\/\/cultiusponc.com\/wp-content\/uploads\/2023\/07\/cultius-ponc-logistica-ft.webp","width":1920,"height":1280},{"@type":"BreadcrumbList","@id":"https:\/\/cultiusponc.com\/de\/logistik\/#breadcrumb","itemListElement":[{"@type":"ListItem","position":1,"name":"Inici","item":"https:\/\/cultiusponc.com\/de\/cultius-ponc\/"},{"@type":"ListItem","position":2,"name":"Logistik"}]},{"@type":"WebSite","@id":"https:\/\/cultiusponc.com\/de\/#website","url":"https:\/\/cultiusponc.com\/de\/","name":"Cultius Pon\u00e7","description":"Garden i vivers | Exemplars, palmeres, oliveres i accessoris per a jardins","publisher":{"@id":"https:\/\/cultiusponc.com\/de\/#organization"},"potentialAction":[{"@type":"SearchAction","target":{"@type":"EntryPoint","urlTemplate":"https:\/\/cultiusponc.com\/de\/?s={search_term_string}"},"query-input":{"@type":"PropertyValueSpecification","valueRequired":true,"valueName":"search_term_string"}}],"inLanguage":"de"},{"@type":"Organization","@id":"https:\/\/cultiusponc.com\/de\/#organization","name":"Cultius Pon\u00e7","url":"https:\/\/cultiusponc.com\/de\/","logo":{"@type":"ImageObject","inLanguage":"de","@id":"https:\/\/cultiusponc.com\/de\/#\/schema\/logo\/image\/","url":"https:\/\/cultiusponc.com\/wp-content\/uploads\/2022\/11\/Logo-cultius-ponc.svg","contentUrl":"https:\/\/cultiusponc.com\/wp-content\/uploads\/2022\/11\/Logo-cultius-ponc.svg","width":1,"height":1,"caption":"Cultius Pon\u00e7"},"image":{"@id":"https:\/\/cultiusponc.com\/de\/#\/schema\/logo\/image\/"},"sameAs":["https:\/\/www.instagram.com\/cultius_ponc\/","https:\/\/cultiusponc.com"]}]}},"_links":{"self":[{"href":"https:\/\/cultiusponc.com\/de\/wp-json\/wp\/v2\/pages\/118009","targetHints":{"allow":["GET"]}}],"collection":[{"href":"https:\/\/cultiusponc.com\/de\/wp-json\/wp\/v2\/pages"}],"about":[{"href":"https:\/\/cultiusponc.com\/de\/wp-json\/wp\/v2\/types\/page"}],"author":[{"embeddable":true,"href":"https:\/\/cultiusponc.com\/de\/wp-json\/wp\/v2\/users\/1"}],"replies":[{"embeddable":true,"href":"https:\/\/cultiusponc.com\/de\/wp-json\/wp\/v2\/comments?post=118009"}],"version-history":[{"count":0,"href":"https:\/\/cultiusponc.com\/de\/wp-json\/wp\/v2\/pages\/118009\/revisions"}],"wp:featuredmedia":[{"embeddable":true,"href":"https:\/\/cultiusponc.com\/de\/wp-json\/wp\/v2\/media\/118350"}],"wp:attachment":[{"href":"https:\/\/cultiusponc.com\/de\/wp-json\/wp\/v2\/media?parent=118009"}],"curies":[{"name":"wp","href":"https:\/\/api.w.org\/{rel}","templated":true}]}}