{"id":117998,"date":"2023-07-08T06:48:16","date_gmt":"2023-07-08T06:48:16","guid":{"rendered":"https:\/\/cultiusponc.com\/unternehmen\/"},"modified":"2025-02-13T10:32:56","modified_gmt":"2025-02-13T10:32:56","slug":"unternehmen","status":"publish","type":"page","link":"https:\/\/cultiusponc.com\/de\/unternehmen\/","title":{"rendered":"Unternehmen"},"content":{"rendered":"<div class=\"wpb-content-wrapper\"><p>[vc_row row_height_percent=&#8220;0&#8243; override_padding=&#8220;yes&#8220; h_padding=&#8220;2&#8243; top_padding=&#8220;3&#8243; bottom_padding=&#8220;5&#8243; overlay_alpha=&#8220;50&#8243; gutter_size=&#8220;4&#8243; column_width_percent=&#8220;100&#8243; shift_y=&#8220;0&#8243; z_index=&#8220;0&#8243; uncode_shortcode_id=&#8220;210773&#8243;][vc_column column_width_percent=&#8220;100&#8243; gutter_size=&#8220;3&#8243; overlay_alpha=&#8220;50&#8243; shift_x=&#8220;0&#8243; shift_y=&#8220;0&#8243; shift_y_down=&#8220;0&#8243; z_index=&#8220;0&#8243; medium_width=&#8220;4&#8243; mobile_width=&#8220;0&#8243; width=&#8220;1\/2&#8243; el_class=&#8220;inverted-device-order&#8220;][vc_single_image media=&#8220;120313&#8243; media_width_percent=&#8220;100&#8243; alignment=&#8220;right&#8220; shape=&#8220;img-round&#8220; radius=&#8220;std&#8220; uncode_shortcode_id=&#8220;991980&#8243;][\/vc_column][vc_column column_width_percent=&#8220;100&#8243; position_horizontal=&#8220;left&#8220; position_vertical=&#8220;middle&#8220; gutter_size=&#8220;3&#8243; overlay_alpha=&#8220;50&#8243; shift_x=&#8220;0&#8243; shift_y=&#8220;0&#8243; shift_y_down=&#8220;0&#8243; z_index=&#8220;0&#8243; medium_width=&#8220;4&#8243; mobile_width=&#8220;0&#8243; width=&#8220;1\/2&#8243;][vc_custom_heading text_color=&#8220;accent&#8220; heading_semantic=&#8220;h6&#8243; text_size=&#8220;fontsize-160000&#8243; text_transform=&#8220;uppercase&#8220; text_space=&#8220;fontspace-135905&#8243; uncode_shortcode_id=&#8220;735150&#8243; text_color_type=&#8220;uncode-palette&#8220;]Cultius Pon\u00e7[\/vc_custom_heading][vc_custom_heading heading_semantic=&#8220;h3&#8243; text_size=&#8220;fontsize-155944&#8243; subheading=&#8220;Cultius Pon\u00e7 besch\u00e4ftigt ein Team von \u00fcber 60 qualifizierten und ausgebildeten Mitarbeitern, um sich fortlaufend weiterzuentwickeln.<br \/>\nWir f\u00fchren strenge Qualit\u00e4tskontrollen durch und halten alle von den zust\u00e4ndigen Stellen vorgegebenen Protokolle ein. So k\u00f6nnen wir uns Jahr f\u00fcr Jahr verbessern.&#8220; uncode_shortcode_id=&#8220;200967&#8243; text_color_type=&#8220;uncode-palette&#8220; text_color_solid=&#8220;#ff0000&#8243;]Ein Mitarbeiterteam von mehr als 60 Personen[\/vc_custom_heading][vc_separator sep_color=&#8220;,Default&#8220;][vc_button button_color=&#8220;accent&#8220; border_width=&#8220;0&#8243; link=&#8220;url:https%3A%2F%2Fcultiusponc.com%2Fcontactar%2F|title:Kontakt|&#8220; button_color_type=&#8220;uncode-palette&#8220; uncode_shortcode_id=&#8220;904725&#8243;]Kontaktieren Sie uns [\/vc_button][\/vc_column][\/vc_row]<\/p>\n<\/div>","protected":false},"excerpt":{"rendered":"<p>[vc_row row_height_percent=&#8220;0&#8243; override_padding=&#8220;yes&#8220; h_padding=&#8220;2&#8243; top_padding=&#8220;3&#8243; bottom_padding=&#8220;5&#8243; overlay_alpha=&#8220;50&#8243; gutter_size=&#8220;4&#8243; column_width_percent=&#8220;100&#8243; shift_y=&#8220;0&#8243; z_index=&#8220;0&#8243; uncode_shortcode_id=&#8220;210773&#8243;][vc_column column_width_percent=&#8220;100&#8243; gutter_size=&#8220;3&#8243; overlay_alpha=&#8220;50&#8243; shift_x=&#8220;0&#8243; shift_y=&#8220;0&#8243; shift_y_down=&#8220;0&#8243; z_index=&#8220;0&#8243; medium_width=&#8220;4&#8243; [&hellip;]<\/p>\n","protected":false},"author":1,"featured_media":117948,"parent":0,"menu_order":0,"comment_status":"closed","ping_status":"closed","template":"","meta":{"footnotes":""},"class_list":["post-117998","page","type-page","status-publish","has-post-thumbnail","hentry"],"yoast_head":"<!-- This site is optimized with the Yoast SEO plugin v27.3 - https:\/\/yoast.com\/product\/yoast-seo-wordpress\/ -->\n<title>Unternehmen | Cultius Pon\u00e7<\/title>\n<meta name=\"robots\" content=\"index, follow, max-snippet:-1, max-image-preview:large, max-video-preview:-1\" \/>\n<link rel=\"canonical\" href=\"https:\/\/cultiusponc.com\/de\/unternehmen\/\" \/>\n<meta property=\"og:locale\" content=\"de_DE\" \/>\n<meta property=\"og:type\" content=\"article\" \/>\n<meta property=\"og:title\" content=\"Unternehmen | Cultius Pon\u00e7\" \/>\n<meta property=\"og:description\" content=\"[vc_row row_height_percent=&#8220;0&#8243; override_padding=&#8220;yes&#8220; h_padding=&#8220;2&#8243; top_padding=&#8220;3&#8243; bottom_padding=&#8220;5&#8243; overlay_alpha=&#8220;50&#8243; gutter_size=&#8220;4&#8243; column_width_percent=&#8220;100&#8243; shift_y=&#8220;0&#8243; z_index=&#8220;0&#8243; uncode_shortcode_id=&#8220;210773&#8243;][vc_column column_width_percent=&#8220;100&#8243; gutter_size=&#8220;3&#8243; overlay_alpha=&#8220;50&#8243; shift_x=&#8220;0&#8243; shift_y=&#8220;0&#8243; shift_y_down=&#8220;0&#8243; z_index=&#8220;0&#8243; medium_width=&#8220;4&#8243; [&hellip;]\" \/>\n<meta property=\"og:url\" content=\"https:\/\/cultiusponc.com\/de\/unternehmen\/\" \/>\n<meta property=\"og:site_name\" content=\"Cultius Pon\u00e7\" \/>\n<meta property=\"article:modified_time\" content=\"2025-02-13T10:32:56+00:00\" \/>\n<meta property=\"og:image\" content=\"https:\/\/cultiusponc.com\/wp-content\/uploads\/2022\/12\/cultius-ponc-header-empresa-ft.jpg\" \/>\n\t<meta property=\"og:image:width\" content=\"1920\" \/>\n\t<meta property=\"og:image:height\" content=\"1280\" \/>\n\t<meta property=\"og:image:type\" content=\"image\/jpeg\" \/>\n<meta name=\"twitter:card\" content=\"summary_large_image\" \/>\n<meta name=\"twitter:label1\" content=\"Gesch\u00e4tzte Lesezeit\" \/>\n\t<meta name=\"twitter:data1\" content=\"1\u00a0Minute\" \/>\n<script type=\"application\/ld+json\" class=\"yoast-schema-graph\">{\"@context\":\"https:\\\/\\\/schema.org\",\"@graph\":[{\"@type\":\"WebPage\",\"@id\":\"https:\\\/\\\/cultiusponc.com\\\/de\\\/unternehmen\\\/\",\"url\":\"https:\\\/\\\/cultiusponc.com\\\/de\\\/unternehmen\\\/\",\"name\":\"Unternehmen | Cultius Pon\u00e7\",\"isPartOf\":{\"@id\":\"https:\\\/\\\/cultiusponc.com\\\/de\\\/#website\"},\"primaryImageOfPage\":{\"@id\":\"https:\\\/\\\/cultiusponc.com\\\/de\\\/unternehmen\\\/#primaryimage\"},\"image\":{\"@id\":\"https:\\\/\\\/cultiusponc.com\\\/de\\\/unternehmen\\\/#primaryimage\"},\"thumbnailUrl\":\"https:\\\/\\\/cultiusponc.com\\\/wp-content\\\/uploads\\\/2022\\\/12\\\/cultius-ponc-header-empresa-ft.jpg\",\"datePublished\":\"2023-07-08T06:48:16+00:00\",\"dateModified\":\"2025-02-13T10:32:56+00:00\",\"breadcrumb\":{\"@id\":\"https:\\\/\\\/cultiusponc.com\\\/de\\\/unternehmen\\\/#breadcrumb\"},\"inLanguage\":\"de\",\"potentialAction\":[{\"@type\":\"ReadAction\",\"target\":[\"https:\\\/\\\/cultiusponc.com\\\/de\\\/unternehmen\\\/\"]}]},{\"@type\":\"ImageObject\",\"inLanguage\":\"de\",\"@id\":\"https:\\\/\\\/cultiusponc.com\\\/de\\\/unternehmen\\\/#primaryimage\",\"url\":\"https:\\\/\\\/cultiusponc.com\\\/wp-content\\\/uploads\\\/2022\\\/12\\\/cultius-ponc-header-empresa-ft.jpg\",\"contentUrl\":\"https:\\\/\\\/cultiusponc.com\\\/wp-content\\\/uploads\\\/2022\\\/12\\\/cultius-ponc-header-empresa-ft.jpg\",\"width\":1920,\"height\":1280},{\"@type\":\"BreadcrumbList\",\"@id\":\"https:\\\/\\\/cultiusponc.com\\\/de\\\/unternehmen\\\/#breadcrumb\",\"itemListElement\":[{\"@type\":\"ListItem\",\"position\":1,\"name\":\"Inici\",\"item\":\"https:\\\/\\\/cultiusponc.com\\\/de\\\/cultius-ponc\\\/\"},{\"@type\":\"ListItem\",\"position\":2,\"name\":\"Unternehmen\"}]},{\"@type\":\"WebSite\",\"@id\":\"https:\\\/\\\/cultiusponc.com\\\/de\\\/#website\",\"url\":\"https:\\\/\\\/cultiusponc.com\\\/de\\\/\",\"name\":\"Cultius Pon\u00e7\",\"description\":\"Garden i vivers | Exemplars, palmeres, oliveres i accessoris per a jardins\",\"publisher\":{\"@id\":\"https:\\\/\\\/cultiusponc.com\\\/de\\\/#organization\"},\"potentialAction\":[{\"@type\":\"SearchAction\",\"target\":{\"@type\":\"EntryPoint\",\"urlTemplate\":\"https:\\\/\\\/cultiusponc.com\\\/de\\\/?s={search_term_string}\"},\"query-input\":{\"@type\":\"PropertyValueSpecification\",\"valueRequired\":true,\"valueName\":\"search_term_string\"}}],\"inLanguage\":\"de\"},{\"@type\":\"Organization\",\"@id\":\"https:\\\/\\\/cultiusponc.com\\\/de\\\/#organization\",\"name\":\"Cultius Pon\u00e7\",\"url\":\"https:\\\/\\\/cultiusponc.com\\\/de\\\/\",\"logo\":{\"@type\":\"ImageObject\",\"inLanguage\":\"de\",\"@id\":\"https:\\\/\\\/cultiusponc.com\\\/de\\\/#\\\/schema\\\/logo\\\/image\\\/\",\"url\":\"https:\\\/\\\/cultiusponc.com\\\/wp-content\\\/uploads\\\/2022\\\/11\\\/Logo-cultius-ponc.svg\",\"contentUrl\":\"https:\\\/\\\/cultiusponc.com\\\/wp-content\\\/uploads\\\/2022\\\/11\\\/Logo-cultius-ponc.svg\",\"width\":1,\"height\":1,\"caption\":\"Cultius Pon\u00e7\"},\"image\":{\"@id\":\"https:\\\/\\\/cultiusponc.com\\\/de\\\/#\\\/schema\\\/logo\\\/image\\\/\"},\"sameAs\":[\"https:\\\/\\\/www.instagram.com\\\/cultius_ponc\\\/\",\"https:\\\/\\\/cultiusponc.com\"]}]}<\/script>\n<!-- \/ Yoast SEO plugin. -->","yoast_head_json":{"title":"Unternehmen | Cultius Pon\u00e7","robots":{"index":"index","follow":"follow","max-snippet":"max-snippet:-1","max-image-preview":"max-image-preview:large","max-video-preview":"max-video-preview:-1"},"canonical":"https:\/\/cultiusponc.com\/de\/unternehmen\/","og_locale":"de_DE","og_type":"article","og_title":"Unternehmen | Cultius Pon\u00e7","og_description":"[vc_row row_height_percent=&#8220;0&#8243; override_padding=&#8220;yes&#8220; h_padding=&#8220;2&#8243; top_padding=&#8220;3&#8243; bottom_padding=&#8220;5&#8243; overlay_alpha=&#8220;50&#8243; gutter_size=&#8220;4&#8243; column_width_percent=&#8220;100&#8243; shift_y=&#8220;0&#8243; z_index=&#8220;0&#8243; uncode_shortcode_id=&#8220;210773&#8243;][vc_column column_width_percent=&#8220;100&#8243; gutter_size=&#8220;3&#8243; overlay_alpha=&#8220;50&#8243; shift_x=&#8220;0&#8243; shift_y=&#8220;0&#8243; shift_y_down=&#8220;0&#8243; z_index=&#8220;0&#8243; medium_width=&#8220;4&#8243; [&hellip;]","og_url":"https:\/\/cultiusponc.com\/de\/unternehmen\/","og_site_name":"Cultius Pon\u00e7","article_modified_time":"2025-02-13T10:32:56+00:00","og_image":[{"width":1920,"height":1280,"url":"https:\/\/cultiusponc.com\/wp-content\/uploads\/2022\/12\/cultius-ponc-header-empresa-ft.jpg","type":"image\/jpeg"}],"twitter_card":"summary_large_image","twitter_misc":{"Gesch\u00e4tzte Lesezeit":"1\u00a0Minute"},"schema":{"@context":"https:\/\/schema.org","@graph":[{"@type":"WebPage","@id":"https:\/\/cultiusponc.com\/de\/unternehmen\/","url":"https:\/\/cultiusponc.com\/de\/unternehmen\/","name":"Unternehmen | Cultius Pon\u00e7","isPartOf":{"@id":"https:\/\/cultiusponc.com\/de\/#website"},"primaryImageOfPage":{"@id":"https:\/\/cultiusponc.com\/de\/unternehmen\/#primaryimage"},"image":{"@id":"https:\/\/cultiusponc.com\/de\/unternehmen\/#primaryimage"},"thumbnailUrl":"https:\/\/cultiusponc.com\/wp-content\/uploads\/2022\/12\/cultius-ponc-header-empresa-ft.jpg","datePublished":"2023-07-08T06:48:16+00:00","dateModified":"2025-02-13T10:32:56+00:00","breadcrumb":{"@id":"https:\/\/cultiusponc.com\/de\/unternehmen\/#breadcrumb"},"inLanguage":"de","potentialAction":[{"@type":"ReadAction","target":["https:\/\/cultiusponc.com\/de\/unternehmen\/"]}]},{"@type":"ImageObject","inLanguage":"de","@id":"https:\/\/cultiusponc.com\/de\/unternehmen\/#primaryimage","url":"https:\/\/cultiusponc.com\/wp-content\/uploads\/2022\/12\/cultius-ponc-header-empresa-ft.jpg","contentUrl":"https:\/\/cultiusponc.com\/wp-content\/uploads\/2022\/12\/cultius-ponc-header-empresa-ft.jpg","width":1920,"height":1280},{"@type":"BreadcrumbList","@id":"https:\/\/cultiusponc.com\/de\/unternehmen\/#breadcrumb","itemListElement":[{"@type":"ListItem","position":1,"name":"Inici","item":"https:\/\/cultiusponc.com\/de\/cultius-ponc\/"},{"@type":"ListItem","position":2,"name":"Unternehmen"}]},{"@type":"WebSite","@id":"https:\/\/cultiusponc.com\/de\/#website","url":"https:\/\/cultiusponc.com\/de\/","name":"Cultius Pon\u00e7","description":"Garden i vivers | Exemplars, palmeres, oliveres i accessoris per a jardins","publisher":{"@id":"https:\/\/cultiusponc.com\/de\/#organization"},"potentialAction":[{"@type":"SearchAction","target":{"@type":"EntryPoint","urlTemplate":"https:\/\/cultiusponc.com\/de\/?s={search_term_string}"},"query-input":{"@type":"PropertyValueSpecification","valueRequired":true,"valueName":"search_term_string"}}],"inLanguage":"de"},{"@type":"Organization","@id":"https:\/\/cultiusponc.com\/de\/#organization","name":"Cultius Pon\u00e7","url":"https:\/\/cultiusponc.com\/de\/","logo":{"@type":"ImageObject","inLanguage":"de","@id":"https:\/\/cultiusponc.com\/de\/#\/schema\/logo\/image\/","url":"https:\/\/cultiusponc.com\/wp-content\/uploads\/2022\/11\/Logo-cultius-ponc.svg","contentUrl":"https:\/\/cultiusponc.com\/wp-content\/uploads\/2022\/11\/Logo-cultius-ponc.svg","width":1,"height":1,"caption":"Cultius Pon\u00e7"},"image":{"@id":"https:\/\/cultiusponc.com\/de\/#\/schema\/logo\/image\/"},"sameAs":["https:\/\/www.instagram.com\/cultius_ponc\/","https:\/\/cultiusponc.com"]}]}},"_links":{"self":[{"href":"https:\/\/cultiusponc.com\/de\/wp-json\/wp\/v2\/pages\/117998","targetHints":{"allow":["GET"]}}],"collection":[{"href":"https:\/\/cultiusponc.com\/de\/wp-json\/wp\/v2\/pages"}],"about":[{"href":"https:\/\/cultiusponc.com\/de\/wp-json\/wp\/v2\/types\/page"}],"author":[{"embeddable":true,"href":"https:\/\/cultiusponc.com\/de\/wp-json\/wp\/v2\/users\/1"}],"replies":[{"embeddable":true,"href":"https:\/\/cultiusponc.com\/de\/wp-json\/wp\/v2\/comments?post=117998"}],"version-history":[{"count":2,"href":"https:\/\/cultiusponc.com\/de\/wp-json\/wp\/v2\/pages\/117998\/revisions"}],"predecessor-version":[{"id":120333,"href":"https:\/\/cultiusponc.com\/de\/wp-json\/wp\/v2\/pages\/117998\/revisions\/120333"}],"wp:featuredmedia":[{"embeddable":true,"href":"https:\/\/cultiusponc.com\/de\/wp-json\/wp\/v2\/media\/117948"}],"wp:attachment":[{"href":"https:\/\/cultiusponc.com\/de\/wp-json\/wp\/v2\/media?parent=117998"}],"curies":[{"name":"wp","href":"https:\/\/api.w.org\/{rel}","templated":true}]}}