{"id":117995,"date":"2023-07-08T06:46:43","date_gmt":"2023-07-08T06:46:43","guid":{"rendered":"https:\/\/cultiusponc.com\/cultius-ponc\/"},"modified":"2023-07-08T06:46:43","modified_gmt":"2023-07-08T06:46:43","slug":"cultius-ponc","status":"publish","type":"page","link":"https:\/\/cultiusponc.com\/de\/","title":{"rendered":"Cultius Pon\u00e7"},"content":{"rendered":"<div class=\"wpb-content-wrapper\"><p>[vc_row row_height_percent=&#8220;0&#8243; override_padding=&#8220;yes&#8220; h_padding=&#8220;2&#8243; top_padding=&#8220;7&#8243; bottom_padding=&#8220;7&#8243; back_image=&#8220;115765&#8243; overlay_color=&#8220;color-jevc&#8220; overlay_alpha=&#8220;30&#8243; equal_height=&#8220;yes&#8220; gutter_size=&#8220;0&#8243; column_width_use_pixel=&#8220;yes&#8220; shift_y=&#8220;0&#8243; z_index=&#8220;0&#8243; medium_visibility=&#8220;yes&#8220; mobile_visibility=&#8220;yes&#8220; row_name=&#8220;Welcome&#8220; uncode_shortcode_id=&#8220;894201&#8243; row_height_pixel=&#8220;450&#8243; overlay_color_type=&#8220;uncode-palette&#8220;][vc_column column_width_use_pixel=&#8220;yes&#8220; position_vertical=&#8220;bottom&#8220; align_horizontal=&#8220;align_center&#8220; gutter_size=&#8220;3&#8243; style=&#8220;dark&#8220; overlay_alpha=&#8220;50&#8243; shift_x=&#8220;0&#8243; shift_y=&#8220;0&#8243; shift_y_down=&#8220;0&#8243; z_index=&#8220;0&#8243; medium_width=&#8220;0&#8243; mobile_width=&#8220;0&#8243; width=&#8220;1\/1&#8243; uncode_shortcode_id=&#8220;244656&#8243;][vc_row_inner][vc_column_inner column_width_percent=&#8220;100&#8243; position_vertical=&#8220;bottom&#8220; align_horizontal=&#8220;align_center&#8220; gutter_size=&#8220;3&#8243; style=&#8220;dark&#8220; overlay_alpha=&#8220;50&#8243; shift_x=&#8220;0&#8243; shift_y=&#8220;0&#8243; shift_y_down=&#8220;0&#8243; z_index=&#8220;0&#8243; medium_width=&#8220;0&#8243; mobile_width=&#8220;0&#8243; radius=&#8220;lg&#8220; width=&#8220;1\/1&#8243; uncode_shortcode_id=&#8220;157436&#8243;][vc_icon icon=&#8220;fa fa-play&#8220; background_style=&#8220;fa-rounded&#8220; size=&#8220;fa-2x&#8220; icon_automatic=&#8220;yes&#8220; shadow=&#8220;yes&#8220; text_size=&#8220;h4&#8243; css_animation=&#8220;zoom-in&#8220; animation_speed=&#8220;1000&#8243; animation_delay=&#8220;1000&#8243; media_lightbox=&#8220;116799&#8243; uncode_shortcode_id=&#8220;138401&#8243; title=&#8220;Pr\u00e4sentations-Video ansehen&#8220;][\/vc_icon][vc_custom_heading text_color=&#8220;color-xsdn&#8220; heading_semantic=&#8220;h3&#8243; text_size=&#8220;fontsize-155944&#8243; text_weight=&#8220;700&#8243; sub_lead=&#8220;yes&#8220; sub_reduced=&#8220;yes&#8220; uncode_shortcode_id=&#8220;207408&#8243; text_color_type=&#8220;uncode-palette&#8220;]Pflanzen- und Baumschule[\/vc_custom_heading][\/vc_column_inner][\/vc_row_inner][\/vc_column][\/vc_row][vc_row row_height_percent=&#8220;0&#8243; back_image=&#8220;115510&#8243; overlay_color=&#8220;color-jevc&#8220; overlay_alpha=&#8220;30&#8243; equal_height=&#8220;yes&#8220; gutter_size=&#8220;0&#8243; column_width_use_pixel=&#8220;yes&#8220; shift_y=&#8220;0&#8243; z_index=&#8220;0&#8243; desktop_visibility=&#8220;yes&#8220; row_name=&#8220;Welcome&#8220; uncode_shortcode_id=&#8220;271325&#8243; row_height_pixel=&#8220;400&#8243; overlay_color_type=&#8220;uncode-palette&#8220;][vc_column column_width_use_pixel=&#8220;yes&#8220; position_vertical=&#8220;middle&#8220; align_horizontal=&#8220;align_center&#8220; gutter_size=&#8220;3&#8243; style=&#8220;dark&#8220; overlay_alpha=&#8220;50&#8243; shift_x=&#8220;0&#8243; shift_y=&#8220;0&#8243; shift_y_down=&#8220;0&#8243; z_index=&#8220;0&#8243; medium_width=&#8220;0&#8243; mobile_width=&#8220;0&#8243; width=&#8220;1\/1&#8243; uncode_shortcode_id=&#8220;163772&#8243;][vc_icon icon=&#8220;fa fa-play&#8220; background_style=&#8220;fa-rounded&#8220; size=&#8220;fa-2x&#8220; icon_automatic=&#8220;yes&#8220; shadow=&#8220;yes&#8220; text_size=&#8220;h4&#8243; media_lightbox=&#8220;116799&#8243; uncode_shortcode_id=&#8220;187289&#8243; title=&#8220;Pr\u00e4sentations-Video ansehen&#8220;][\/vc_icon][vc_custom_heading text_color=&#8220;color-xsdn&#8220; heading_semantic=&#8220;h3&#8243; text_size=&#8220;fontsize-155944&#8243; text_weight=&#8220;700&#8243; sub_lead=&#8220;yes&#8220; sub_reduced=&#8220;yes&#8220; uncode_shortcode_id=&#8220;207408&#8243; text_color_type=&#8220;uncode-palette&#8220;]Pflanzen- und Baumschule[\/vc_custom_heading][\/vc_column][\/vc_row][vc_row unlock_row_content=&#8220;yes&#8220; row_height_percent=&#8220;0&#8243; override_padding=&#8220;yes&#8220; h_padding=&#8220;0&#8243; top_padding=&#8220;2&#8243; bottom_padding=&#8220;2&#8243; overlay_alpha=&#8220;50&#8243; gutter_size=&#8220;3&#8243; column_width_use_pixel=&#8220;yes&#8220; shift_y=&#8220;0&#8243; z_index=&#8220;2&#8243; uncode_shortcode_id=&#8220;115172&#8243;][vc_column column_width_use_pixel=&#8220;yes&#8220; align_horizontal=&#8220;align_center&#8220; gutter_size=&#8220;3&#8243; override_padding=&#8220;yes&#8220; column_padding=&#8220;3&#8243; style=&#8220;dark&#8220; back_color=&#8220;color-210407&#8243; overlay_alpha=&#8220;50&#8243; shift_x=&#8220;0&#8243; shift_y=&#8220;-3&#8243; shift_y_fixed=&#8220;yes&#8220; shift_y_down=&#8220;0&#8243; z_index=&#8220;0&#8243; medium_width=&#8220;0&#8243; mobile_width=&#8220;0&#8243; radius=&#8220;lg&#8220; width=&#8220;1\/1&#8243; uncode_shortcode_id=&#8220;796308&#8243; back_color_type=&#8220;uncode-palette&#8220; column_width_pixel=&#8220;1200&#8243;][vc_row_inner row_inner_height_percent=&#8220;0&#8243; overlay_alpha=&#8220;50&#8243; gutter_size=&#8220;3&#8243; shift_y=&#8220;0&#8243; z_index=&#8220;0&#8243; uncode_shortcode_id=&#8220;171503&#8243;][vc_column_inner column_width_percent=&#8220;100&#8243; gutter_size=&#8220;3&#8243; style=&#8220;dark&#8220; overlay_alpha=&#8220;50&#8243; border_style=&#8220;solid&#8220; shift_x=&#8220;0&#8243; shift_y=&#8220;0&#8243; shift_y_down=&#8220;0&#8243; z_index=&#8220;0&#8243; align_medium=&#8220;align_left_tablet&#8220; medium_width=&#8220;0&#8243; align_mobile=&#8220;align_left_mobile&#8220; mobile_width=&#8220;0&#8243; width=&#8220;1\/3&#8243; uncode_shortcode_id=&#8220;414843&#8243;][vc_icon position=&#8220;left&#8220; title_aligned_icon=&#8220;yes&#8220; icon_image=&#8220;115588&#8243; icon_color=&#8220;accent&#8220; media_size=&#8220;50&#8243; text_size=&#8220;h4&#8243; add_margin=&#8220;yes&#8220; title=&#8220;Olivenb\u00e4ume&#8220; link=&#8220;|||&#8220; uncode_shortcode_id=&#8220;163437&#8243; icon_color_type=&#8220;uncode-palette&#8220;]Seit \u00fcber zwanzig Jahren ziehen, entnehmen, verpflanzen und pflegen wir Olivenb\u00e4ume.[\/vc_icon][\/vc_column_inner][vc_column_inner column_width_percent=&#8220;100&#8243; gutter_size=&#8220;3&#8243; style=&#8220;dark&#8220; overlay_alpha=&#8220;50&#8243; border_style=&#8220;solid&#8220; shift_x=&#8220;0&#8243; shift_y=&#8220;0&#8243; shift_y_down=&#8220;0&#8243; z_index=&#8220;0&#8243; align_medium=&#8220;align_left_tablet&#8220; medium_width=&#8220;0&#8243; align_mobile=&#8220;align_left_mobile&#8220; mobile_width=&#8220;0&#8243; width=&#8220;1\/3&#8243; uncode_shortcode_id=&#8220;333730&#8243; css=&#8220;.vc_custom_1674820330919{padding-right: 20px !important;}&#8220;][vc_icon position=&#8220;left&#8220; title_aligned_icon=&#8220;yes&#8220; icon_image=&#8220;113740&#8243; icon_color=&#8220;accent&#8220; media_size=&#8220;50&#8243; text_size=&#8220;h4&#8243; add_margin=&#8220;yes&#8220; title=&#8220;Baumverkauf&#8220; link=&#8220;|||&#8220; uncode_shortcode_id=&#8220;214202&#8243; icon_color_type=&#8220;uncode-palette&#8220;]Wir haben eine gro\u00dfe Auswahl verschiedener Baumsorten im Angebot.[\/vc_icon][\/vc_column_inner][vc_column_inner column_width_percent=&#8220;100&#8243; gutter_size=&#8220;3&#8243; style=&#8220;dark&#8220; overlay_alpha=&#8220;50&#8243; shift_x=&#8220;0&#8243; shift_y=&#8220;0&#8243; shift_y_down=&#8220;0&#8243; z_index=&#8220;0&#8243; align_medium=&#8220;align_left_tablet&#8220; medium_width=&#8220;0&#8243; align_mobile=&#8220;align_left_mobile&#8220; mobile_width=&#8220;0&#8243; width=&#8220;1\/3&#8243; uncode_shortcode_id=&#8220;729178&#8243;][vc_icon position=&#8220;left&#8220; title_aligned_icon=&#8220;yes&#8220; icon_image=&#8220;115584&#8243; icon_color=&#8220;accent&#8220; media_size=&#8220;50&#8243; text_size=&#8220;h4&#8243; add_margin=&#8220;yes&#8220; title=&#8220;Transport&#8220; link=&#8220;|||&#8220; uncode_shortcode_id=&#8220;139751&#8243; icon_color_type=&#8220;uncode-palette&#8220;]Wir transportieren unsere B\u00e4ume an jeden Ort weltweit.[\/vc_icon][\/vc_column_inner][\/vc_row_inner][\/vc_column][\/vc_row][vc_row row_height_percent=&#8220;0&#8243; override_padding=&#8220;yes&#8220; h_padding=&#8220;2&#8243; top_padding=&#8220;2&#8243; bottom_padding=&#8220;2&#8243; overlay_alpha=&#8220;50&#8243; gutter_size=&#8220;2&#8243; column_width_percent=&#8220;100&#8243; shift_y=&#8220;0&#8243; z_index=&#8220;0&#8243; uncode_shortcode_id=&#8220;679688&#8243;][vc_column column_width_use_pixel=&#8220;yes&#8220; align_horizontal=&#8220;align_center&#8220; gutter_size=&#8220;3&#8243; overlay_alpha=&#8220;50&#8243; shift_x=&#8220;0&#8243; shift_y=&#8220;0&#8243; shift_y_down=&#8220;0&#8243; z_index=&#8220;0&#8243; medium_width=&#8220;0&#8243; mobile_width=&#8220;0&#8243; width=&#8220;1\/1&#8243; uncode_shortcode_id=&#8220;132745&#8243; column_width_pixel=&#8220;900&#8243;][vc_custom_heading heading_semantic=&#8220;h1&#8243; text_size=&#8220;h1&#8243; sub_lead=&#8220;yes&#8220; uncode_shortcode_id=&#8220;213821&#8243; subheading=&#8220;Mediterrane Pflanzen, Palmen, Str\u00e4ucher, Nadel- und Obstb\u00e4ume. Unser Standort liegt zwischen Barcelona und Girona, weniger als 100 km von der franz\u00f6sischen Grenze entfernt.&#8220;]Cultius Pon\u00e7: Spezialisiert auf jahrhundertealte Olivenb\u00e4ume und einzigartige Exemplare.<\/p>\n<p>[\/vc_custom_heading][\/vc_column][\/vc_row][vc_row unlock_row_content=&#8220;yes&#8220; row_height_percent=&#8220;0&#8243; override_padding=&#8220;yes&#8220; h_padding=&#8220;0&#8243; top_padding=&#8220;2&#8243; bottom_padding=&#8220;2&#8243; overlay_alpha=&#8220;50&#8243; gutter_size=&#8220;2&#8243; column_width_percent=&#8220;100&#8243; shift_y=&#8220;0&#8243; z_index=&#8220;0&#8243; uncode_shortcode_id=&#8220;195426&#8243;][vc_column column_width_use_pixel=&#8220;yes&#8220; align_horizontal=&#8220;align_center&#8220; gutter_size=&#8220;4&#8243; overlay_alpha=&#8220;50&#8243; shift_x=&#8220;0&#8243; shift_y=&#8220;0&#8243; shift_y_down=&#8220;0&#8243; z_index=&#8220;0&#8243; medium_width=&#8220;0&#8243; mobile_width=&#8220;0&#8243; width=&#8220;1\/1&#8243; uncode_shortcode_id=&#8220;184220&#8243; column_width_pixel=&#8220;1270&#8243;][uncode_index el_id=&#8220;index-765034995&#8243; loop=&#8220;size:9|order_by:date|order:ASC|post_type:page|by_id:115461,115457,115453,115449,115447,115445,115443,115451,115459|taxonomy_count:10&#8243; screen_lg=&#8220;1000&#8243; screen_md=&#8220;600&#8243; screen_sm=&#8220;480&#8243; gutter_size=&#8220;2&#8243; post_items=&#8220;media|featured|onpost|poster,date,title,text|excerpt|180,category|bordered|topright|hide-icon,spacer|one,sep-one|full,spacer_two|one,author|md_size|hide_qualification&#8220; page_items=&#8220;icon|lg,media|featured|onpost|original,title,spacer|one&#8220; images_size=&#8220;four-three&#8220; single_shape=&#8220;round&#8220; single_overlay_color=&#8220;color-366506&#8243; single_overlay_opacity=&#8220;80&#8243; single_text_anim_type=&#8220;btt&#8220; single_h_align=&#8220;center&#8220; single_padding=&#8220;2&#8243; single_title_dimension=&#8220;h5&#8243; single_border=&#8220;yes&#8220; uncode_shortcode_id=&#8220;203732&#8243; items=&#8220;e30=&#8220; single_icon=&#8220;fa fa-eye&#8220;][\/vc_column][\/vc_row]<\/p>\n<\/div>","protected":false},"excerpt":{"rendered":"<p>[vc_row row_height_percent=&#8220;0&#8243; override_padding=&#8220;yes&#8220; h_padding=&#8220;2&#8243; top_padding=&#8220;7&#8243; bottom_padding=&#8220;7&#8243; back_image=&#8220;115765&#8243; overlay_color=&#8220;color-jevc&#8220; overlay_alpha=&#8220;30&#8243; equal_height=&#8220;yes&#8220; gutter_size=&#8220;0&#8243; column_width_use_pixel=&#8220;yes&#8220; shift_y=&#8220;0&#8243; z_index=&#8220;0&#8243; medium_visibility=&#8220;yes&#8220; mobile_visibility=&#8220;yes&#8220; row_name=&#8220;Welcome&#8220; uncode_shortcode_id=&#8220;894201&#8243; row_height_pixel=&#8220;450&#8243; overlay_color_type=&#8220;uncode-palette&#8220;][vc_column [&hellip;]<\/p>\n","protected":false},"author":1,"featured_media":0,"parent":0,"menu_order":0,"comment_status":"closed","ping_status":"closed","template":"","meta":{"footnotes":""},"class_list":["post-117995","page","type-page","status-publish","hentry"],"yoast_head":"<!-- This site is optimized with the Yoast SEO plugin v27.0 - https:\/\/yoast.com\/product\/yoast-seo-wordpress\/ -->\n<title>Cultius Pon\u00e7 | Pflanzen- und Baumschule<\/title>\n<meta name=\"description\" content=\"\u00dcber 80 Hektar Gel\u00e4nde, auf dem Olivenb\u00e4ume, Zierpflanzen und mediterrane Pflanzen, B\u00e4ume, Palmenarten, Str\u00e4ucher, Nadel- und Obstb\u00e4ume angebaut werden.\" \/>\n<meta name=\"robots\" content=\"index, follow, max-snippet:-1, max-image-preview:large, max-video-preview:-1\" \/>\n<link rel=\"canonical\" href=\"https:\/\/cultiusponc.com\/de\/\" \/>\n<meta property=\"og:locale\" content=\"de_DE\" \/>\n<meta property=\"og:type\" content=\"article\" \/>\n<meta property=\"og:title\" content=\"Cultius Pon\u00e7 | Pflanzen- und Baumschule\" \/>\n<meta property=\"og:description\" content=\"\u00dcber 80 Hektar Gel\u00e4nde, auf dem Olivenb\u00e4ume, Zierpflanzen und mediterrane Pflanzen, B\u00e4ume, Palmenarten, Str\u00e4ucher, Nadel- und Obstb\u00e4ume angebaut werden.\" \/>\n<meta property=\"og:url\" content=\"https:\/\/cultiusponc.com\/de\/\" \/>\n<meta property=\"og:site_name\" content=\"Cultius Pon\u00e7\" \/>\n<meta name=\"twitter:card\" content=\"summary_large_image\" \/>\n<meta name=\"twitter:label1\" content=\"Gesch\u00e4tzte Lesezeit\" \/>\n\t<meta name=\"twitter:data1\" content=\"5\u00a0Minuten\" \/>\n<script type=\"application\/ld+json\" class=\"yoast-schema-graph\">{\"@context\":\"https:\/\/schema.org\",\"@graph\":[{\"@type\":\"WebPage\",\"@id\":\"https:\/\/cultiusponc.com\/de\/\",\"url\":\"https:\/\/cultiusponc.com\/de\/\",\"name\":\"Cultius Pon\u00e7 | Pflanzen- und Baumschule\",\"isPartOf\":{\"@id\":\"https:\/\/cultiusponc.com\/de\/#website\"},\"datePublished\":\"2023-07-08T06:46:43+00:00\",\"description\":\"\u00dcber 80 Hektar Gel\u00e4nde, auf dem Olivenb\u00e4ume, Zierpflanzen und mediterrane Pflanzen, B\u00e4ume, Palmenarten, Str\u00e4ucher, Nadel- und Obstb\u00e4ume angebaut werden.\",\"breadcrumb\":{\"@id\":\"https:\/\/cultiusponc.com\/de\/#breadcrumb\"},\"inLanguage\":\"de\",\"potentialAction\":[{\"@type\":\"ReadAction\",\"target\":[\"https:\/\/cultiusponc.com\/de\/\"]}]},{\"@type\":\"BreadcrumbList\",\"@id\":\"https:\/\/cultiusponc.com\/de\/#breadcrumb\",\"itemListElement\":[{\"@type\":\"ListItem\",\"position\":1,\"name\":\"Inici\",\"item\":\"https:\/\/cultiusponc.com\/de\/cultius-ponc\/\"},{\"@type\":\"ListItem\",\"position\":2,\"name\":\"Cultius Pon\u00e7\"}]},{\"@type\":\"WebSite\",\"@id\":\"https:\/\/cultiusponc.com\/de\/#website\",\"url\":\"https:\/\/cultiusponc.com\/de\/\",\"name\":\"Cultius Pon\u00e7\",\"description\":\"Garden i vivers | Exemplars, palmeres, oliveres i accessoris per a jardins\",\"publisher\":{\"@id\":\"https:\/\/cultiusponc.com\/de\/#organization\"},\"potentialAction\":[{\"@type\":\"SearchAction\",\"target\":{\"@type\":\"EntryPoint\",\"urlTemplate\":\"https:\/\/cultiusponc.com\/de\/?s={search_term_string}\"},\"query-input\":{\"@type\":\"PropertyValueSpecification\",\"valueRequired\":true,\"valueName\":\"search_term_string\"}}],\"inLanguage\":\"de\"},{\"@type\":\"Organization\",\"@id\":\"https:\/\/cultiusponc.com\/de\/#organization\",\"name\":\"Cultius Pon\u00e7\",\"url\":\"https:\/\/cultiusponc.com\/de\/\",\"logo\":{\"@type\":\"ImageObject\",\"inLanguage\":\"de\",\"@id\":\"https:\/\/cultiusponc.com\/de\/#\/schema\/logo\/image\/\",\"url\":\"https:\/\/cultiusponc.com\/wp-content\/uploads\/2022\/11\/Logo-cultius-ponc.svg\",\"contentUrl\":\"https:\/\/cultiusponc.com\/wp-content\/uploads\/2022\/11\/Logo-cultius-ponc.svg\",\"width\":1,\"height\":1,\"caption\":\"Cultius Pon\u00e7\"},\"image\":{\"@id\":\"https:\/\/cultiusponc.com\/de\/#\/schema\/logo\/image\/\"},\"sameAs\":[\"https:\/\/www.instagram.com\/cultius_ponc\/\",\"https:\/\/cultiusponc.com\"]}]}<\/script>\n<!-- \/ Yoast SEO plugin. -->","yoast_head_json":{"title":"Cultius Pon\u00e7 | Pflanzen- und Baumschule","description":"\u00dcber 80 Hektar Gel\u00e4nde, auf dem Olivenb\u00e4ume, Zierpflanzen und mediterrane Pflanzen, B\u00e4ume, Palmenarten, Str\u00e4ucher, Nadel- und Obstb\u00e4ume angebaut werden.","robots":{"index":"index","follow":"follow","max-snippet":"max-snippet:-1","max-image-preview":"max-image-preview:large","max-video-preview":"max-video-preview:-1"},"canonical":"https:\/\/cultiusponc.com\/de\/","og_locale":"de_DE","og_type":"article","og_title":"Cultius Pon\u00e7 | Pflanzen- und Baumschule","og_description":"\u00dcber 80 Hektar Gel\u00e4nde, auf dem Olivenb\u00e4ume, Zierpflanzen und mediterrane Pflanzen, B\u00e4ume, Palmenarten, Str\u00e4ucher, Nadel- und Obstb\u00e4ume angebaut werden.","og_url":"https:\/\/cultiusponc.com\/de\/","og_site_name":"Cultius Pon\u00e7","twitter_card":"summary_large_image","twitter_misc":{"Gesch\u00e4tzte Lesezeit":"5\u00a0Minuten"},"schema":{"@context":"https:\/\/schema.org","@graph":[{"@type":"WebPage","@id":"https:\/\/cultiusponc.com\/de\/","url":"https:\/\/cultiusponc.com\/de\/","name":"Cultius Pon\u00e7 | Pflanzen- und Baumschule","isPartOf":{"@id":"https:\/\/cultiusponc.com\/de\/#website"},"datePublished":"2023-07-08T06:46:43+00:00","description":"\u00dcber 80 Hektar Gel\u00e4nde, auf dem Olivenb\u00e4ume, Zierpflanzen und mediterrane Pflanzen, B\u00e4ume, Palmenarten, Str\u00e4ucher, Nadel- und Obstb\u00e4ume angebaut werden.","breadcrumb":{"@id":"https:\/\/cultiusponc.com\/de\/#breadcrumb"},"inLanguage":"de","potentialAction":[{"@type":"ReadAction","target":["https:\/\/cultiusponc.com\/de\/"]}]},{"@type":"BreadcrumbList","@id":"https:\/\/cultiusponc.com\/de\/#breadcrumb","itemListElement":[{"@type":"ListItem","position":1,"name":"Inici","item":"https:\/\/cultiusponc.com\/de\/cultius-ponc\/"},{"@type":"ListItem","position":2,"name":"Cultius Pon\u00e7"}]},{"@type":"WebSite","@id":"https:\/\/cultiusponc.com\/de\/#website","url":"https:\/\/cultiusponc.com\/de\/","name":"Cultius Pon\u00e7","description":"Garden i vivers | Exemplars, palmeres, oliveres i accessoris per a jardins","publisher":{"@id":"https:\/\/cultiusponc.com\/de\/#organization"},"potentialAction":[{"@type":"SearchAction","target":{"@type":"EntryPoint","urlTemplate":"https:\/\/cultiusponc.com\/de\/?s={search_term_string}"},"query-input":{"@type":"PropertyValueSpecification","valueRequired":true,"valueName":"search_term_string"}}],"inLanguage":"de"},{"@type":"Organization","@id":"https:\/\/cultiusponc.com\/de\/#organization","name":"Cultius Pon\u00e7","url":"https:\/\/cultiusponc.com\/de\/","logo":{"@type":"ImageObject","inLanguage":"de","@id":"https:\/\/cultiusponc.com\/de\/#\/schema\/logo\/image\/","url":"https:\/\/cultiusponc.com\/wp-content\/uploads\/2022\/11\/Logo-cultius-ponc.svg","contentUrl":"https:\/\/cultiusponc.com\/wp-content\/uploads\/2022\/11\/Logo-cultius-ponc.svg","width":1,"height":1,"caption":"Cultius Pon\u00e7"},"image":{"@id":"https:\/\/cultiusponc.com\/de\/#\/schema\/logo\/image\/"},"sameAs":["https:\/\/www.instagram.com\/cultius_ponc\/","https:\/\/cultiusponc.com"]}]}},"_links":{"self":[{"href":"https:\/\/cultiusponc.com\/de\/wp-json\/wp\/v2\/pages\/117995","targetHints":{"allow":["GET"]}}],"collection":[{"href":"https:\/\/cultiusponc.com\/de\/wp-json\/wp\/v2\/pages"}],"about":[{"href":"https:\/\/cultiusponc.com\/de\/wp-json\/wp\/v2\/types\/page"}],"author":[{"embeddable":true,"href":"https:\/\/cultiusponc.com\/de\/wp-json\/wp\/v2\/users\/1"}],"replies":[{"embeddable":true,"href":"https:\/\/cultiusponc.com\/de\/wp-json\/wp\/v2\/comments?post=117995"}],"version-history":[{"count":0,"href":"https:\/\/cultiusponc.com\/de\/wp-json\/wp\/v2\/pages\/117995\/revisions"}],"wp:attachment":[{"href":"https:\/\/cultiusponc.com\/de\/wp-json\/wp\/v2\/media?parent=117995"}],"curies":[{"name":"wp","href":"https:\/\/api.w.org\/{rel}","templated":true}]}}