{"id":2,"date":"2022-10-19T16:46:21","date_gmt":"2022-10-19T16:46:21","guid":{"rendered":"https:\/\/cultiusponc.com\/?page_id=2"},"modified":"2024-12-27T11:10:45","modified_gmt":"2024-12-27T11:10:45","slug":"home","status":"publish","type":"page","link":"https:\/\/cultiusponc.com\/ca\/","title":{"rendered":"Cultius Pon\u00e7"},"content":{"rendered":"<div class=\"wpb-content-wrapper\"><p>[vc_row row_height_percent=&#8221;0&#8243; override_padding=&#8221;yes&#8221; h_padding=&#8221;2&#8243; top_padding=&#8221;7&#8243; bottom_padding=&#8221;7&#8243; back_image=&#8221;115762&#8243; overlay_color=&#8221;color-jevc&#8221; overlay_alpha=&#8221;30&#8243; equal_height=&#8221;yes&#8221; gutter_size=&#8221;0&#8243; column_width_use_pixel=&#8221;yes&#8221; shift_y=&#8221;0&#8243; z_index=&#8221;0&#8243; medium_visibility=&#8221;yes&#8221; mobile_visibility=&#8221;yes&#8221; row_name=&#8221;Welcome&#8221; uncode_shortcode_id=&#8221;175810&#8243; row_height_pixel=&#8221;450&#8243; overlay_color_type=&#8221;uncode-palette&#8221;][vc_column column_width_use_pixel=&#8221;yes&#8221; position_vertical=&#8221;bottom&#8221; align_horizontal=&#8221;align_center&#8221; gutter_size=&#8221;3&#8243; style=&#8221;dark&#8221; overlay_alpha=&#8221;50&#8243; shift_x=&#8221;0&#8243; shift_y=&#8221;0&#8243; shift_y_down=&#8221;0&#8243; z_index=&#8221;0&#8243; medium_width=&#8221;0&#8243; mobile_width=&#8221;0&#8243; width=&#8221;1\/1&#8243; uncode_shortcode_id=&#8221;244656&#8243;][vc_row_inner][vc_column_inner column_width_percent=&#8221;100&#8243; position_vertical=&#8221;bottom&#8221; align_horizontal=&#8221;align_center&#8221; gutter_size=&#8221;3&#8243; style=&#8221;dark&#8221; overlay_alpha=&#8221;50&#8243; radius=&#8221;lg&#8221; shift_x=&#8221;0&#8243; shift_y=&#8221;0&#8243; shift_y_down=&#8221;0&#8243; z_index=&#8221;0&#8243; medium_width=&#8221;0&#8243; mobile_width=&#8221;0&#8243; width=&#8221;1\/1&#8243; uncode_shortcode_id=&#8221;157436&#8243;][vc_icon icon=&#8221;fa fa-play&#8221; background_style=&#8221;fa-rounded&#8221; size=&#8221;fa-2x&#8221; icon_automatic=&#8221;yes&#8221; shadow=&#8221;yes&#8221; text_size=&#8221;h4&#8243; css_animation=&#8221;zoom-in&#8221; animation_speed=&#8221;1000&#8243; animation_delay=&#8221;1000&#8243; media_lightbox=&#8221;116795&#8243; uncode_shortcode_id=&#8221;158527&#8243; title=&#8221;Veure v\u00eddeo presentaci\u00f3&#8221;][\/vc_icon][vc_custom_heading text_color=&#8221;color-xsdn&#8221; heading_semantic=&#8221;h3&#8243; text_size=&#8221;fontsize-155944&#8243; text_weight=&#8221;700&#8243; sub_lead=&#8221;yes&#8221; sub_reduced=&#8221;yes&#8221; uncode_shortcode_id=&#8221;415087&#8243; text_color_type=&#8221;uncode-palette&#8221;]Vivers i cultius d&#8217;arbres[\/vc_custom_heading][\/vc_column_inner][\/vc_row_inner][\/vc_column][\/vc_row][vc_row row_height_percent=&#8221;0&#8243; back_image=&#8221;115658&#8243; overlay_color=&#8221;color-jevc&#8221; overlay_alpha=&#8221;30&#8243; equal_height=&#8221;yes&#8221; gutter_size=&#8221;0&#8243; column_width_use_pixel=&#8221;yes&#8221; shift_y=&#8221;0&#8243; z_index=&#8221;0&#8243; desktop_visibility=&#8221;yes&#8221; row_name=&#8221;Welcome&#8221; uncode_shortcode_id=&#8221;693355&#8243; overlay_color_type=&#8221;uncode-palette&#8221; row_height_pixel=&#8221;400&#8243;][vc_column column_width_use_pixel=&#8221;yes&#8221; position_vertical=&#8221;middle&#8221; align_horizontal=&#8221;align_center&#8221; gutter_size=&#8221;3&#8243; style=&#8221;dark&#8221; overlay_alpha=&#8221;50&#8243; shift_x=&#8221;0&#8243; shift_y=&#8221;0&#8243; shift_y_down=&#8221;0&#8243; z_index=&#8221;0&#8243; medium_width=&#8221;0&#8243; mobile_width=&#8221;0&#8243; width=&#8221;1\/1&#8243; uncode_shortcode_id=&#8221;134553&#8243;][vc_icon icon=&#8221;fa fa-play&#8221; background_style=&#8221;fa-rounded&#8221; size=&#8221;fa-2x&#8221; icon_automatic=&#8221;yes&#8221; shadow=&#8221;yes&#8221; text_size=&#8221;h4&#8243; media_lightbox=&#8221;116795&#8243; uncode_shortcode_id=&#8221;142938&#8243; title=&#8221;Veure v\u00eddeo presentaci\u00f3&#8221;][\/vc_icon][vc_custom_heading text_color=&#8221;color-xsdn&#8221; heading_semantic=&#8221;h3&#8243; text_size=&#8221;fontsize-155944&#8243; text_weight=&#8221;700&#8243; sub_lead=&#8221;yes&#8221; sub_reduced=&#8221;yes&#8221; uncode_shortcode_id=&#8221;415087&#8243; text_color_type=&#8221;uncode-palette&#8221;]Vivers i cultius d&#8217;arbres[\/vc_custom_heading][\/vc_column][\/vc_row][vc_row unlock_row_content=&#8221;yes&#8221; row_height_percent=&#8221;0&#8243; override_padding=&#8221;yes&#8221; h_padding=&#8221;0&#8243; top_padding=&#8221;2&#8243; bottom_padding=&#8221;2&#8243; overlay_alpha=&#8221;50&#8243; gutter_size=&#8221;3&#8243; column_width_use_pixel=&#8221;yes&#8221; shift_y=&#8221;0&#8243; z_index=&#8221;2&#8243; uncode_shortcode_id=&#8221;115172&#8243;][vc_column column_width_use_pixel=&#8221;yes&#8221; align_horizontal=&#8221;align_center&#8221; gutter_size=&#8221;3&#8243; override_padding=&#8221;yes&#8221; column_padding=&#8221;3&#8243; style=&#8221;dark&#8221; back_color=&#8221;color-210407&#8243; overlay_alpha=&#8221;50&#8243; radius=&#8221;lg&#8221; shift_x=&#8221;0&#8243; shift_y=&#8221;-3&#8243; shift_y_fixed=&#8221;yes&#8221; shift_y_down=&#8221;0&#8243; z_index=&#8221;0&#8243; medium_width=&#8221;0&#8243; mobile_width=&#8221;0&#8243; width=&#8221;1\/1&#8243; uncode_shortcode_id=&#8221;796308&#8243; back_color_type=&#8221;uncode-palette&#8221; column_width_pixel=&#8221;1200&#8243;][vc_row_inner row_inner_height_percent=&#8221;0&#8243; overlay_alpha=&#8221;50&#8243; gutter_size=&#8221;3&#8243; shift_y=&#8221;0&#8243; z_index=&#8221;0&#8243; uncode_shortcode_id=&#8221;171503&#8243;][vc_column_inner column_width_percent=&#8221;100&#8243; gutter_size=&#8221;3&#8243; style=&#8221;dark&#8221; overlay_alpha=&#8221;50&#8243; border_style=&#8221;solid&#8221; shift_x=&#8221;0&#8243; shift_y=&#8221;0&#8243; shift_y_down=&#8221;0&#8243; z_index=&#8221;0&#8243; align_medium=&#8221;align_left_tablet&#8221; medium_width=&#8221;0&#8243; align_mobile=&#8221;align_left_mobile&#8221; mobile_width=&#8221;0&#8243; width=&#8221;1\/3&#8243; uncode_shortcode_id=&#8221;414843&#8243;][vc_icon position=&#8221;left&#8221; title_aligned_icon=&#8221;yes&#8221; icon_image=&#8221;115588&#8243; icon_color=&#8221;accent&#8221; media_size=&#8221;50&#8243; text_size=&#8221;h4&#8243; add_margin=&#8221;yes&#8221; title=&#8221;Oliveres&#8221; link=&#8221;|||&#8221; uncode_shortcode_id=&#8221;420081&#8243; icon_color_type=&#8221;uncode-palette&#8221;]M\u00e9s de vint anys produint, trasplantant i cuidant oliveres.<\/p>\n<p>[\/vc_icon][\/vc_column_inner][vc_column_inner column_width_percent=&#8221;100&#8243; gutter_size=&#8221;3&#8243; style=&#8221;dark&#8221; overlay_alpha=&#8221;50&#8243; border_style=&#8221;solid&#8221; shift_x=&#8221;0&#8243; shift_y=&#8221;0&#8243; shift_y_down=&#8221;0&#8243; z_index=&#8221;0&#8243; align_medium=&#8221;align_left_tablet&#8221; medium_width=&#8221;0&#8243; align_mobile=&#8221;align_left_mobile&#8221; mobile_width=&#8221;0&#8243; width=&#8221;1\/3&#8243; uncode_shortcode_id=&#8221;333730&#8243; css=&#8221;.vc_custom_1674820330919{padding-right: 20px !important;}&#8221;][vc_icon position=&#8221;left&#8221; title_aligned_icon=&#8221;yes&#8221; icon_image=&#8221;113740&#8243; icon_color=&#8221;accent&#8221; media_size=&#8221;50&#8243; text_size=&#8221;h4&#8243; add_margin=&#8221;yes&#8221; title=&#8221;Venda d&#8217;arbres&#8221; link=&#8221;|||&#8221; uncode_shortcode_id=&#8221;106664&#8243; icon_color_type=&#8221;uncode-palette&#8221;]Posem a la vostra disposici\u00f3 una \u00e0mplia varietat d&#8217;esp\u00e8cies d&#8217;arbres.[\/vc_icon][\/vc_column_inner][vc_column_inner column_width_percent=&#8221;100&#8243; gutter_size=&#8221;3&#8243; style=&#8221;dark&#8221; overlay_alpha=&#8221;50&#8243; shift_x=&#8221;0&#8243; shift_y=&#8221;0&#8243; shift_y_down=&#8221;0&#8243; z_index=&#8221;0&#8243; align_medium=&#8221;align_left_tablet&#8221; medium_width=&#8221;0&#8243; align_mobile=&#8221;align_left_mobile&#8221; mobile_width=&#8221;0&#8243; width=&#8221;1\/3&#8243; uncode_shortcode_id=&#8221;729178&#8243;][vc_icon position=&#8221;left&#8221; title_aligned_icon=&#8221;yes&#8221; icon_image=&#8221;115584&#8243; icon_color=&#8221;accent&#8221; media_size=&#8221;50&#8243; text_size=&#8221;h4&#8243; add_margin=&#8221;yes&#8221; title=&#8221;Transport&#8221; link=&#8221;|||&#8221; uncode_shortcode_id=&#8221;780103&#8243; icon_color_type=&#8221;uncode-palette&#8221;]Transportem els nostres arbres a qualsevol punt del planeta.[\/vc_icon][\/vc_column_inner][\/vc_row_inner][\/vc_column][\/vc_row][vc_row row_height_percent=&#8221;0&#8243; override_padding=&#8221;yes&#8221; h_padding=&#8221;2&#8243; top_padding=&#8221;2&#8243; bottom_padding=&#8221;2&#8243; overlay_alpha=&#8221;50&#8243; gutter_size=&#8221;2&#8243; column_width_percent=&#8221;100&#8243; shift_y=&#8221;0&#8243; z_index=&#8221;0&#8243; uncode_shortcode_id=&#8221;679688&#8243;][vc_column column_width_use_pixel=&#8221;yes&#8221; align_horizontal=&#8221;align_center&#8221; gutter_size=&#8221;3&#8243; overlay_alpha=&#8221;50&#8243; shift_x=&#8221;0&#8243; shift_y=&#8221;0&#8243; shift_y_down=&#8221;0&#8243; z_index=&#8221;0&#8243; medium_width=&#8221;0&#8243; mobile_width=&#8221;0&#8243; width=&#8221;1\/1&#8243; uncode_shortcode_id=&#8221;132745&#8243; column_width_pixel=&#8221;900&#8243;][vc_custom_heading heading_semantic=&#8221;h1&#8243; text_size=&#8221;h1&#8243; sub_lead=&#8221;yes&#8221; uncode_shortcode_id=&#8221;515393&#8243; subheading=&#8221;Plantes mediterr\u00e0nies, palmeres, arbustos, con\u00edferes i fruiters. Situats entre Barcelona i Girona a menys de 100 km de la frontera francesa.&#8221;]Cultius Pon\u00e7: especialistes en oliveres centen\u00e0ries i exemplars \u00fanics[\/vc_custom_heading][\/vc_column][\/vc_row][vc_row unlock_row_content=&#8221;yes&#8221; row_height_percent=&#8221;0&#8243; override_padding=&#8221;yes&#8221; h_padding=&#8221;0&#8243; top_padding=&#8221;2&#8243; bottom_padding=&#8221;2&#8243; overlay_alpha=&#8221;50&#8243; gutter_size=&#8221;2&#8243; column_width_percent=&#8221;100&#8243; shift_y=&#8221;0&#8243; z_index=&#8221;0&#8243; uncode_shortcode_id=&#8221;195426&#8243;][vc_column column_width_use_pixel=&#8221;yes&#8221; align_horizontal=&#8221;align_center&#8221; gutter_size=&#8221;4&#8243; overlay_alpha=&#8221;50&#8243; shift_x=&#8221;0&#8243; shift_y=&#8221;0&#8243; shift_y_down=&#8221;0&#8243; z_index=&#8221;0&#8243; medium_width=&#8221;0&#8243; mobile_width=&#8221;0&#8243; width=&#8221;1\/1&#8243; uncode_shortcode_id=&#8221;184220&#8243; column_width_pixel=&#8221;1270&#8243;][uncode_index el_id=&#8221;index-765034995&#8243; loop=&#8221;size:9|order_by:date|order:ASC|post_type:page|by_id:114048,114040,113775,113921,113769,114059,114065,114071,114077|taxonomy_count:10&#8243; screen_lg=&#8221;1000&#8243; screen_md=&#8221;600&#8243; screen_sm=&#8221;480&#8243; gutter_size=&#8221;2&#8243; post_items=&#8221;media|featured|onpost|poster,date,title,text|excerpt|180,category|bordered|topright|hide-icon,spacer|one,sep-one|full,spacer_two|one,author|md_size|hide_qualification&#8221; page_items=&#8221;icon|lg,media|featured|onpost|original,title,spacer|one&#8221; images_size=&#8221;four-three&#8221; single_shape=&#8221;round&#8221; single_overlay_color=&#8221;color-366506&#8243; single_overlay_opacity=&#8221;80&#8243; single_text_anim_type=&#8221;btt&#8221; single_h_align=&#8221;center&#8221; single_padding=&#8221;2&#8243; single_title_dimension=&#8221;h5&#8243; single_border=&#8221;yes&#8221; uncode_shortcode_id=&#8221;152259&#8243; items=&#8221;e30=&#8221; single_icon=&#8221;fa fa-eye&#8221;][\/vc_column][\/vc_row]<\/p>\n<\/div>","protected":false},"excerpt":{"rendered":"<p>[vc_row row_height_percent=&#8221;0&#8243; override_padding=&#8221;yes&#8221; h_padding=&#8221;2&#8243; top_padding=&#8221;7&#8243; bottom_padding=&#8221;7&#8243; back_image=&#8221;115762&#8243; overlay_color=&#8221;color-jevc&#8221; overlay_alpha=&#8221;30&#8243; equal_height=&#8221;yes&#8221; gutter_size=&#8221;0&#8243; column_width_use_pixel=&#8221;yes&#8221; shift_y=&#8221;0&#8243; z_index=&#8221;0&#8243; medium_visibility=&#8221;yes&#8221; mobile_visibility=&#8221;yes&#8221; row_name=&#8221;Welcome&#8221; uncode_shortcode_id=&#8221;175810&#8243; row_height_pixel=&#8221;450&#8243; overlay_color_type=&#8221;uncode-palette&#8221;][vc_column [&hellip;]<\/p>\n","protected":false},"author":1,"featured_media":0,"parent":0,"menu_order":0,"comment_status":"closed","ping_status":"closed","template":"","meta":{"footnotes":""},"class_list":["post-2","page","type-page","status-publish","hentry"],"yoast_head":"<!-- This site is optimized with the Yoast SEO plugin v27.3 - https:\/\/yoast.com\/product\/yoast-seo-wordpress\/ -->\n<title>Cultius Pon\u00e7 | Vivers i cultius d&#039;arbres<\/title>\n<meta name=\"description\" content=\"M\u00e9s de 80 hect\u00e0rees dedicades al cultiu d&#039;oliveres, plantes ornamentals i mediterr\u00e0nies, arbres, palm\u00e0cies, arbustives, con\u00edferes i fruiters.\" \/>\n<meta name=\"robots\" content=\"index, follow, max-snippet:-1, max-image-preview:large, max-video-preview:-1\" \/>\n<link rel=\"canonical\" href=\"https:\/\/cultiusponc.com\/ca\/\" \/>\n<meta property=\"og:locale\" content=\"ca_ES\" \/>\n<meta property=\"og:type\" content=\"article\" \/>\n<meta property=\"og:title\" content=\"Cultius Pon\u00e7 | Vivers i cultius d&#039;arbres\" \/>\n<meta property=\"og:description\" content=\"M\u00e9s de 80 hect\u00e0rees dedicades al cultiu d&#039;oliveres, plantes ornamentals i mediterr\u00e0nies, arbres, palm\u00e0cies, arbustives, con\u00edferes i fruiters.\" \/>\n<meta property=\"og:url\" content=\"https:\/\/cultiusponc.com\/ca\/\" \/>\n<meta property=\"og:site_name\" content=\"Cultius Pon\u00e7\" \/>\n<meta property=\"article:modified_time\" content=\"2024-12-27T11:10:45+00:00\" \/>\n<meta name=\"twitter:card\" content=\"summary_large_image\" \/>\n<meta name=\"twitter:label1\" content=\"Temps estimat de lectura\" \/>\n\t<meta name=\"twitter:data1\" content=\"2 minuts\" \/>\n<script type=\"application\/ld+json\" class=\"yoast-schema-graph\">{\"@context\":\"https:\\\/\\\/schema.org\",\"@graph\":[{\"@type\":\"WebPage\",\"@id\":\"https:\\\/\\\/cultiusponc.com\\\/ca\\\/\",\"url\":\"https:\\\/\\\/cultiusponc.com\\\/ca\\\/\",\"name\":\"Cultius Pon\u00e7 | Vivers i cultius d'arbres\",\"isPartOf\":{\"@id\":\"https:\\\/\\\/cultiusponc.com\\\/ca\\\/#website\"},\"datePublished\":\"2022-10-19T16:46:21+00:00\",\"dateModified\":\"2024-12-27T11:10:45+00:00\",\"description\":\"M\u00e9s de 80 hect\u00e0rees dedicades al cultiu d'oliveres, plantes ornamentals i mediterr\u00e0nies, arbres, palm\u00e0cies, arbustives, con\u00edferes i fruiters.\",\"breadcrumb\":{\"@id\":\"https:\\\/\\\/cultiusponc.com\\\/ca\\\/#breadcrumb\"},\"inLanguage\":\"ca\",\"potentialAction\":[{\"@type\":\"ReadAction\",\"target\":[\"https:\\\/\\\/cultiusponc.com\\\/ca\\\/\"]}]},{\"@type\":\"BreadcrumbList\",\"@id\":\"https:\\\/\\\/cultiusponc.com\\\/ca\\\/#breadcrumb\",\"itemListElement\":[{\"@type\":\"ListItem\",\"position\":1,\"name\":\"Inici\",\"item\":\"https:\\\/\\\/cultiusponc.com\\\/ca\\\/\"},{\"@type\":\"ListItem\",\"position\":2,\"name\":\"Cultius Pon\u00e7\"}]},{\"@type\":\"WebSite\",\"@id\":\"https:\\\/\\\/cultiusponc.com\\\/ca\\\/#website\",\"url\":\"https:\\\/\\\/cultiusponc.com\\\/ca\\\/\",\"name\":\"Cultius Pon\u00e7\",\"description\":\"Garden i vivers | Exemplars, palmeres, oliveres i accessoris per a jardins\",\"publisher\":{\"@id\":\"https:\\\/\\\/cultiusponc.com\\\/ca\\\/#organization\"},\"potentialAction\":[{\"@type\":\"SearchAction\",\"target\":{\"@type\":\"EntryPoint\",\"urlTemplate\":\"https:\\\/\\\/cultiusponc.com\\\/ca\\\/?s={search_term_string}\"},\"query-input\":{\"@type\":\"PropertyValueSpecification\",\"valueRequired\":true,\"valueName\":\"search_term_string\"}}],\"inLanguage\":\"ca\"},{\"@type\":\"Organization\",\"@id\":\"https:\\\/\\\/cultiusponc.com\\\/ca\\\/#organization\",\"name\":\"Cultius Pon\u00e7\",\"url\":\"https:\\\/\\\/cultiusponc.com\\\/ca\\\/\",\"logo\":{\"@type\":\"ImageObject\",\"inLanguage\":\"ca\",\"@id\":\"https:\\\/\\\/cultiusponc.com\\\/ca\\\/#\\\/schema\\\/logo\\\/image\\\/\",\"url\":\"https:\\\/\\\/cultiusponc.com\\\/wp-content\\\/uploads\\\/2022\\\/11\\\/Logo-cultius-ponc.svg\",\"contentUrl\":\"https:\\\/\\\/cultiusponc.com\\\/wp-content\\\/uploads\\\/2022\\\/11\\\/Logo-cultius-ponc.svg\",\"width\":1,\"height\":1,\"caption\":\"Cultius Pon\u00e7\"},\"image\":{\"@id\":\"https:\\\/\\\/cultiusponc.com\\\/ca\\\/#\\\/schema\\\/logo\\\/image\\\/\"},\"sameAs\":[\"https:\\\/\\\/www.instagram.com\\\/cultius_ponc\\\/\",\"https:\\\/\\\/cultiusponc.com\"]}]}<\/script>\n<!-- \/ Yoast SEO plugin. -->","yoast_head_json":{"title":"Cultius Pon\u00e7 | Vivers i cultius d'arbres","description":"M\u00e9s de 80 hect\u00e0rees dedicades al cultiu d'oliveres, plantes ornamentals i mediterr\u00e0nies, arbres, palm\u00e0cies, arbustives, con\u00edferes i fruiters.","robots":{"index":"index","follow":"follow","max-snippet":"max-snippet:-1","max-image-preview":"max-image-preview:large","max-video-preview":"max-video-preview:-1"},"canonical":"https:\/\/cultiusponc.com\/ca\/","og_locale":"ca_ES","og_type":"article","og_title":"Cultius Pon\u00e7 | Vivers i cultius d'arbres","og_description":"M\u00e9s de 80 hect\u00e0rees dedicades al cultiu d'oliveres, plantes ornamentals i mediterr\u00e0nies, arbres, palm\u00e0cies, arbustives, con\u00edferes i fruiters.","og_url":"https:\/\/cultiusponc.com\/ca\/","og_site_name":"Cultius Pon\u00e7","article_modified_time":"2024-12-27T11:10:45+00:00","twitter_card":"summary_large_image","twitter_misc":{"Temps estimat de lectura":"2 minuts"},"schema":{"@context":"https:\/\/schema.org","@graph":[{"@type":"WebPage","@id":"https:\/\/cultiusponc.com\/ca\/","url":"https:\/\/cultiusponc.com\/ca\/","name":"Cultius Pon\u00e7 | Vivers i cultius d'arbres","isPartOf":{"@id":"https:\/\/cultiusponc.com\/ca\/#website"},"datePublished":"2022-10-19T16:46:21+00:00","dateModified":"2024-12-27T11:10:45+00:00","description":"M\u00e9s de 80 hect\u00e0rees dedicades al cultiu d'oliveres, plantes ornamentals i mediterr\u00e0nies, arbres, palm\u00e0cies, arbustives, con\u00edferes i fruiters.","breadcrumb":{"@id":"https:\/\/cultiusponc.com\/ca\/#breadcrumb"},"inLanguage":"ca","potentialAction":[{"@type":"ReadAction","target":["https:\/\/cultiusponc.com\/ca\/"]}]},{"@type":"BreadcrumbList","@id":"https:\/\/cultiusponc.com\/ca\/#breadcrumb","itemListElement":[{"@type":"ListItem","position":1,"name":"Inici","item":"https:\/\/cultiusponc.com\/ca\/"},{"@type":"ListItem","position":2,"name":"Cultius Pon\u00e7"}]},{"@type":"WebSite","@id":"https:\/\/cultiusponc.com\/ca\/#website","url":"https:\/\/cultiusponc.com\/ca\/","name":"Cultius Pon\u00e7","description":"Garden i vivers | Exemplars, palmeres, oliveres i accessoris per a jardins","publisher":{"@id":"https:\/\/cultiusponc.com\/ca\/#organization"},"potentialAction":[{"@type":"SearchAction","target":{"@type":"EntryPoint","urlTemplate":"https:\/\/cultiusponc.com\/ca\/?s={search_term_string}"},"query-input":{"@type":"PropertyValueSpecification","valueRequired":true,"valueName":"search_term_string"}}],"inLanguage":"ca"},{"@type":"Organization","@id":"https:\/\/cultiusponc.com\/ca\/#organization","name":"Cultius Pon\u00e7","url":"https:\/\/cultiusponc.com\/ca\/","logo":{"@type":"ImageObject","inLanguage":"ca","@id":"https:\/\/cultiusponc.com\/ca\/#\/schema\/logo\/image\/","url":"https:\/\/cultiusponc.com\/wp-content\/uploads\/2022\/11\/Logo-cultius-ponc.svg","contentUrl":"https:\/\/cultiusponc.com\/wp-content\/uploads\/2022\/11\/Logo-cultius-ponc.svg","width":1,"height":1,"caption":"Cultius Pon\u00e7"},"image":{"@id":"https:\/\/cultiusponc.com\/ca\/#\/schema\/logo\/image\/"},"sameAs":["https:\/\/www.instagram.com\/cultius_ponc\/","https:\/\/cultiusponc.com"]}]}},"_links":{"self":[{"href":"https:\/\/cultiusponc.com\/ca\/wp-json\/wp\/v2\/pages\/2","targetHints":{"allow":["GET"]}}],"collection":[{"href":"https:\/\/cultiusponc.com\/ca\/wp-json\/wp\/v2\/pages"}],"about":[{"href":"https:\/\/cultiusponc.com\/ca\/wp-json\/wp\/v2\/types\/page"}],"author":[{"embeddable":true,"href":"https:\/\/cultiusponc.com\/ca\/wp-json\/wp\/v2\/users\/1"}],"replies":[{"embeddable":true,"href":"https:\/\/cultiusponc.com\/ca\/wp-json\/wp\/v2\/comments?post=2"}],"version-history":[{"count":1,"href":"https:\/\/cultiusponc.com\/ca\/wp-json\/wp\/v2\/pages\/2\/revisions"}],"predecessor-version":[{"id":120290,"href":"https:\/\/cultiusponc.com\/ca\/wp-json\/wp\/v2\/pages\/2\/revisions\/120290"}],"wp:attachment":[{"href":"https:\/\/cultiusponc.com\/ca\/wp-json\/wp\/v2\/media?parent=2"}],"curies":[{"name":"wp","href":"https:\/\/api.w.org\/{rel}","templated":true}]}}