{"id":115556,"date":"2023-01-23T16:36:17","date_gmt":"2023-01-23T16:36:17","guid":{"rendered":"https:\/\/cultiusponc.com\/?page_id=115556"},"modified":"2023-01-23T16:48:07","modified_gmt":"2023-01-23T16:48:07","slug":"avis-legal","status":"publish","type":"page","link":"https:\/\/cultiusponc.com\/ca\/avis-legal\/","title":{"rendered":"Av\u00eds legal"},"content":{"rendered":"<div class=\"wpb-content-wrapper\"><p>[vc_row row_height_percent=&#8221;0&#8243; override_padding=&#8221;yes&#8221; h_padding=&#8221;2&#8243; top_padding=&#8221;7&#8243; bottom_padding=&#8221;2&#8243; overlay_alpha=&#8221;50&#8243; gutter_size=&#8221;3&#8243; column_width_percent=&#8221;100&#8243; shift_y=&#8221;0&#8243; z_index=&#8221;0&#8243; uncode_shortcode_id=&#8221;464817&#8243; shape_dividers=&#8221;&#8221;][vc_column][vc_empty_space empty_h=&#8221;2&#8243;][vc_custom_heading auto_text=&#8221;yes&#8221; text_size=&#8221;h3&#8243; uncode_shortcode_id=&#8221;671108&#8243;]This is a custom heading element.<\/p>\n<p>[\/vc_custom_heading][vc_column_text]<\/p>\n<h2>TITULARITAT DE LA WEB I LES DADES DE CONTACTE<\/h2>\n<p class=\"Standard\">www.cultiusponc.com\/ \u00e9s un domini d&#8217;internet que t\u00e9 com a propietari CULTIUS PON\u00c7, S.L. (en endavant, CULTIU PON\u00c7) amb CIF\/NIF B62053806 i domiciliada a (C-35) KM. 64,1 CTRA. HOSTALRIC &#8211; SANT CELONI 08470 SANT CELONI (BARCELONA). Inscrtita al Registre Mercantil de Barcelona, Tom 31960, Foli 21, Fulla n\u00ba B-202570. Inscripci\u00f3 1.<\/p>\n<p class=\"Standard\">La finalitat de la web \u00e9s mostrar els nostres productes i serveis.<\/p>\n<p class=\"Standard\">Pot contactar amb el propietari d&#8217;aquesta web a:<\/p>\n<ul>\n<li>Telef\u00f2nicament, al n\u00famero 971 871 45<\/li>\n<li>Per correu electr\u00f2nic, dirigint-se a <span id=\"cloakd64937054efadac4e21bbc9b81dcea19\"><a href=\"mailto:ponc@cultiusponc.com\">ponc@cultiusponc.com<\/a><\/span><\/li>\n<li>Per correu ordinari, dirigint-se a CULTIU PON\u00c7, (C-35) KM. 64,1 CTRA. HOSTALRIC &#8211; SANT CELONI 08470 SANT CELONI (BARCELONA)<\/li>\n<\/ul>\n<p class=\"Standard\">Per qualsevol aclariment no dubti contactar amb CULTIU PON\u00c7.<\/p>\n<h2>CONDICIONS D&#8217;\u00daS DE LA WEB<\/h2>\n<p class=\"Standard\">Les presents condicions d&#8217;\u00fas regulen l&#8217;acc\u00e9s a aquesta web per part dels clients de CULTIU PON\u00c7 i altres usuaris d&#8217;Internet. Per navegar a aquesta web, l&#8217;usuari manifesta la seva acceptaci\u00f3 sense excepcions de les presents condicions d&#8217;\u00fas.<\/p>\n<p class=\"Standard\">CULTIU PON\u00c7 es reserva el dret unilateral de modificar les presents condicions d&#8217;acc\u00e9s a la web, aix\u00ed com els continguts inclosos.<\/p>\n<h3>Limitaci\u00f3 i exclusi\u00f3 de responsabilitat<\/h3>\n<p class=\"Standard\">El contingut d&#8217;aquesta web \u00e9s de car\u00e0cter general i t\u00e9 una finalitat i efectes exclusivament informatius. CULTIU PON\u00c7 no accepta responsabilitat sobre qualsevol informaci\u00f3 no elaborada per ella o publicada al seu nom sense la seva autoritzaci\u00f3, aix\u00ed com responsabilitat derivada de la mala utilitzaci\u00f3 per tercers dels continguts.<\/p>\n<p class=\"Standard\">L&#8217;usuari eximeix CULTIU PON\u00c7 de qualsevol responsabilitat que pogu\u00e9s derivar-se de les interrupcions de disponibilitat de la p\u00e0gina web, ja sigui per mal funcionament del servidor web o de les aplicacions, de les infraestructures de comunicacions o del software i hardware utilitzats per a la navegaci\u00f3.<\/p>\n<p class=\"Standard\">En cas d&#8217;incloure enlla\u00e7os a d&#8217;altres p\u00e0gines web, CULTIU PON\u00c7 declina qualsevol responsabilitat relacionada amb els accessos als mateixos.<\/p>\n<h3>Propietat intel\u00b7lectual i industrial<\/h3>\n<p class=\"Standard\">La totalitat d&#8217;aquesta web est\u00e0 protegida per les lleis de propietat Intel\u00b7lectual i Industrial. Tret que s&#8217;indiqui el contrari, els drets de propietat intel\u00b7lectual respecte dels continguts corresponen en exclusiva a CULTIU PON\u00c7. L&#8217;usuari reconeix que l&#8217;\u00fas dels continguts es limitar\u00e0 estrictament a finalitats particulars del propi usuari i que la reproducci\u00f3, distribuci\u00f3, comunicaci\u00f3 o transformaci\u00f3 no expressament autoritzada dels continguts mencionats constituiria una infracci\u00f3 dels drets de propietat intel\u00b7lectual.<\/p>\n<p class=\"Standard\">Aix\u00ed mateix, l&#8217;usuari s&#8217;abstindr\u00e0 d&#8217;aplicar els continguts i principalment la informaci\u00f3 de qualsevol tipus obtinguda mitjan\u00e7ant aquesta web per remetre publicitat o comunicacions amb finalitats de venda directa o de car\u00e0cter comercial; missatges no sol\u00b7licitats dirigits a una pluralitat de persones amb independ\u00e8ncia de la seva finalitat. Tamb\u00e9 s&#8217;abstindr\u00e0 de divulgar de qualsevol manera aquesta informaci\u00f3.<\/p>\n<p class=\"Standard\">www.cultiusponc.com\/ \u00e9s un domini de CULTIU PON\u00c7. No pot ser utilitzat, tret autoritzaci\u00f3 pr\u00e8via i expressa, en connexi\u00f3 amb altres productes o serveis que no siguin propietat de CULTIU PON\u00c7 de cap manera que pugui causar confusi\u00f3 entre els nostres clients o descr\u00e8dit de CULTIU PON\u00c7.<\/p>\n<h3>Pol\u00edtica per a enlla\u00e7ar a aquesta web<\/h3>\n<p class=\"Standard\">Si qualsevol usuari, entitat o p\u00e0gina web desitg\u00e9s establir algun tipus d&#8217;enlla\u00e7 amb destinaci\u00f3 a aquesta web haur\u00e0 de sol\u00b7licitar autoritzaci\u00f3 pr\u00e8via a la realitzaci\u00f3 de l&#8217;enlla\u00e7 i per escrit.<\/p>\n<p class=\"Standard\">A m\u00e9s, nom\u00e9s es permet enlla\u00e7ar a la p\u00e0gina d&#8217;inici de la web. L&#8217;enlla\u00e7 ha de ser en la seva totalitat i complet, \u00e9s a dir, ha de portar a l&#8217;usuari a la pr\u00f2pia adre\u00e7a de CULTIU PON\u00c7 abarcant completament l&#8217;extensi\u00f3 de la pantalla de la p\u00e0gina que cont\u00e9 l&#8217;enlla\u00e7. En cap cas, excepte autoritzaci\u00f3 expressa i per escrit de CULTIU PON\u00c7, la p\u00e0gina que en realitzi l&#8217;enlla\u00e7 en cap moment podr\u00e0 reproduir la web CULTIU PON\u00c7, ni incloure-la com a part del seu web ni dins d&#8217;un dels seus marcs sobre qualsevol de les p\u00e0gines o continguts de la present web.<\/p>\n<p class=\"Standard\">No s&#8217;inclour\u00e0 cap manifestaci\u00f3 falsa, inexacta o incorrecta sobre les p\u00e0gines d&#8217;aquesta web o els serveis que en ella s&#8217;ofereixen.<\/p>\n<p class=\"Standard\">L&#8217;enlla\u00e7 no contindr\u00e0 cap marca, nom comercial, r\u00e8tol d&#8217;establiment, denominaci\u00f3, logotip, esl\u00f2gan o altres signes distintius pertanyents a CULTIU PON\u00c7<\/p>\n<p class=\"Standard\">En cap circumst\u00e0ncia CULTIU PON\u00c7 no ser\u00e0 responsable dels continguts o serveis posats a la disposici\u00f3 del p\u00fablic a la p\u00e0gina web des de la qual es realitzi l&#8217;enlla\u00e7 ni de les informacions o manifestacions incloses en les mateixes.<\/p>\n<h3>Protecci\u00f3 de dades personals<\/h3>\n<p class=\"Standard\">La utilitzaci\u00f3 d&#8217;aquesta web i dels seus formularis requereix l&#8217;acceptaci\u00f3 del tractament de les dades de l&#8217;usuari, essent responsable del tractament CULTIUS PON\u00c7, S.L., per a finalitats que inclouen la provisi\u00f3 de la web, la recopilaci\u00f3 de dades d&#8217;acc\u00e9s i l&#8217;enviament d&#8217;informaci\u00f3 comercial per via electr\u00f2nica, en determinats casos.<\/p>\n<p class=\"Standard\">Llegeixi detingudament la pol\u00edtica de privacitat per a informaci\u00f3 addicional i detallada, incloent com utilitzem les dades dels usuaris i com exercir els drets d&#8217;acc\u00e9s, rectificaci\u00f3, supressi\u00f3, oposici\u00f3, i altres drets de protecci\u00f3 de dades.<\/p>\n<h3>Cookies<\/h3>\n<p class=\"Standard\">Aquesta web utilitza cookies pr\u00f2pies i de tercers per a diverses finalitats incloent anal\u00edtiques i publicit\u00e0ries adaptades als interessos de l&#8217;usuari. Visualitzar aquesta web amb les cookies activades al navegador implica l&#8217;acceptaci\u00f3 del seu tractament conforme a la nostra pol\u00edtica de cookies.<\/p>\n<p class=\"Standard\">Llegeixi detingudament la nostra pol\u00edtica de cookies per con\u00e8ixer les tipologies de cookies emprades, i com bloquejar-les o esborrar-les al seu navegador.<\/p>\n<h3>Prevalen\u00e7a de la versi\u00f3 espanyola<\/h3>\n<p class=\"Standard\">En cas que es tradueixi aquest av\u00eds legal a d&#8217;altres idiomes, quan existeixi alguna discrep\u00e0ncia, la versi\u00f3 espanyola prevaldr\u00e0.<\/p>\n<h3>Legislaci\u00f3 i Jurisdicci\u00f3 aplicable<\/h3>\n<p class=\"Standard\">El present Av\u00eds Legal aix\u00ed com les relacions entre CULTIU PON\u00c7 i els usuaris es regiran per la normativa espanyola vigent i qualsevol controv\u00e8rsia se sotmetr\u00e0 als Jutjats i Tribunals de BARCELONA, excepte en el cas de consumidors i usuaris on s&#8217;aplicar\u00e0 el fur imperatiu dels jutjats que corresponguin al seu domicili.<\/p>\n<p class=\"Standard\">\u00a9 CULTIU PON\u00c7<\/p>\n<p>[\/vc_column_text][\/vc_column][\/vc_row]<\/p>\n<\/div>","protected":false},"excerpt":{"rendered":"<p>[vc_row row_height_percent=&#8221;0&#8243; override_padding=&#8221;yes&#8221; h_padding=&#8221;2&#8243; top_padding=&#8221;7&#8243; bottom_padding=&#8221;2&#8243; overlay_alpha=&#8221;50&#8243; gutter_size=&#8221;3&#8243; column_width_percent=&#8221;100&#8243; shift_y=&#8221;0&#8243; z_index=&#8221;0&#8243; uncode_shortcode_id=&#8221;464817&#8243; shape_dividers=&#8221;&#8221;][vc_column][vc_empty_space empty_h=&#8221;2&#8243;][vc_custom_heading auto_text=&#8221;yes&#8221; text_size=&#8221;h3&#8243; uncode_shortcode_id=&#8221;671108&#8243;]This is a custom [&hellip;]<\/p>\n","protected":false},"author":1,"featured_media":0,"parent":0,"menu_order":0,"comment_status":"closed","ping_status":"closed","template":"","meta":{"footnotes":""},"class_list":["post-115556","page","type-page","status-publish","hentry"],"yoast_head":"<!-- This site is optimized with the Yoast SEO plugin v27.3 - https:\/\/yoast.com\/product\/yoast-seo-wordpress\/ -->\n<title>Av\u00eds legal | Cultius Pon\u00e7<\/title>\n<meta name=\"robots\" content=\"index, follow, max-snippet:-1, max-image-preview:large, max-video-preview:-1\" \/>\n<link rel=\"canonical\" href=\"https:\/\/cultiusponc.com\/ca\/avis-legal\/\" \/>\n<meta property=\"og:locale\" content=\"ca_ES\" \/>\n<meta property=\"og:type\" content=\"article\" \/>\n<meta property=\"og:title\" content=\"Av\u00eds legal | Cultius Pon\u00e7\" \/>\n<meta property=\"og:description\" content=\"[vc_row row_height_percent=&#8221;0&#8243; override_padding=&#8221;yes&#8221; h_padding=&#8221;2&#8243; top_padding=&#8221;7&#8243; bottom_padding=&#8221;2&#8243; overlay_alpha=&#8221;50&#8243; gutter_size=&#8221;3&#8243; column_width_percent=&#8221;100&#8243; shift_y=&#8221;0&#8243; z_index=&#8221;0&#8243; uncode_shortcode_id=&#8221;464817&#8243; shape_dividers=&#8221;&#8221;][vc_column][vc_empty_space empty_h=&#8221;2&#8243;][vc_custom_heading auto_text=&#8221;yes&#8221; text_size=&#8221;h3&#8243; uncode_shortcode_id=&#8221;671108&#8243;]This is a custom [&hellip;]\" \/>\n<meta property=\"og:url\" content=\"https:\/\/cultiusponc.com\/ca\/avis-legal\/\" \/>\n<meta property=\"og:site_name\" content=\"Cultius Pon\u00e7\" \/>\n<meta property=\"article:modified_time\" content=\"2023-01-23T16:48:07+00:00\" \/>\n<meta name=\"twitter:card\" content=\"summary_large_image\" \/>\n<meta name=\"twitter:label1\" content=\"Temps estimat de lectura\" \/>\n\t<meta name=\"twitter:data1\" content=\"5 minuts\" \/>\n<script type=\"application\/ld+json\" class=\"yoast-schema-graph\">{\"@context\":\"https:\\\/\\\/schema.org\",\"@graph\":[{\"@type\":\"WebPage\",\"@id\":\"https:\\\/\\\/cultiusponc.com\\\/ca\\\/avis-legal\\\/\",\"url\":\"https:\\\/\\\/cultiusponc.com\\\/ca\\\/avis-legal\\\/\",\"name\":\"Av\u00eds legal | Cultius Pon\u00e7\",\"isPartOf\":{\"@id\":\"https:\\\/\\\/cultiusponc.com\\\/ca\\\/#website\"},\"datePublished\":\"2023-01-23T16:36:17+00:00\",\"dateModified\":\"2023-01-23T16:48:07+00:00\",\"breadcrumb\":{\"@id\":\"https:\\\/\\\/cultiusponc.com\\\/ca\\\/avis-legal\\\/#breadcrumb\"},\"inLanguage\":\"ca\",\"potentialAction\":[{\"@type\":\"ReadAction\",\"target\":[\"https:\\\/\\\/cultiusponc.com\\\/ca\\\/avis-legal\\\/\"]}]},{\"@type\":\"BreadcrumbList\",\"@id\":\"https:\\\/\\\/cultiusponc.com\\\/ca\\\/avis-legal\\\/#breadcrumb\",\"itemListElement\":[{\"@type\":\"ListItem\",\"position\":1,\"name\":\"Inici\",\"item\":\"https:\\\/\\\/cultiusponc.com\\\/ca\\\/\"},{\"@type\":\"ListItem\",\"position\":2,\"name\":\"Av\u00eds legal\"}]},{\"@type\":\"WebSite\",\"@id\":\"https:\\\/\\\/cultiusponc.com\\\/ca\\\/#website\",\"url\":\"https:\\\/\\\/cultiusponc.com\\\/ca\\\/\",\"name\":\"Cultius Pon\u00e7\",\"description\":\"Garden i vivers | Exemplars, palmeres, oliveres i accessoris per a jardins\",\"publisher\":{\"@id\":\"https:\\\/\\\/cultiusponc.com\\\/ca\\\/#organization\"},\"potentialAction\":[{\"@type\":\"SearchAction\",\"target\":{\"@type\":\"EntryPoint\",\"urlTemplate\":\"https:\\\/\\\/cultiusponc.com\\\/ca\\\/?s={search_term_string}\"},\"query-input\":{\"@type\":\"PropertyValueSpecification\",\"valueRequired\":true,\"valueName\":\"search_term_string\"}}],\"inLanguage\":\"ca\"},{\"@type\":\"Organization\",\"@id\":\"https:\\\/\\\/cultiusponc.com\\\/ca\\\/#organization\",\"name\":\"Cultius Pon\u00e7\",\"url\":\"https:\\\/\\\/cultiusponc.com\\\/ca\\\/\",\"logo\":{\"@type\":\"ImageObject\",\"inLanguage\":\"ca\",\"@id\":\"https:\\\/\\\/cultiusponc.com\\\/ca\\\/#\\\/schema\\\/logo\\\/image\\\/\",\"url\":\"https:\\\/\\\/cultiusponc.com\\\/wp-content\\\/uploads\\\/2022\\\/11\\\/Logo-cultius-ponc.svg\",\"contentUrl\":\"https:\\\/\\\/cultiusponc.com\\\/wp-content\\\/uploads\\\/2022\\\/11\\\/Logo-cultius-ponc.svg\",\"width\":1,\"height\":1,\"caption\":\"Cultius Pon\u00e7\"},\"image\":{\"@id\":\"https:\\\/\\\/cultiusponc.com\\\/ca\\\/#\\\/schema\\\/logo\\\/image\\\/\"},\"sameAs\":[\"https:\\\/\\\/www.instagram.com\\\/cultius_ponc\\\/\",\"https:\\\/\\\/cultiusponc.com\"]}]}<\/script>\n<!-- \/ Yoast SEO plugin. -->","yoast_head_json":{"title":"Av\u00eds legal | Cultius Pon\u00e7","robots":{"index":"index","follow":"follow","max-snippet":"max-snippet:-1","max-image-preview":"max-image-preview:large","max-video-preview":"max-video-preview:-1"},"canonical":"https:\/\/cultiusponc.com\/ca\/avis-legal\/","og_locale":"ca_ES","og_type":"article","og_title":"Av\u00eds legal | Cultius Pon\u00e7","og_description":"[vc_row row_height_percent=&#8221;0&#8243; override_padding=&#8221;yes&#8221; h_padding=&#8221;2&#8243; top_padding=&#8221;7&#8243; bottom_padding=&#8221;2&#8243; overlay_alpha=&#8221;50&#8243; gutter_size=&#8221;3&#8243; column_width_percent=&#8221;100&#8243; shift_y=&#8221;0&#8243; z_index=&#8221;0&#8243; uncode_shortcode_id=&#8221;464817&#8243; shape_dividers=&#8221;&#8221;][vc_column][vc_empty_space empty_h=&#8221;2&#8243;][vc_custom_heading auto_text=&#8221;yes&#8221; text_size=&#8221;h3&#8243; uncode_shortcode_id=&#8221;671108&#8243;]This is a custom [&hellip;]","og_url":"https:\/\/cultiusponc.com\/ca\/avis-legal\/","og_site_name":"Cultius Pon\u00e7","article_modified_time":"2023-01-23T16:48:07+00:00","twitter_card":"summary_large_image","twitter_misc":{"Temps estimat de lectura":"5 minuts"},"schema":{"@context":"https:\/\/schema.org","@graph":[{"@type":"WebPage","@id":"https:\/\/cultiusponc.com\/ca\/avis-legal\/","url":"https:\/\/cultiusponc.com\/ca\/avis-legal\/","name":"Av\u00eds legal | Cultius Pon\u00e7","isPartOf":{"@id":"https:\/\/cultiusponc.com\/ca\/#website"},"datePublished":"2023-01-23T16:36:17+00:00","dateModified":"2023-01-23T16:48:07+00:00","breadcrumb":{"@id":"https:\/\/cultiusponc.com\/ca\/avis-legal\/#breadcrumb"},"inLanguage":"ca","potentialAction":[{"@type":"ReadAction","target":["https:\/\/cultiusponc.com\/ca\/avis-legal\/"]}]},{"@type":"BreadcrumbList","@id":"https:\/\/cultiusponc.com\/ca\/avis-legal\/#breadcrumb","itemListElement":[{"@type":"ListItem","position":1,"name":"Inici","item":"https:\/\/cultiusponc.com\/ca\/"},{"@type":"ListItem","position":2,"name":"Av\u00eds legal"}]},{"@type":"WebSite","@id":"https:\/\/cultiusponc.com\/ca\/#website","url":"https:\/\/cultiusponc.com\/ca\/","name":"Cultius Pon\u00e7","description":"Garden i vivers | Exemplars, palmeres, oliveres i accessoris per a jardins","publisher":{"@id":"https:\/\/cultiusponc.com\/ca\/#organization"},"potentialAction":[{"@type":"SearchAction","target":{"@type":"EntryPoint","urlTemplate":"https:\/\/cultiusponc.com\/ca\/?s={search_term_string}"},"query-input":{"@type":"PropertyValueSpecification","valueRequired":true,"valueName":"search_term_string"}}],"inLanguage":"ca"},{"@type":"Organization","@id":"https:\/\/cultiusponc.com\/ca\/#organization","name":"Cultius Pon\u00e7","url":"https:\/\/cultiusponc.com\/ca\/","logo":{"@type":"ImageObject","inLanguage":"ca","@id":"https:\/\/cultiusponc.com\/ca\/#\/schema\/logo\/image\/","url":"https:\/\/cultiusponc.com\/wp-content\/uploads\/2022\/11\/Logo-cultius-ponc.svg","contentUrl":"https:\/\/cultiusponc.com\/wp-content\/uploads\/2022\/11\/Logo-cultius-ponc.svg","width":1,"height":1,"caption":"Cultius Pon\u00e7"},"image":{"@id":"https:\/\/cultiusponc.com\/ca\/#\/schema\/logo\/image\/"},"sameAs":["https:\/\/www.instagram.com\/cultius_ponc\/","https:\/\/cultiusponc.com"]}]}},"_links":{"self":[{"href":"https:\/\/cultiusponc.com\/ca\/wp-json\/wp\/v2\/pages\/115556","targetHints":{"allow":["GET"]}}],"collection":[{"href":"https:\/\/cultiusponc.com\/ca\/wp-json\/wp\/v2\/pages"}],"about":[{"href":"https:\/\/cultiusponc.com\/ca\/wp-json\/wp\/v2\/types\/page"}],"author":[{"embeddable":true,"href":"https:\/\/cultiusponc.com\/ca\/wp-json\/wp\/v2\/users\/1"}],"replies":[{"embeddable":true,"href":"https:\/\/cultiusponc.com\/ca\/wp-json\/wp\/v2\/comments?post=115556"}],"version-history":[{"count":0,"href":"https:\/\/cultiusponc.com\/ca\/wp-json\/wp\/v2\/pages\/115556\/revisions"}],"wp:attachment":[{"href":"https:\/\/cultiusponc.com\/ca\/wp-json\/wp\/v2\/media?parent=115556"}],"curies":[{"name":"wp","href":"https:\/\/api.w.org\/{rel}","templated":true}]}}