{"id":114736,"date":"2022-11-25T08:24:41","date_gmt":"2022-11-25T08:24:41","guid":{"rendered":"https:\/\/cultiusponc.com\/?page_id=114736"},"modified":"2023-01-10T15:38:26","modified_gmt":"2023-01-10T15:38:26","slug":"contactar","status":"publish","type":"page","link":"https:\/\/cultiusponc.com\/ca\/contactar\/","title":{"rendered":"Contactar"},"content":{"rendered":"<div class=\"wpb-content-wrapper\"><p>[vc_row row_height_percent=&#8221;0&#8243; override_padding=&#8221;yes&#8221; h_padding=&#8221;2&#8243; top_padding=&#8221;3&#8243; bottom_padding=&#8221;3&#8243; overlay_alpha=&#8221;100&#8243; gutter_size=&#8221;100&#8243; column_width_percent=&#8221;100&#8243; shift_y=&#8221;0&#8243; z_index=&#8221;0&#8243; row_width=&#8221;1000&#8243; block_height=&#8221;0&#8243; back_alpha=&#8221;100&#8243; border_size=&#8221;1&#8243; style=&#8221;inherited&#8221; uncode_shortcode_id=&#8221;328078&#8243;][vc_column column_width_use_pixel=&#8221;yes&#8221; gutter_size=&#8221;3&#8243; overlay_alpha=&#8221;100&#8243; shift_x=&#8221;0&#8243; shift_y=&#8221;0&#8243; shift_y_down=&#8221;0&#8243; z_index=&#8221;0&#8243; medium_width=&#8221;0&#8243; mobile_width=&#8221;0&#8243; zoom_width=&#8221;0&#8243; zoom_height=&#8221;0&#8243; width=&#8221;1\/1&#8243; max_width=&#8221;100&#8243; align_vertical=&#8221;top&#8221; back_alpha=&#8221;100&#8243; column_width_pixel=&#8221;900&#8243;][vc_custom_heading heading_semantic=&#8221;h3&#8243; text_size=&#8221;h3&#8243; text_align=&#8221;text-left&#8221; text_uppercase=&#8221;&#8221; subheading=&#8221;Si t\u00e9 qualsevol dubte o desitja m\u00e9s informaci\u00f3, contacti amb nosaltres.&#8221; uncode_shortcode_id=&#8221;137401&#8243;]Formulari de contacte[\/vc_custom_heading][vc_separator sep_color=&#8221;,Default&#8221;]\n<div class=\"wpcf7 no-js\" id=\"wpcf7-f103503-o1\" lang=\"ca\" dir=\"ltr\" data-wpcf7-id=\"103503\">\n<div class=\"screen-reader-response\"><p role=\"status\" aria-live=\"polite\" aria-atomic=\"true\"><\/p> <ul><\/ul><\/div>\n<form action=\"\/ca\/wp-json\/wp\/v2\/pages\/114736#wpcf7-f103503-o1\" method=\"post\" class=\"wpcf7-form init\" aria-label=\"Formulari de contacte\" novalidate=\"novalidate\" data-status=\"init\">\n<fieldset class=\"hidden-fields-container\"><input type=\"hidden\" name=\"_wpcf7\" value=\"103503\" \/><input type=\"hidden\" name=\"_wpcf7_version\" value=\"6.1.5\" \/><input type=\"hidden\" name=\"_wpcf7_locale\" value=\"ca\" \/><input type=\"hidden\" name=\"_wpcf7_unit_tag\" value=\"wpcf7-f103503-o1\" \/><input type=\"hidden\" name=\"_wpcf7_container_post\" value=\"0\" \/><input type=\"hidden\" name=\"_wpcf7_posted_data_hash\" value=\"\" \/><input type=\"hidden\" name=\"_wpcf7_recaptcha_response\" value=\"\" \/>\n<\/fieldset>\n<p><span class=\"wpcf7-form-control-wrap\" data-name=\"your-fullname\"><input size=\"40\" maxlength=\"400\" class=\"wpcf7-form-control wpcf7-text wpcf7-validates-as-required form-fluid\" aria-required=\"true\" aria-invalid=\"false\" placeholder=\"Nom i cognoms\" value=\"\" type=\"text\" name=\"your-fullname\" \/><\/span>\n<\/p>\n<div class=\"wpcf7-inline-wrapper\">\n\t<p class=\"wpcf7-inline-field\"><span class=\"wpcf7-form-control-wrap\" data-name=\"your-email\"><input size=\"40\" maxlength=\"400\" class=\"wpcf7-form-control wpcf7-email wpcf7-validates-as-required wpcf7-text wpcf7-validates-as-email\" aria-required=\"true\" aria-invalid=\"false\" placeholder=\"Correu electr\u00f2nic\" value=\"\" type=\"email\" name=\"your-email\" \/><\/span>\n\t<\/p>\n\t<p class=\"wpcf7-inline-field\"><span class=\"wpcf7-form-control-wrap\" data-name=\"Empresa\"><input size=\"40\" maxlength=\"400\" class=\"wpcf7-form-control wpcf7-text wpcf7-validates-as-required form-fluid\" aria-required=\"true\" aria-invalid=\"false\" placeholder=\"Empresa\" value=\"\" type=\"text\" name=\"Empresa\" \/><\/span>\n\t<\/p>\n<\/div>\n<p><span class=\"wpcf7-form-control-wrap\" data-name=\"your-message\"><textarea cols=\"40\" rows=\"8\" maxlength=\"2000\" class=\"wpcf7-form-control wpcf7-textarea\" aria-invalid=\"false\" placeholder=\"Missatge\" name=\"your-message\"><\/textarea><\/span>\n<\/p>\n<p><span class=\"wpcf7-form-control-wrap\" data-name=\"accept-this-1\"><span class=\"wpcf7-form-control wpcf7-acceptance\"><span class=\"wpcf7-list-item\"><label><input type=\"checkbox\" name=\"accept-this-1\" value=\"1\" aria-invalid=\"false\" \/><span class=\"wpcf7-list-item-label\">He llegit i accepto la <a href=\"https:\/\/cultiusponc.com\/ca\/politica-de-privacitat\/\">Pol\u00edtica de privacitat<\/a> \n<br><small><strong>PROTECCI\u00d3 DE DADES:<\/strong> Conforme al Reglament (UE) 2016\/679, el responsable del tractament \u00e9s CULTIUS PON\u00c7, S.L.; la finalitat \u00e9s atendre les seves sol\u00b7licituds de contacte. Per a exercir els seus drets d'acc\u00e9s, rectificaci\u00f3, supressi\u00f3, oposici\u00f3 i altres, aix\u00ed com obtenir informaci\u00f3 detallada, consulti la nostra <a href=\"https:\/\/cultiusponc.com\/ca\/politica-de-privacitat\/\">Pol\u00edtica de privacitat<\/a>.<\/small><\/span><\/label><\/span><\/span><\/span>\n<\/p>\n<p><span class=\"wpcf7-form-control-wrap\" data-name=\"accept-this-2\"><span class=\"wpcf7-form-control wpcf7-acceptance optional\"><span class=\"wpcf7-list-item\"><label><input type=\"checkbox\" name=\"accept-this-2\" value=\"1\" aria-invalid=\"false\" \/><span class=\"wpcf7-list-item-label\">S\u00cd vull rebre informaci\u00f3 comercial (newsletter) a l'email proporcionat conforme les condicions establertes a la <a href=\"https:\/\/cultiusponc.com\/ca\/politica-de-privacitat\/\">Pol\u00edtica de privacitat<\/a>.<\/span><\/label><\/span><\/span><\/span>\n<\/p>\n<p><input class=\"wpcf7-form-control wpcf7-submit has-spinner btn btn-accent\" type=\"submit\" value=\"Enviar consulta\" \/>\n<\/p><div class=\"wpcf7-response-output\" aria-hidden=\"true\"><\/div>\n<\/form>\n<\/div>\n[\/vc_column][\/vc_row][vc_row unlock_row_content=&#8221;yes&#8221; row_height_percent=&#8221;0&#8243; overlay_alpha=&#8221;50&#8243; gutter_size=&#8221;3&#8243; column_width_percent=&#8221;100&#8243; shift_y=&#8221;0&#8243; z_index=&#8221;0&#8243; uncode_shortcode_id=&#8221;235709&#8243;][vc_column column_width_use_pixel=&#8221;yes&#8221; gutter_size=&#8221;3&#8243; overlay_alpha=&#8221;50&#8243; shift_x=&#8221;0&#8243; shift_y=&#8221;0&#8243; shift_y_down=&#8221;0&#8243; z_index=&#8221;0&#8243; medium_width=&#8221;0&#8243; mobile_width=&#8221;0&#8243; width=&#8221;1\/1&#8243; uncode_shortcode_id=&#8221;181333&#8243; column_width_pixel=&#8221;900&#8243;][vc_column_text uncode_shortcode_id=&#8221;408370&#8243;]<iframe style=\"border: 0;\" src=\"https:\/\/www.google.com\/maps\/embed?pb=!1m18!1m12!1m3!1d2977.7916438355146!2d2.5690419162876914!3d41.72501467923471!2m3!1f0!2f0!3f0!3m2!1i1024!2i768!4f13.1!3m3!1m2!1s0x12bb31f17b9b3b07%3A0x51d2ff34f2e76f2a!2sCultivos%20Pon%C3%A7!5e0!3m2!1ses!2ses!4v1669365535669!5m2!1ses!2ses\" width=\"100%\" height=\"450\" allowfullscreen=\"allowfullscreen\"><\/iframe>[\/vc_column_text][\/vc_column][\/vc_row]<\/p>\n<\/div>","protected":false},"excerpt":{"rendered":"<p>[vc_row row_height_percent=&#8221;0&#8243; override_padding=&#8221;yes&#8221; h_padding=&#8221;2&#8243; top_padding=&#8221;3&#8243; bottom_padding=&#8221;3&#8243; overlay_alpha=&#8221;100&#8243; gutter_size=&#8221;100&#8243; column_width_percent=&#8221;100&#8243; shift_y=&#8221;0&#8243; z_index=&#8221;0&#8243; row_width=&#8221;1000&#8243; block_height=&#8221;0&#8243; back_alpha=&#8221;100&#8243; border_size=&#8221;1&#8243; style=&#8221;inherited&#8221; uncode_shortcode_id=&#8221;328078&#8243;][vc_column column_width_use_pixel=&#8221;yes&#8221; gutter_size=&#8221;3&#8243; overlay_alpha=&#8221;100&#8243; [&hellip;]<\/p>\n","protected":false},"author":1,"featured_media":115222,"parent":0,"menu_order":0,"comment_status":"closed","ping_status":"closed","template":"","meta":{"footnotes":""},"class_list":["post-114736","page","type-page","status-publish","has-post-thumbnail","hentry"],"yoast_head":"<!-- This site is optimized with the Yoast SEO plugin v27.3 - https:\/\/yoast.com\/product\/yoast-seo-wordpress\/ -->\n<title>Contactar | Cultius Pon\u00e7<\/title>\n<meta name=\"robots\" content=\"index, follow, max-snippet:-1, max-image-preview:large, max-video-preview:-1\" \/>\n<link rel=\"canonical\" href=\"https:\/\/cultiusponc.com\/ca\/contactar\/\" \/>\n<meta property=\"og:locale\" content=\"ca_ES\" \/>\n<meta property=\"og:type\" content=\"article\" \/>\n<meta property=\"og:title\" content=\"Contactar | Cultius Pon\u00e7\" \/>\n<meta property=\"og:description\" content=\"[vc_row row_height_percent=&#8221;0&#8243; override_padding=&#8221;yes&#8221; h_padding=&#8221;2&#8243; top_padding=&#8221;3&#8243; bottom_padding=&#8221;3&#8243; overlay_alpha=&#8221;100&#8243; gutter_size=&#8221;100&#8243; column_width_percent=&#8221;100&#8243; shift_y=&#8221;0&#8243; z_index=&#8221;0&#8243; row_width=&#8221;1000&#8243; block_height=&#8221;0&#8243; back_alpha=&#8221;100&#8243; border_size=&#8221;1&#8243; style=&#8221;inherited&#8221; uncode_shortcode_id=&#8221;328078&#8243;][vc_column column_width_use_pixel=&#8221;yes&#8221; gutter_size=&#8221;3&#8243; overlay_alpha=&#8221;100&#8243; [&hellip;]\" \/>\n<meta property=\"og:url\" content=\"https:\/\/cultiusponc.com\/ca\/contactar\/\" \/>\n<meta property=\"og:site_name\" content=\"Cultius Pon\u00e7\" \/>\n<meta property=\"article:modified_time\" content=\"2023-01-10T15:38:26+00:00\" \/>\n<meta property=\"og:image\" content=\"https:\/\/cultiusponc.com\/wp-content\/uploads\/2022\/12\/cultius-ponc-header-vivero-img-12.jpg\" \/>\n\t<meta property=\"og:image:width\" content=\"1920\" \/>\n\t<meta property=\"og:image:height\" content=\"1080\" \/>\n\t<meta property=\"og:image:type\" content=\"image\/jpeg\" \/>\n<meta name=\"twitter:card\" content=\"summary_large_image\" \/>\n<meta name=\"twitter:label1\" content=\"Temps estimat de lectura\" \/>\n\t<meta name=\"twitter:data1\" content=\"1 minut\" \/>\n<script type=\"application\/ld+json\" class=\"yoast-schema-graph\">{\"@context\":\"https:\\\/\\\/schema.org\",\"@graph\":[{\"@type\":\"WebPage\",\"@id\":\"https:\\\/\\\/cultiusponc.com\\\/ca\\\/contactar\\\/\",\"url\":\"https:\\\/\\\/cultiusponc.com\\\/ca\\\/contactar\\\/\",\"name\":\"Contactar | Cultius Pon\u00e7\",\"isPartOf\":{\"@id\":\"https:\\\/\\\/cultiusponc.com\\\/ca\\\/#website\"},\"primaryImageOfPage\":{\"@id\":\"https:\\\/\\\/cultiusponc.com\\\/ca\\\/contactar\\\/#primaryimage\"},\"image\":{\"@id\":\"https:\\\/\\\/cultiusponc.com\\\/ca\\\/contactar\\\/#primaryimage\"},\"thumbnailUrl\":\"https:\\\/\\\/cultiusponc.com\\\/wp-content\\\/uploads\\\/2022\\\/12\\\/cultius-ponc-header-vivero-img-12.jpg\",\"datePublished\":\"2022-11-25T08:24:41+00:00\",\"dateModified\":\"2023-01-10T15:38:26+00:00\",\"breadcrumb\":{\"@id\":\"https:\\\/\\\/cultiusponc.com\\\/ca\\\/contactar\\\/#breadcrumb\"},\"inLanguage\":\"ca\",\"potentialAction\":[{\"@type\":\"ReadAction\",\"target\":[\"https:\\\/\\\/cultiusponc.com\\\/ca\\\/contactar\\\/\"]}]},{\"@type\":\"ImageObject\",\"inLanguage\":\"ca\",\"@id\":\"https:\\\/\\\/cultiusponc.com\\\/ca\\\/contactar\\\/#primaryimage\",\"url\":\"https:\\\/\\\/cultiusponc.com\\\/wp-content\\\/uploads\\\/2022\\\/12\\\/cultius-ponc-header-vivero-img-12.jpg\",\"contentUrl\":\"https:\\\/\\\/cultiusponc.com\\\/wp-content\\\/uploads\\\/2022\\\/12\\\/cultius-ponc-header-vivero-img-12.jpg\",\"width\":1920,\"height\":1080},{\"@type\":\"BreadcrumbList\",\"@id\":\"https:\\\/\\\/cultiusponc.com\\\/ca\\\/contactar\\\/#breadcrumb\",\"itemListElement\":[{\"@type\":\"ListItem\",\"position\":1,\"name\":\"Inici\",\"item\":\"https:\\\/\\\/cultiusponc.com\\\/ca\\\/\"},{\"@type\":\"ListItem\",\"position\":2,\"name\":\"Contactar\"}]},{\"@type\":\"WebSite\",\"@id\":\"https:\\\/\\\/cultiusponc.com\\\/ca\\\/#website\",\"url\":\"https:\\\/\\\/cultiusponc.com\\\/ca\\\/\",\"name\":\"Cultius Pon\u00e7\",\"description\":\"Garden i vivers | Exemplars, palmeres, oliveres i accessoris per a jardins\",\"publisher\":{\"@id\":\"https:\\\/\\\/cultiusponc.com\\\/ca\\\/#organization\"},\"potentialAction\":[{\"@type\":\"SearchAction\",\"target\":{\"@type\":\"EntryPoint\",\"urlTemplate\":\"https:\\\/\\\/cultiusponc.com\\\/ca\\\/?s={search_term_string}\"},\"query-input\":{\"@type\":\"PropertyValueSpecification\",\"valueRequired\":true,\"valueName\":\"search_term_string\"}}],\"inLanguage\":\"ca\"},{\"@type\":\"Organization\",\"@id\":\"https:\\\/\\\/cultiusponc.com\\\/ca\\\/#organization\",\"name\":\"Cultius Pon\u00e7\",\"url\":\"https:\\\/\\\/cultiusponc.com\\\/ca\\\/\",\"logo\":{\"@type\":\"ImageObject\",\"inLanguage\":\"ca\",\"@id\":\"https:\\\/\\\/cultiusponc.com\\\/ca\\\/#\\\/schema\\\/logo\\\/image\\\/\",\"url\":\"https:\\\/\\\/cultiusponc.com\\\/wp-content\\\/uploads\\\/2022\\\/11\\\/Logo-cultius-ponc.svg\",\"contentUrl\":\"https:\\\/\\\/cultiusponc.com\\\/wp-content\\\/uploads\\\/2022\\\/11\\\/Logo-cultius-ponc.svg\",\"width\":1,\"height\":1,\"caption\":\"Cultius Pon\u00e7\"},\"image\":{\"@id\":\"https:\\\/\\\/cultiusponc.com\\\/ca\\\/#\\\/schema\\\/logo\\\/image\\\/\"},\"sameAs\":[\"https:\\\/\\\/www.instagram.com\\\/cultius_ponc\\\/\",\"https:\\\/\\\/cultiusponc.com\"]}]}<\/script>\n<!-- \/ Yoast SEO plugin. -->","yoast_head_json":{"title":"Contactar | Cultius Pon\u00e7","robots":{"index":"index","follow":"follow","max-snippet":"max-snippet:-1","max-image-preview":"max-image-preview:large","max-video-preview":"max-video-preview:-1"},"canonical":"https:\/\/cultiusponc.com\/ca\/contactar\/","og_locale":"ca_ES","og_type":"article","og_title":"Contactar | Cultius Pon\u00e7","og_description":"[vc_row row_height_percent=&#8221;0&#8243; override_padding=&#8221;yes&#8221; h_padding=&#8221;2&#8243; top_padding=&#8221;3&#8243; bottom_padding=&#8221;3&#8243; overlay_alpha=&#8221;100&#8243; gutter_size=&#8221;100&#8243; column_width_percent=&#8221;100&#8243; shift_y=&#8221;0&#8243; z_index=&#8221;0&#8243; row_width=&#8221;1000&#8243; block_height=&#8221;0&#8243; back_alpha=&#8221;100&#8243; border_size=&#8221;1&#8243; style=&#8221;inherited&#8221; uncode_shortcode_id=&#8221;328078&#8243;][vc_column column_width_use_pixel=&#8221;yes&#8221; gutter_size=&#8221;3&#8243; overlay_alpha=&#8221;100&#8243; [&hellip;]","og_url":"https:\/\/cultiusponc.com\/ca\/contactar\/","og_site_name":"Cultius Pon\u00e7","article_modified_time":"2023-01-10T15:38:26+00:00","og_image":[{"width":1920,"height":1080,"url":"https:\/\/cultiusponc.com\/wp-content\/uploads\/2022\/12\/cultius-ponc-header-vivero-img-12.jpg","type":"image\/jpeg"}],"twitter_card":"summary_large_image","twitter_misc":{"Temps estimat de lectura":"1 minut"},"schema":{"@context":"https:\/\/schema.org","@graph":[{"@type":"WebPage","@id":"https:\/\/cultiusponc.com\/ca\/contactar\/","url":"https:\/\/cultiusponc.com\/ca\/contactar\/","name":"Contactar | Cultius Pon\u00e7","isPartOf":{"@id":"https:\/\/cultiusponc.com\/ca\/#website"},"primaryImageOfPage":{"@id":"https:\/\/cultiusponc.com\/ca\/contactar\/#primaryimage"},"image":{"@id":"https:\/\/cultiusponc.com\/ca\/contactar\/#primaryimage"},"thumbnailUrl":"https:\/\/cultiusponc.com\/wp-content\/uploads\/2022\/12\/cultius-ponc-header-vivero-img-12.jpg","datePublished":"2022-11-25T08:24:41+00:00","dateModified":"2023-01-10T15:38:26+00:00","breadcrumb":{"@id":"https:\/\/cultiusponc.com\/ca\/contactar\/#breadcrumb"},"inLanguage":"ca","potentialAction":[{"@type":"ReadAction","target":["https:\/\/cultiusponc.com\/ca\/contactar\/"]}]},{"@type":"ImageObject","inLanguage":"ca","@id":"https:\/\/cultiusponc.com\/ca\/contactar\/#primaryimage","url":"https:\/\/cultiusponc.com\/wp-content\/uploads\/2022\/12\/cultius-ponc-header-vivero-img-12.jpg","contentUrl":"https:\/\/cultiusponc.com\/wp-content\/uploads\/2022\/12\/cultius-ponc-header-vivero-img-12.jpg","width":1920,"height":1080},{"@type":"BreadcrumbList","@id":"https:\/\/cultiusponc.com\/ca\/contactar\/#breadcrumb","itemListElement":[{"@type":"ListItem","position":1,"name":"Inici","item":"https:\/\/cultiusponc.com\/ca\/"},{"@type":"ListItem","position":2,"name":"Contactar"}]},{"@type":"WebSite","@id":"https:\/\/cultiusponc.com\/ca\/#website","url":"https:\/\/cultiusponc.com\/ca\/","name":"Cultius Pon\u00e7","description":"Garden i vivers | Exemplars, palmeres, oliveres i accessoris per a jardins","publisher":{"@id":"https:\/\/cultiusponc.com\/ca\/#organization"},"potentialAction":[{"@type":"SearchAction","target":{"@type":"EntryPoint","urlTemplate":"https:\/\/cultiusponc.com\/ca\/?s={search_term_string}"},"query-input":{"@type":"PropertyValueSpecification","valueRequired":true,"valueName":"search_term_string"}}],"inLanguage":"ca"},{"@type":"Organization","@id":"https:\/\/cultiusponc.com\/ca\/#organization","name":"Cultius Pon\u00e7","url":"https:\/\/cultiusponc.com\/ca\/","logo":{"@type":"ImageObject","inLanguage":"ca","@id":"https:\/\/cultiusponc.com\/ca\/#\/schema\/logo\/image\/","url":"https:\/\/cultiusponc.com\/wp-content\/uploads\/2022\/11\/Logo-cultius-ponc.svg","contentUrl":"https:\/\/cultiusponc.com\/wp-content\/uploads\/2022\/11\/Logo-cultius-ponc.svg","width":1,"height":1,"caption":"Cultius Pon\u00e7"},"image":{"@id":"https:\/\/cultiusponc.com\/ca\/#\/schema\/logo\/image\/"},"sameAs":["https:\/\/www.instagram.com\/cultius_ponc\/","https:\/\/cultiusponc.com"]}]}},"_links":{"self":[{"href":"https:\/\/cultiusponc.com\/ca\/wp-json\/wp\/v2\/pages\/114736","targetHints":{"allow":["GET"]}}],"collection":[{"href":"https:\/\/cultiusponc.com\/ca\/wp-json\/wp\/v2\/pages"}],"about":[{"href":"https:\/\/cultiusponc.com\/ca\/wp-json\/wp\/v2\/types\/page"}],"author":[{"embeddable":true,"href":"https:\/\/cultiusponc.com\/ca\/wp-json\/wp\/v2\/users\/1"}],"replies":[{"embeddable":true,"href":"https:\/\/cultiusponc.com\/ca\/wp-json\/wp\/v2\/comments?post=114736"}],"version-history":[{"count":0,"href":"https:\/\/cultiusponc.com\/ca\/wp-json\/wp\/v2\/pages\/114736\/revisions"}],"wp:featuredmedia":[{"embeddable":true,"href":"https:\/\/cultiusponc.com\/ca\/wp-json\/wp\/v2\/media\/115222"}],"wp:attachment":[{"href":"https:\/\/cultiusponc.com\/ca\/wp-json\/wp\/v2\/media?parent=114736"}],"curies":[{"name":"wp","href":"https:\/\/api.w.org\/{rel}","templated":true}]}}