{"id":119360,"date":"2023-07-28T10:35:50","date_gmt":"2023-07-28T10:35:50","guid":{"rendered":"https:\/\/cultiusponc.com\/producto\/%d9%81%d9%88%d8%aa%d9%8a%d9%86%d9%8a%d8%a7\/"},"modified":"2023-07-28T10:35:50","modified_gmt":"2023-07-28T10:35:50","slug":"%d9%81%d9%88%d8%aa%d9%8a%d9%86%d9%8a%d8%a7","status":"publish","type":"product","link":"https:\/\/cultiusponc.com\/ar\/producto\/%d9%81%d9%88%d8%aa%d9%8a%d9%86%d9%8a%d8%a7\/","title":{"rendered":"\u0641\u0648\u062a\u064a\u0646\u064a\u0627"},"content":{"rendered":"","protected":false},"excerpt":{"rendered":"<p>Phyllostachys Aurea. Bamb\u00fa dorado o Bamb\u00fa Japon\u00e9s.<\/p>\n","protected":false},"featured_media":119146,"comment_status":"closed","ping_status":"closed","template":"","meta":[],"product_brand":[],"product_cat":[439,458],"product_tag":[],"olea_europaea":[],"palmacia":[],"planta_forestal":[],"arbres":[],"arbustos_i_coniferes":[],"fruiters":[],"complements_jardi":[],"class_list":{"0":"post-119360","1":"product","2":"type-product","3":"status-publish","4":"has-post-thumbnail","6":"product_cat-439","7":"product_cat-productes-cataleg-2021-ar","9":"first","10":"instock","11":"shipping-taxable","12":"product-type-simple"},"yoast_head":"<!-- This site is optimized with the Yoast SEO plugin v27.0 - https:\/\/yoast.com\/product\/yoast-seo-wordpress\/ -->\n<title>\u0641\u0648\u062a\u064a\u0646\u064a\u0627 | Cultius Pon\u00e7<\/title>\n<meta name=\"robots\" content=\"index, follow, max-snippet:-1, max-image-preview:large, max-video-preview:-1\" \/>\n<link rel=\"canonical\" href=\"https:\/\/cultiusponc.com\/ar\/producto\/%d9%81%d9%88%d8%aa%d9%8a%d9%86%d9%8a%d8%a7\/\" \/>\n<meta property=\"og:locale\" content=\"ar_AR\" \/>\n<meta property=\"og:type\" content=\"article\" \/>\n<meta property=\"og:title\" content=\"\u0641\u0648\u062a\u064a\u0646\u064a\u0627 | Cultius Pon\u00e7\" \/>\n<meta property=\"og:description\" content=\"Phyllostachys Aurea. Bamb\u00fa dorado o Bamb\u00fa Japon\u00e9s.\" \/>\n<meta property=\"og:url\" content=\"https:\/\/cultiusponc.com\/ar\/producto\/%d9%81%d9%88%d8%aa%d9%8a%d9%86%d9%8a%d8%a7\/\" \/>\n<meta property=\"og:site_name\" content=\"Cultius Pon\u00e7\" \/>\n<meta property=\"og:image\" content=\"https:\/\/cultiusponc.com\/wp-content\/uploads\/2023\/07\/cultius-ponc-photinia-red-robin.webp\" \/>\n\t<meta property=\"og:image:width\" content=\"1067\" \/>\n\t<meta property=\"og:image:height\" content=\"1601\" \/>\n\t<meta property=\"og:image:type\" content=\"image\/webp\" \/>\n<meta name=\"twitter:card\" content=\"summary_large_image\" \/>\n<script type=\"application\/ld+json\" class=\"yoast-schema-graph\">{\"@context\":\"https:\/\/schema.org\",\"@graph\":[{\"@type\":\"WebPage\",\"@id\":\"https:\/\/cultiusponc.com\/ar\/producto\/%d9%81%d9%88%d8%aa%d9%8a%d9%86%d9%8a%d8%a7\/\",\"url\":\"https:\/\/cultiusponc.com\/ar\/producto\/%d9%81%d9%88%d8%aa%d9%8a%d9%86%d9%8a%d8%a7\/\",\"name\":\"\u0641\u0648\u062a\u064a\u0646\u064a\u0627 | Cultius Pon\u00e7\",\"isPartOf\":{\"@id\":\"https:\/\/cultiusponc.com\/ar\/#website\"},\"primaryImageOfPage\":{\"@id\":\"https:\/\/cultiusponc.com\/ar\/producto\/%d9%81%d9%88%d8%aa%d9%8a%d9%86%d9%8a%d8%a7\/#primaryimage\"},\"image\":{\"@id\":\"https:\/\/cultiusponc.com\/ar\/producto\/%d9%81%d9%88%d8%aa%d9%8a%d9%86%d9%8a%d8%a7\/#primaryimage\"},\"thumbnailUrl\":\"https:\/\/cultiusponc.com\/wp-content\/uploads\/2023\/07\/cultius-ponc-photinia-red-robin.webp\",\"datePublished\":\"2023-07-28T10:35:50+00:00\",\"breadcrumb\":{\"@id\":\"https:\/\/cultiusponc.com\/ar\/producto\/%d9%81%d9%88%d8%aa%d9%8a%d9%86%d9%8a%d8%a7\/#breadcrumb\"},\"inLanguage\":\"ar\",\"potentialAction\":[{\"@type\":\"ReadAction\",\"target\":[\"https:\/\/cultiusponc.com\/ar\/producto\/%d9%81%d9%88%d8%aa%d9%8a%d9%86%d9%8a%d8%a7\/\"]}]},{\"@type\":\"ImageObject\",\"inLanguage\":\"ar\",\"@id\":\"https:\/\/cultiusponc.com\/ar\/producto\/%d9%81%d9%88%d8%aa%d9%8a%d9%86%d9%8a%d8%a7\/#primaryimage\",\"url\":\"https:\/\/cultiusponc.com\/wp-content\/uploads\/2023\/07\/cultius-ponc-photinia-red-robin.webp\",\"contentUrl\":\"https:\/\/cultiusponc.com\/wp-content\/uploads\/2023\/07\/cultius-ponc-photinia-red-robin.webp\",\"width\":1067,\"height\":1601},{\"@type\":\"BreadcrumbList\",\"@id\":\"https:\/\/cultiusponc.com\/ar\/producto\/%d9%81%d9%88%d8%aa%d9%8a%d9%86%d9%8a%d8%a7\/#breadcrumb\",\"itemListElement\":[{\"@type\":\"ListItem\",\"position\":1,\"name\":\"Inici\",\"item\":\"https:\/\/cultiusponc.com\/ar\/\"},{\"@type\":\"ListItem\",\"position\":2,\"name\":\"\u0627\u0644\u0645\u0646\u062a\u062c\u0627\u062a\",\"item\":\"https:\/\/cultiusponc.com\/ar\/shop\/\"},{\"@type\":\"ListItem\",\"position\":3,\"name\":\"\u0641\u0648\u062a\u064a\u0646\u064a\u0627\"}]},{\"@type\":\"WebSite\",\"@id\":\"https:\/\/cultiusponc.com\/ar\/#website\",\"url\":\"https:\/\/cultiusponc.com\/ar\/\",\"name\":\"Cultius Pon\u00e7\",\"description\":\"Garden i vivers | Exemplars, palmeres, oliveres i accessoris per a jardins\",\"publisher\":{\"@id\":\"https:\/\/cultiusponc.com\/ar\/#organization\"},\"potentialAction\":[{\"@type\":\"SearchAction\",\"target\":{\"@type\":\"EntryPoint\",\"urlTemplate\":\"https:\/\/cultiusponc.com\/ar\/?s={search_term_string}\"},\"query-input\":{\"@type\":\"PropertyValueSpecification\",\"valueRequired\":true,\"valueName\":\"search_term_string\"}}],\"inLanguage\":\"ar\"},{\"@type\":\"Organization\",\"@id\":\"https:\/\/cultiusponc.com\/ar\/#organization\",\"name\":\"Cultius Pon\u00e7\",\"url\":\"https:\/\/cultiusponc.com\/ar\/\",\"logo\":{\"@type\":\"ImageObject\",\"inLanguage\":\"ar\",\"@id\":\"https:\/\/cultiusponc.com\/ar\/#\/schema\/logo\/image\/\",\"url\":\"https:\/\/cultiusponc.com\/wp-content\/uploads\/2022\/11\/Logo-cultius-ponc.svg\",\"contentUrl\":\"https:\/\/cultiusponc.com\/wp-content\/uploads\/2022\/11\/Logo-cultius-ponc.svg\",\"width\":1,\"height\":1,\"caption\":\"Cultius Pon\u00e7\"},\"image\":{\"@id\":\"https:\/\/cultiusponc.com\/ar\/#\/schema\/logo\/image\/\"},\"sameAs\":[\"https:\/\/www.instagram.com\/cultius_ponc\/\",\"https:\/\/cultiusponc.com\"]}]}<\/script>\n<!-- \/ Yoast SEO plugin. -->","yoast_head_json":{"title":"\u0641\u0648\u062a\u064a\u0646\u064a\u0627 | Cultius Pon\u00e7","robots":{"index":"index","follow":"follow","max-snippet":"max-snippet:-1","max-image-preview":"max-image-preview:large","max-video-preview":"max-video-preview:-1"},"canonical":"https:\/\/cultiusponc.com\/ar\/producto\/%d9%81%d9%88%d8%aa%d9%8a%d9%86%d9%8a%d8%a7\/","og_locale":"ar_AR","og_type":"article","og_title":"\u0641\u0648\u062a\u064a\u0646\u064a\u0627 | Cultius Pon\u00e7","og_description":"Phyllostachys Aurea. Bamb\u00fa dorado o Bamb\u00fa Japon\u00e9s.","og_url":"https:\/\/cultiusponc.com\/ar\/producto\/%d9%81%d9%88%d8%aa%d9%8a%d9%86%d9%8a%d8%a7\/","og_site_name":"Cultius Pon\u00e7","og_image":[{"width":1067,"height":1601,"url":"https:\/\/cultiusponc.com\/wp-content\/uploads\/2023\/07\/cultius-ponc-photinia-red-robin.webp","type":"image\/webp"}],"twitter_card":"summary_large_image","schema":{"@context":"https:\/\/schema.org","@graph":[{"@type":"WebPage","@id":"https:\/\/cultiusponc.com\/ar\/producto\/%d9%81%d9%88%d8%aa%d9%8a%d9%86%d9%8a%d8%a7\/","url":"https:\/\/cultiusponc.com\/ar\/producto\/%d9%81%d9%88%d8%aa%d9%8a%d9%86%d9%8a%d8%a7\/","name":"\u0641\u0648\u062a\u064a\u0646\u064a\u0627 | Cultius Pon\u00e7","isPartOf":{"@id":"https:\/\/cultiusponc.com\/ar\/#website"},"primaryImageOfPage":{"@id":"https:\/\/cultiusponc.com\/ar\/producto\/%d9%81%d9%88%d8%aa%d9%8a%d9%86%d9%8a%d8%a7\/#primaryimage"},"image":{"@id":"https:\/\/cultiusponc.com\/ar\/producto\/%d9%81%d9%88%d8%aa%d9%8a%d9%86%d9%8a%d8%a7\/#primaryimage"},"thumbnailUrl":"https:\/\/cultiusponc.com\/wp-content\/uploads\/2023\/07\/cultius-ponc-photinia-red-robin.webp","datePublished":"2023-07-28T10:35:50+00:00","breadcrumb":{"@id":"https:\/\/cultiusponc.com\/ar\/producto\/%d9%81%d9%88%d8%aa%d9%8a%d9%86%d9%8a%d8%a7\/#breadcrumb"},"inLanguage":"ar","potentialAction":[{"@type":"ReadAction","target":["https:\/\/cultiusponc.com\/ar\/producto\/%d9%81%d9%88%d8%aa%d9%8a%d9%86%d9%8a%d8%a7\/"]}]},{"@type":"ImageObject","inLanguage":"ar","@id":"https:\/\/cultiusponc.com\/ar\/producto\/%d9%81%d9%88%d8%aa%d9%8a%d9%86%d9%8a%d8%a7\/#primaryimage","url":"https:\/\/cultiusponc.com\/wp-content\/uploads\/2023\/07\/cultius-ponc-photinia-red-robin.webp","contentUrl":"https:\/\/cultiusponc.com\/wp-content\/uploads\/2023\/07\/cultius-ponc-photinia-red-robin.webp","width":1067,"height":1601},{"@type":"BreadcrumbList","@id":"https:\/\/cultiusponc.com\/ar\/producto\/%d9%81%d9%88%d8%aa%d9%8a%d9%86%d9%8a%d8%a7\/#breadcrumb","itemListElement":[{"@type":"ListItem","position":1,"name":"Inici","item":"https:\/\/cultiusponc.com\/ar\/"},{"@type":"ListItem","position":2,"name":"\u0627\u0644\u0645\u0646\u062a\u062c\u0627\u062a","item":"https:\/\/cultiusponc.com\/ar\/shop\/"},{"@type":"ListItem","position":3,"name":"\u0641\u0648\u062a\u064a\u0646\u064a\u0627"}]},{"@type":"WebSite","@id":"https:\/\/cultiusponc.com\/ar\/#website","url":"https:\/\/cultiusponc.com\/ar\/","name":"Cultius Pon\u00e7","description":"Garden i vivers | Exemplars, palmeres, oliveres i accessoris per a jardins","publisher":{"@id":"https:\/\/cultiusponc.com\/ar\/#organization"},"potentialAction":[{"@type":"SearchAction","target":{"@type":"EntryPoint","urlTemplate":"https:\/\/cultiusponc.com\/ar\/?s={search_term_string}"},"query-input":{"@type":"PropertyValueSpecification","valueRequired":true,"valueName":"search_term_string"}}],"inLanguage":"ar"},{"@type":"Organization","@id":"https:\/\/cultiusponc.com\/ar\/#organization","name":"Cultius Pon\u00e7","url":"https:\/\/cultiusponc.com\/ar\/","logo":{"@type":"ImageObject","inLanguage":"ar","@id":"https:\/\/cultiusponc.com\/ar\/#\/schema\/logo\/image\/","url":"https:\/\/cultiusponc.com\/wp-content\/uploads\/2022\/11\/Logo-cultius-ponc.svg","contentUrl":"https:\/\/cultiusponc.com\/wp-content\/uploads\/2022\/11\/Logo-cultius-ponc.svg","width":1,"height":1,"caption":"Cultius Pon\u00e7"},"image":{"@id":"https:\/\/cultiusponc.com\/ar\/#\/schema\/logo\/image\/"},"sameAs":["https:\/\/www.instagram.com\/cultius_ponc\/","https:\/\/cultiusponc.com"]}]}},"_links":{"self":[{"href":"https:\/\/cultiusponc.com\/ar\/wp-json\/wp\/v2\/product\/119360","targetHints":{"allow":["GET"]}}],"collection":[{"href":"https:\/\/cultiusponc.com\/ar\/wp-json\/wp\/v2\/product"}],"about":[{"href":"https:\/\/cultiusponc.com\/ar\/wp-json\/wp\/v2\/types\/product"}],"replies":[{"embeddable":true,"href":"https:\/\/cultiusponc.com\/ar\/wp-json\/wp\/v2\/comments?post=119360"}],"wp:featuredmedia":[{"embeddable":true,"href":"https:\/\/cultiusponc.com\/ar\/wp-json\/wp\/v2\/media\/119146"}],"wp:attachment":[{"href":"https:\/\/cultiusponc.com\/ar\/wp-json\/wp\/v2\/media?parent=119360"}],"wp:term":[{"taxonomy":"product_brand","embeddable":true,"href":"https:\/\/cultiusponc.com\/ar\/wp-json\/wp\/v2\/product_brand?post=119360"},{"taxonomy":"product_cat","embeddable":true,"href":"https:\/\/cultiusponc.com\/ar\/wp-json\/wp\/v2\/product_cat?post=119360"},{"taxonomy":"product_tag","embeddable":true,"href":"https:\/\/cultiusponc.com\/ar\/wp-json\/wp\/v2\/product_tag?post=119360"},{"taxonomy":"olea_europaea","embeddable":true,"href":"https:\/\/cultiusponc.com\/ar\/wp-json\/wp\/v2\/olea_europaea?post=119360"},{"taxonomy":"palmacia","embeddable":true,"href":"https:\/\/cultiusponc.com\/ar\/wp-json\/wp\/v2\/palmacia?post=119360"},{"taxonomy":"planta_forestal","embeddable":true,"href":"https:\/\/cultiusponc.com\/ar\/wp-json\/wp\/v2\/planta_forestal?post=119360"},{"taxonomy":"arbres","embeddable":true,"href":"https:\/\/cultiusponc.com\/ar\/wp-json\/wp\/v2\/arbres?post=119360"},{"taxonomy":"arbustos_i_coniferes","embeddable":true,"href":"https:\/\/cultiusponc.com\/ar\/wp-json\/wp\/v2\/arbustos_i_coniferes?post=119360"},{"taxonomy":"fruiters","embeddable":true,"href":"https:\/\/cultiusponc.com\/ar\/wp-json\/wp\/v2\/fruiters?post=119360"},{"taxonomy":"complements_jardi","embeddable":true,"href":"https:\/\/cultiusponc.com\/ar\/wp-json\/wp\/v2\/complements_jardi?post=119360"}],"curies":[{"name":"wp","href":"https:\/\/api.w.org\/{rel}","templated":true}]}}