{"id":118996,"date":"2023-01-23T16:40:11","date_gmt":"2023-01-23T16:40:11","guid":{"rendered":"https:\/\/cultiusponc.com\/aviso-legal\/"},"modified":"2023-01-23T16:40:11","modified_gmt":"2023-01-23T16:40:11","slug":"aviso-legal","status":"publish","type":"page","link":"https:\/\/cultiusponc.com\/ar\/aviso-legal\/","title":{"rendered":"Aviso Legal"},"content":{"rendered":"<div class=\"wpb-content-wrapper\"><p>[vc_row row_height_percent=&#8221;0&#8243; override_padding=&#8221;yes&#8221; h_padding=&#8221;2&#8243; top_padding=&#8221;7&#8243; bottom_padding=&#8221;2&#8243; overlay_alpha=&#8221;50&#8243; gutter_size=&#8221;3&#8243; column_width_percent=&#8221;100&#8243; shift_y=&#8221;0&#8243; z_index=&#8221;0&#8243; uncode_shortcode_id=&#8221;128063&#8243; shape_dividers=&#8221;&#8221;][vc_column][vc_empty_space empty_h=&#8221;2&#8243;][vc_custom_heading auto_text=&#8221;yes&#8221; text_size=&#8221;h3&#8243; uncode_shortcode_id=&#8221;190583&#8243;]This is a custom heading element.[\/vc_custom_heading][vc_column_text]<\/p>\n<h2>TITULAR DE LA WEB Y DATOS DE CONTACTO<\/h2>\n<p class=\"Standard\">www.cultiusponc.com\/ es un dominio en Internet titularidad de CULTIUS PON\u00c7, S.L. (en adelante, CULTIU PON\u00c7) con CIF\/NIF B62053806 y domicilio en (C-35) KM. 64,1 CTRA. HOSTALRIC &#8211; SANT CELONI 08470 SANT CELONI (BARCELONA). Inscrtita en el Registro Mercantil de Barcelona, Tomo 31960, Folio 21, Hoja n\u00ba B-202570. Inscripci\u00f3n 1.<\/p>\n<p class=\"Standard\">La finalidad de la web es mostrar nuestros productos y servicios.<\/p>\n<p class=\"Standard\">Puede ponerse en contacto con nosotros:<\/p>\n<ul>\n<li>Por tel\u00e9fono, en el n\u00famero 971 871 45<\/li>\n<li>Por correo electr\u00f3nico, escribiendo a <span id=\"cloakf5f057eb5b31e8a8a8466076f59ea0f4\"><a href=\"mailto:ponc@cultiusponc.com\">ponc@cultiusponc.com<\/a><\/span><\/li>\n<li>Por escrito, dirigi\u00e9ndose a CULTIU PON\u00c7, (C-35) KM. 64,1 CTRA. HOSTALRIC &#8211; SANT CELONI 08470 SANT CELONI (BARCELONA)<\/li>\n<\/ul>\n<p class=\"Standard\">Para cualquier aclaraci\u00f3n por favor no duden en contactar con CULTIU PON\u00c7.<\/p>\n<h2>CONDICIONES DE USO DE LA WEB<\/h2>\n<p class=\"Standard\">Las presentes condiciones de uso regulan el acceso a esta web por parte de los clientes de CULTIU PON\u00c7. y dem\u00e1s usuarios de Internet. Por el mero uso de esta web, el usuario manifiesta su aceptaci\u00f3n sin reservas de las presentes condiciones de uso.<\/p>\n<p class=\"Standard\">CULTIU PON\u00c7 se reserva el derecho unilateral de modificar las presentes condiciones de acceso a la web, as\u00ed como los contenidos en ella incluidos.<\/p>\n<h3>Limitaci\u00f3n y exclusi\u00f3n de responsabilidad<\/h3>\n<p class=\"Standard\">El contenido de esta web es de car\u00e1cter general y tiene una finalidad y efectos exclusivamente informativos. CULTIU PON\u00c7 rechaza la responsabilidad sobre cualquier informaci\u00f3n no elaborada por ella o publicada en su nombre de forma no autorizada por ella, al igual que la responsabilidad que se derive de la mala utilizaci\u00f3n por terceros de los contenidos.<\/p>\n<p class=\"Standard\">El usuario exonera a CULTIU PON\u00c7 de cualquier responsabilidad que pudiera derivarse de las interrupciones de disponibilidad de la p\u00e1gina web, ya sea por mal funcionamiento del servidor web o de aplicaciones, de las infraestructuras de comunicaciones, o del software y hardware utilizados para la navegaci\u00f3n.<\/p>\n<p class=\"Standard\">En el caso de incluir enlaces a otras p\u00e1ginas web, CULTIU PON\u00c7 declina cualquier responsabilidad relacionada con el acceso y utilizaci\u00f3n de dichos enlaces.<\/p>\n<h3>Propiedad intelectual e industrial<\/h3>\n<p class=\"Standard\">La totalidad de esta web se encuentra protegida por las leyes sobre propiedad Intelectual e Industrial. Salvo que se indique lo contrario, los derechos de propiedad intelectual sobre estos contenidos corresponden en exclusiva a CULTIU PON\u00c7. El usuario reconoce que el uso de los contenidos queda estrictamente limitado a finalidades personales del propio usuario y que la reproducci\u00f3n, distribuci\u00f3n, comunicaci\u00f3n o transformaci\u00f3n no expresamente autorizada de tales obras constituye una infracci\u00f3n de los derechos de propiedad intelectual.<\/p>\n<p class=\"Standard\">Asimismo, el usuario se abstendr\u00e1 de emplear los contenidos y, en particular, la informaci\u00f3n de cualquier clase obtenida a trav\u00e9s de la web para remitir publicidad, comunicaciones con fines de venta directa o con cualquier otra clase de finalidad comercial, mensajes no solicitados dirigidos a una pluralidad de personas con independencia de su finalidad. Tambi\u00e9n se abstendr\u00e1 de comercializar o divulgar de cualquier modo dicha informaci\u00f3n.<\/p>\n<p class=\"Standard\">www.cultiusponc.com\/ es un dominio de CULTIU PON\u00c7. No puede ser utilizado, salvo autorizaci\u00f3n expresa previa, en conexi\u00f3n con otros productos o servicios que no sean de CULTIU PON\u00c7 de ninguna manera que pueda causar confusi\u00f3n entre nuestros clientes o descr\u00e9dito de CULTIU PON\u00c7.<\/p>\n<h3>Pol\u00edtica para enlazar a esta web<\/h3>\n<p class=\"Standard\">Si cualquier usuario, entidad o p\u00e1gina web deseara establecer alg\u00fan tipo de enlace con destino a esta web deber\u00e1 solicitar autorizaci\u00f3n previa a la realizaci\u00f3n del enlace y por escrito.<\/p>\n<p class=\"Standard\">Adem\u00e1s, s\u00f3lo se permite enlazar a la p\u00e1gina de inicio de la web. El enlace debe ser absoluto y completo, es decir, debe llevar al usuario a la propia direcci\u00f3n de CULTIU PON\u00c7 abarcando completamente la extensi\u00f3n de la pantalla de la p\u00e1gina que contiene el enlace. En ning\u00fan caso, salvo autorizaci\u00f3n expresa y por escrito de CULTIU PON\u00c7, la p\u00e1gina que realice el enlace podr\u00e1 reproducir de cualquier manera la web de CULTIU PON\u00c7, incluirla como parte de su web o dentro de uno de sus marcos sobre cualquiera de las p\u00e1ginas o contenidos de la presente web.<\/p>\n<p class=\"Standard\">No se incluir\u00e1 ninguna manifestaci\u00f3n falsa, inexacta o incorrecta sobre las p\u00e1ginas de esta web o los servicios que en ella se ofrecen.<\/p>\n<p class=\"Standard\">El enlace no contendr\u00e1 ninguna marca, nombre comercial, r\u00f3tulo de establecimiento, denominaci\u00f3n, logotipo, eslogan u otros signos distintivos pertenecientes a CULTIU PON\u00c7<\/p>\n<p class=\"Standard\">Bajo ninguna circunstancia, CULTIU PON\u00c7 ser\u00e1 responsable de los contenidos o servicios puestos a disposici\u00f3n del p\u00fablico en la p\u00e1gina web desde la que se realice el hiperenlace ni de las informaciones o manifestaciones incluidas en las mismas.<\/p>\n<h3>Protecci\u00f3n de datos personales<\/h3>\n<p class=\"Standard\">La utilizaci\u00f3n de esta web y de sus formularios requiere la aceptaci\u00f3n del tratamiento de los datos del usuario bajo la responsabilidad de CULTIUS PON\u00c7, S.L., para finalidades que incluyen la provisi\u00f3n de la web, la recopilaci\u00f3n de datos de acceso y el env\u00edo de informaci\u00f3n comercial por v\u00eda electr\u00f3nica, en determinados casos.<\/p>\n<p class=\"Standard\">Lea detenidamente la pol\u00edtica de privacidad para informaci\u00f3n adicional y detallada, incluyendo c\u00f3mo utilizamos los datos de los usuarios y c\u00f3mo ejercer los derechos de acceso, rectificaci\u00f3n, supresi\u00f3n, oposici\u00f3n, y otros derechos de protecci\u00f3n de datos.<\/p>\n<h3>Cookies<\/h3>\n<p class=\"Standard\">Esta web utiliza cookies propias y de terceros para diversas finalidades incluyendo anal\u00edticas y publicidad adaptada a los intereses del usuario. El mero uso de esta web con las cookies activadas en el navegador implica la aceptaci\u00f3n de su tratamiento conforme a nuestra pol\u00edtica de cookies.<\/p>\n<p class=\"Standard\">Lea detenidamente nuestra pol\u00edtica de cookies para conocer los tipos de cookies empleados, y c\u00f3mo bloquearlas y borrarlas en su navegador.<\/p>\n<h3>Prevalencia de la versi\u00f3n espa\u00f1ola<\/h3>\n<p class=\"Standard\">En caso de que se traduzca este aviso legal a otros idiomas, cuando haya discrepancia, la versi\u00f3n espa\u00f1ola prevalecer\u00e1.<\/p>\n<h3>Legislaci\u00f3n y Jurisdicci\u00f3n aplicable<\/h3>\n<p class=\"Standard\">El presente Aviso Legal as\u00ed como las relaciones entre CULTIU PON\u00c7 y los usuarios, se regir\u00e1n por la normativa espa\u00f1ola vigente y cualquier controversia se someter\u00e1 a los Juzgados y Tribunales de BARCELONA, excepto en el caso de consumidores y usuarios que se aplicar\u00e1 el fuero imperativo de los juzgados que correspondan a su domicilio.<\/p>\n<p>[\/vc_column_text][\/vc_column][\/vc_row]<\/p>\n<\/div>","protected":false},"excerpt":{"rendered":"<p>[vc_row row_height_percent=&#8221;0&#8243; override_padding=&#8221;yes&#8221; h_padding=&#8221;2&#8243; top_padding=&#8221;7&#8243; bottom_padding=&#8221;2&#8243; overlay_alpha=&#8221;50&#8243; gutter_size=&#8221;3&#8243; column_width_percent=&#8221;100&#8243; shift_y=&#8221;0&#8243; z_index=&#8221;0&#8243; uncode_shortcode_id=&#8221;128063&#8243; shape_dividers=&#8221;&#8221;][vc_column][vc_empty_space empty_h=&#8221;2&#8243;][vc_custom_heading auto_text=&#8221;yes&#8221; text_size=&#8221;h3&#8243; uncode_shortcode_id=&#8221;190583&#8243;]This is a custom [&hellip;]<\/p>\n","protected":false},"author":1,"featured_media":0,"parent":0,"menu_order":0,"comment_status":"closed","ping_status":"closed","template":"","meta":{"footnotes":""},"class_list":["post-118996","page","type-page","status-publish","hentry"],"yoast_head":"<!-- This site is optimized with the Yoast SEO plugin v27.3 - https:\/\/yoast.com\/product\/yoast-seo-wordpress\/ -->\n<title>Aviso Legal | Cultius Pon\u00e7<\/title>\n<meta name=\"robots\" content=\"index, follow, max-snippet:-1, max-image-preview:large, max-video-preview:-1\" \/>\n<link rel=\"canonical\" href=\"https:\/\/cultiusponc.com\/ar\/aviso-legal\/\" \/>\n<meta property=\"og:locale\" content=\"ar_AR\" \/>\n<meta property=\"og:type\" content=\"article\" \/>\n<meta property=\"og:title\" content=\"Aviso Legal | Cultius Pon\u00e7\" \/>\n<meta property=\"og:description\" content=\"[vc_row row_height_percent=&#8221;0&#8243; override_padding=&#8221;yes&#8221; h_padding=&#8221;2&#8243; top_padding=&#8221;7&#8243; bottom_padding=&#8221;2&#8243; overlay_alpha=&#8221;50&#8243; gutter_size=&#8221;3&#8243; column_width_percent=&#8221;100&#8243; shift_y=&#8221;0&#8243; z_index=&#8221;0&#8243; uncode_shortcode_id=&#8221;128063&#8243; shape_dividers=&#8221;&#8221;][vc_column][vc_empty_space empty_h=&#8221;2&#8243;][vc_custom_heading auto_text=&#8221;yes&#8221; text_size=&#8221;h3&#8243; uncode_shortcode_id=&#8221;190583&#8243;]This is a custom [&hellip;]\" \/>\n<meta property=\"og:url\" content=\"https:\/\/cultiusponc.com\/ar\/aviso-legal\/\" \/>\n<meta property=\"og:site_name\" content=\"Cultius Pon\u00e7\" \/>\n<meta name=\"twitter:card\" content=\"summary_large_image\" \/>\n<meta name=\"twitter:label1\" content=\"\u0648\u0642\u062a \u0627\u0644\u0642\u0631\u0627\u0621\u0629 \u0627\u0644\u0645\u064f\u0642\u062f\u0651\u0631\" \/>\n\t<meta name=\"twitter:data1\" content=\"6 \u062f\u0642\u0627\u0626\u0642\" \/>\n<script type=\"application\/ld+json\" class=\"yoast-schema-graph\">{\"@context\":\"https:\\\/\\\/schema.org\",\"@graph\":[{\"@type\":\"WebPage\",\"@id\":\"https:\\\/\\\/cultiusponc.com\\\/ar\\\/aviso-legal\\\/\",\"url\":\"https:\\\/\\\/cultiusponc.com\\\/ar\\\/aviso-legal\\\/\",\"name\":\"Aviso Legal | Cultius Pon\u00e7\",\"isPartOf\":{\"@id\":\"https:\\\/\\\/cultiusponc.com\\\/ar\\\/#website\"},\"datePublished\":\"2023-01-23T16:40:11+00:00\",\"breadcrumb\":{\"@id\":\"https:\\\/\\\/cultiusponc.com\\\/ar\\\/aviso-legal\\\/#breadcrumb\"},\"inLanguage\":\"ar\",\"potentialAction\":[{\"@type\":\"ReadAction\",\"target\":[\"https:\\\/\\\/cultiusponc.com\\\/ar\\\/aviso-legal\\\/\"]}]},{\"@type\":\"BreadcrumbList\",\"@id\":\"https:\\\/\\\/cultiusponc.com\\\/ar\\\/aviso-legal\\\/#breadcrumb\",\"itemListElement\":[{\"@type\":\"ListItem\",\"position\":1,\"name\":\"Inici\",\"item\":\"https:\\\/\\\/cultiusponc.com\\\/ar\\\/\"},{\"@type\":\"ListItem\",\"position\":2,\"name\":\"Aviso Legal\"}]},{\"@type\":\"WebSite\",\"@id\":\"https:\\\/\\\/cultiusponc.com\\\/ar\\\/#website\",\"url\":\"https:\\\/\\\/cultiusponc.com\\\/ar\\\/\",\"name\":\"Cultius Pon\u00e7\",\"description\":\"Garden i vivers | Exemplars, palmeres, oliveres i accessoris per a jardins\",\"publisher\":{\"@id\":\"https:\\\/\\\/cultiusponc.com\\\/ar\\\/#organization\"},\"potentialAction\":[{\"@type\":\"SearchAction\",\"target\":{\"@type\":\"EntryPoint\",\"urlTemplate\":\"https:\\\/\\\/cultiusponc.com\\\/ar\\\/?s={search_term_string}\"},\"query-input\":{\"@type\":\"PropertyValueSpecification\",\"valueRequired\":true,\"valueName\":\"search_term_string\"}}],\"inLanguage\":\"ar\"},{\"@type\":\"Organization\",\"@id\":\"https:\\\/\\\/cultiusponc.com\\\/ar\\\/#organization\",\"name\":\"Cultius Pon\u00e7\",\"url\":\"https:\\\/\\\/cultiusponc.com\\\/ar\\\/\",\"logo\":{\"@type\":\"ImageObject\",\"inLanguage\":\"ar\",\"@id\":\"https:\\\/\\\/cultiusponc.com\\\/ar\\\/#\\\/schema\\\/logo\\\/image\\\/\",\"url\":\"https:\\\/\\\/cultiusponc.com\\\/wp-content\\\/uploads\\\/2022\\\/11\\\/Logo-cultius-ponc.svg\",\"contentUrl\":\"https:\\\/\\\/cultiusponc.com\\\/wp-content\\\/uploads\\\/2022\\\/11\\\/Logo-cultius-ponc.svg\",\"width\":1,\"height\":1,\"caption\":\"Cultius Pon\u00e7\"},\"image\":{\"@id\":\"https:\\\/\\\/cultiusponc.com\\\/ar\\\/#\\\/schema\\\/logo\\\/image\\\/\"},\"sameAs\":[\"https:\\\/\\\/www.instagram.com\\\/cultius_ponc\\\/\",\"https:\\\/\\\/cultiusponc.com\"]}]}<\/script>\n<!-- \/ Yoast SEO plugin. -->","yoast_head_json":{"title":"Aviso Legal | Cultius Pon\u00e7","robots":{"index":"index","follow":"follow","max-snippet":"max-snippet:-1","max-image-preview":"max-image-preview:large","max-video-preview":"max-video-preview:-1"},"canonical":"https:\/\/cultiusponc.com\/ar\/aviso-legal\/","og_locale":"ar_AR","og_type":"article","og_title":"Aviso Legal | Cultius Pon\u00e7","og_description":"[vc_row row_height_percent=&#8221;0&#8243; override_padding=&#8221;yes&#8221; h_padding=&#8221;2&#8243; top_padding=&#8221;7&#8243; bottom_padding=&#8221;2&#8243; overlay_alpha=&#8221;50&#8243; gutter_size=&#8221;3&#8243; column_width_percent=&#8221;100&#8243; shift_y=&#8221;0&#8243; z_index=&#8221;0&#8243; uncode_shortcode_id=&#8221;128063&#8243; shape_dividers=&#8221;&#8221;][vc_column][vc_empty_space empty_h=&#8221;2&#8243;][vc_custom_heading auto_text=&#8221;yes&#8221; text_size=&#8221;h3&#8243; uncode_shortcode_id=&#8221;190583&#8243;]This is a custom [&hellip;]","og_url":"https:\/\/cultiusponc.com\/ar\/aviso-legal\/","og_site_name":"Cultius Pon\u00e7","twitter_card":"summary_large_image","twitter_misc":{"\u0648\u0642\u062a \u0627\u0644\u0642\u0631\u0627\u0621\u0629 \u0627\u0644\u0645\u064f\u0642\u062f\u0651\u0631":"6 \u062f\u0642\u0627\u0626\u0642"},"schema":{"@context":"https:\/\/schema.org","@graph":[{"@type":"WebPage","@id":"https:\/\/cultiusponc.com\/ar\/aviso-legal\/","url":"https:\/\/cultiusponc.com\/ar\/aviso-legal\/","name":"Aviso Legal | Cultius Pon\u00e7","isPartOf":{"@id":"https:\/\/cultiusponc.com\/ar\/#website"},"datePublished":"2023-01-23T16:40:11+00:00","breadcrumb":{"@id":"https:\/\/cultiusponc.com\/ar\/aviso-legal\/#breadcrumb"},"inLanguage":"ar","potentialAction":[{"@type":"ReadAction","target":["https:\/\/cultiusponc.com\/ar\/aviso-legal\/"]}]},{"@type":"BreadcrumbList","@id":"https:\/\/cultiusponc.com\/ar\/aviso-legal\/#breadcrumb","itemListElement":[{"@type":"ListItem","position":1,"name":"Inici","item":"https:\/\/cultiusponc.com\/ar\/"},{"@type":"ListItem","position":2,"name":"Aviso Legal"}]},{"@type":"WebSite","@id":"https:\/\/cultiusponc.com\/ar\/#website","url":"https:\/\/cultiusponc.com\/ar\/","name":"Cultius Pon\u00e7","description":"Garden i vivers | Exemplars, palmeres, oliveres i accessoris per a jardins","publisher":{"@id":"https:\/\/cultiusponc.com\/ar\/#organization"},"potentialAction":[{"@type":"SearchAction","target":{"@type":"EntryPoint","urlTemplate":"https:\/\/cultiusponc.com\/ar\/?s={search_term_string}"},"query-input":{"@type":"PropertyValueSpecification","valueRequired":true,"valueName":"search_term_string"}}],"inLanguage":"ar"},{"@type":"Organization","@id":"https:\/\/cultiusponc.com\/ar\/#organization","name":"Cultius Pon\u00e7","url":"https:\/\/cultiusponc.com\/ar\/","logo":{"@type":"ImageObject","inLanguage":"ar","@id":"https:\/\/cultiusponc.com\/ar\/#\/schema\/logo\/image\/","url":"https:\/\/cultiusponc.com\/wp-content\/uploads\/2022\/11\/Logo-cultius-ponc.svg","contentUrl":"https:\/\/cultiusponc.com\/wp-content\/uploads\/2022\/11\/Logo-cultius-ponc.svg","width":1,"height":1,"caption":"Cultius Pon\u00e7"},"image":{"@id":"https:\/\/cultiusponc.com\/ar\/#\/schema\/logo\/image\/"},"sameAs":["https:\/\/www.instagram.com\/cultius_ponc\/","https:\/\/cultiusponc.com"]}]}},"_links":{"self":[{"href":"https:\/\/cultiusponc.com\/ar\/wp-json\/wp\/v2\/pages\/118996","targetHints":{"allow":["GET"]}}],"collection":[{"href":"https:\/\/cultiusponc.com\/ar\/wp-json\/wp\/v2\/pages"}],"about":[{"href":"https:\/\/cultiusponc.com\/ar\/wp-json\/wp\/v2\/types\/page"}],"author":[{"embeddable":true,"href":"https:\/\/cultiusponc.com\/ar\/wp-json\/wp\/v2\/users\/1"}],"replies":[{"embeddable":true,"href":"https:\/\/cultiusponc.com\/ar\/wp-json\/wp\/v2\/comments?post=118996"}],"version-history":[{"count":0,"href":"https:\/\/cultiusponc.com\/ar\/wp-json\/wp\/v2\/pages\/118996\/revisions"}],"wp:attachment":[{"href":"https:\/\/cultiusponc.com\/ar\/wp-json\/wp\/v2\/media?parent=118996"}],"curies":[{"name":"wp","href":"https:\/\/api.w.org\/{rel}","templated":true}]}}